{"id":403138,"date":"2026-04-05T14:48:59","date_gmt":"2026-04-05T12:48:59","guid":{"rendered":"https:\/\/bogensportdiscount.ch\/produkt\/horse-bows-traditional-bamboo-matt-finish-sada-52-25-lbs-ambidextrous-d-75-string-incl\/"},"modified":"2026-04-19T11:54:00","modified_gmt":"2026-04-19T09:54:00","slug":"oakridge-reiterbogen-traditional-bamboo-matt-finish-sada-52","status":"publish","type":"product","link":"https:\/\/bogensportdiscount.ch\/it\/prodotto\/oakridge-reiterbogen-traditional-bamboo-matt-finish-sada-52\/","title":{"rendered":"OAKRIDGE Reiterbogen Traditional Bamboo Matt Finish Sada 52&#8243;"},"content":{"rendered":"<p>L'OAKRIDGE Sada \u00e8 un arco da cavallo tradizionale con una lunghezza di 52 pollici. Il modello dispone di un'anima in bamb\u00f9 e una superficie opaca che offre una sensazione tattile robusta e antiscivolo. L'arco \u00e8 disponibile in vari pesi di trazione e si adatta a diversi livelli di esperienza.<\/p>\n<p>Gli archi da cavallo si distinguono per la loro costruzione compatta, che consente una facile manovrabilit\u00e0 anche a cavallo. Il Sada segue questa tradizione e offre, grazie al bamb\u00f9 come materiale del nucleo, buone propriet\u00e0 di ritorno nonch\u00e9 un aspetto naturale.<\/p>\n<ul>\n<li>Lunghezza arco: 52 pollici<\/li>\n<li>Nucleo in bamb\u00f9 con superficie opaca<\/li>\n<li>Pesi di trazione: 25, 30, 35, 40, 45, 50 e 55 LBS<\/li>\n<li>Arco da cavallo tradizionale per il tiro con l'arco classico<\/li>\n<\/ul>","protected":false},"excerpt":{"rendered":"<p>L'OAKRIDGE Sada \u00e8 un arco da cavallo tradizionale con nucleo in bamb\u00f9 e superficie opaca. Con una lunghezza di 52 pollici \u00e8 progettato per il tiro con l'arco da cavallo classico. Disponibile in pesi di trazione da 25 a 55 LBS.<\/p>","protected":false},"featured_media":450377,"comment_status":"open","ping_status":"closed","template":"","meta":[],"product_brand":[569],"product_cat":[3463],"product_tag":[],"class_list":{"0":"post-403138","1":"product","2":"type-product","3":"status-publish","4":"has-post-thumbnail","6":"product_brand-oakridge","7":"product_cat-reiterboegen","9":"first","10":"instock","11":"shipping-taxable","12":"purchasable","13":"product-type-variable"},"yoast_head":"<!-- This site is optimized with the Yoast SEO plugin v27.4 - https:\/\/yoast.com\/product\/yoast-seo-wordpress\/ -->\n<title>OAKRIDGE Reiterbogen Traditional Bamboo Matt Finish Sada 52&quot; - Bogensportdiscount \u2013 B\u00f6gen, Pfeile, Targets &amp; Zubeh\u00f6r<\/title>\n<meta name=\"robots\" content=\"noindex, follow, max-snippet:-1, max-image-preview:large, max-video-preview:-1\" \/>\n<meta property=\"og:locale\" content=\"it_IT\" \/>\n<meta property=\"og:type\" content=\"article\" \/>\n<meta property=\"og:title\" content=\"OAKRIDGE Reiterbogen Traditional Bamboo Matt Finish Sada 52&quot; - Bogensportdiscount \u2013 B\u00f6gen, Pfeile, Targets &amp; Zubeh\u00f6r\" \/>\n<meta property=\"og:description\" content=\"Der OAKRIDGE Sada ist ein traditioneller Reiterbogen mit Bambuskern und matter Oberfl\u00e4che. Mit einer Bogenl\u00e4nge von 52 Zoll ist er f\u00fcr den klassischen Reiterbogensport ausgelegt. Erh\u00e4ltlich in Zuggewichten von 25 bis 55 LBS.\" \/>\n<meta property=\"og:url\" content=\"https:\/\/bogensportdiscount.ch\/it\/prodotto\/oakridge-reiterbogen-traditional-bamboo-matt-finish-sada-52\/\" \/>\n<meta property=\"og:site_name\" content=\"Bogensportdiscount \u2013 B\u00f6gen, Pfeile, Targets &amp; Zubeh\u00f6r\" \/>\n<meta property=\"article:modified_time\" content=\"2026-04-19T09:54:00+00:00\" \/>\n<meta property=\"og:image\" content=\"https:\/\/bogensportdiscount.ch\/wp-content\/uploads\/bsm-images\/A034530_1.png\" \/>\n\t<meta property=\"og:image:width\" content=\"400\" \/>\n\t<meta property=\"og:image:height\" content=\"1181\" \/>\n\t<meta property=\"og:image:type\" content=\"image\/png\" \/>\n<meta name=\"twitter:card\" content=\"summary_large_image\" \/>\n<script type=\"application\/ld+json\" class=\"yoast-schema-graph\">{\"@context\":\"https:\\\/\\\/schema.org\",\"@graph\":[{\"@type\":\"WebPage\",\"@id\":\"https:\\\/\\\/bogensportdiscount.ch\\\/it\\\/prodotto\\\/oakridge-reiterbogen-traditional-bamboo-matt-finish-sada-52\\\/\",\"url\":\"https:\\\/\\\/bogensportdiscount.ch\\\/it\\\/prodotto\\\/oakridge-reiterbogen-traditional-bamboo-matt-finish-sada-52\\\/\",\"name\":\"OAKRIDGE Reiterbogen Traditional Bamboo Matt Finish Sada 52\\\" - Bogensportdiscount \u2013 B\u00f6gen, Pfeile, Targets &amp; Zubeh\u00f6r\",\"isPartOf\":{\"@id\":\"https:\\\/\\\/bogensportdiscount.ch\\\/#website\"},\"primaryImageOfPage\":{\"@id\":\"https:\\\/\\\/bogensportdiscount.ch\\\/it\\\/prodotto\\\/oakridge-reiterbogen-traditional-bamboo-matt-finish-sada-52\\\/#primaryimage\"},\"image\":{\"@id\":\"https:\\\/\\\/bogensportdiscount.ch\\\/it\\\/prodotto\\\/oakridge-reiterbogen-traditional-bamboo-matt-finish-sada-52\\\/#primaryimage\"},\"thumbnailUrl\":\"https:\\\/\\\/bogensportdiscount.ch\\\/wp-content\\\/uploads\\\/bsm-images\\\/A034530_1.png\",\"datePublished\":\"2026-04-05T12:48:59+00:00\",\"dateModified\":\"2026-04-19T09:54:00+00:00\",\"breadcrumb\":{\"@id\":\"https:\\\/\\\/bogensportdiscount.ch\\\/it\\\/prodotto\\\/oakridge-reiterbogen-traditional-bamboo-matt-finish-sada-52\\\/#breadcrumb\"},\"inLanguage\":\"it-IT\",\"potentialAction\":[{\"@type\":\"ReadAction\",\"target\":[\"https:\\\/\\\/bogensportdiscount.ch\\\/it\\\/prodotto\\\/oakridge-reiterbogen-traditional-bamboo-matt-finish-sada-52\\\/\"]}]},{\"@type\":\"ImageObject\",\"inLanguage\":\"it-IT\",\"@id\":\"https:\\\/\\\/bogensportdiscount.ch\\\/it\\\/prodotto\\\/oakridge-reiterbogen-traditional-bamboo-matt-finish-sada-52\\\/#primaryimage\",\"url\":\"https:\\\/\\\/bogensportdiscount.ch\\\/wp-content\\\/uploads\\\/bsm-images\\\/A034530_1.png\",\"contentUrl\":\"https:\\\/\\\/bogensportdiscount.ch\\\/wp-content\\\/uploads\\\/bsm-images\\\/A034530_1.png\",\"width\":400,\"height\":1181},{\"@type\":\"BreadcrumbList\",\"@id\":\"https:\\\/\\\/bogensportdiscount.ch\\\/it\\\/prodotto\\\/oakridge-reiterbogen-traditional-bamboo-matt-finish-sada-52\\\/#breadcrumb\",\"itemListElement\":[{\"@type\":\"ListItem\",\"position\":1,\"name\":\"Home\",\"item\":\"https:\\\/\\\/bogensportdiscount.ch\\\/\"},{\"@type\":\"ListItem\",\"position\":2,\"name\":\"Shop\",\"item\":\"https:\\\/\\\/bogensportdiscount.ch\\\/shop\\\/\"},{\"@type\":\"ListItem\",\"position\":3,\"name\":\"OAKRIDGE Reiterbogen Traditional Bamboo Matt Finish Sada 52&#8243;\"}]},{\"@type\":\"WebSite\",\"@id\":\"https:\\\/\\\/bogensportdiscount.ch\\\/#website\",\"url\":\"https:\\\/\\\/bogensportdiscount.ch\\\/\",\"name\":\"Bogensportdiscount\",\"description\":\"\",\"potentialAction\":[{\"@type\":\"SearchAction\",\"target\":{\"@type\":\"EntryPoint\",\"urlTemplate\":\"https:\\\/\\\/bogensportdiscount.ch\\\/?s={search_term_string}\"},\"query-input\":{\"@type\":\"PropertyValueSpecification\",\"valueRequired\":true,\"valueName\":\"search_term_string\"}}],\"inLanguage\":\"it-IT\"}]}<\/script>\n<!-- \/ Yoast SEO plugin. -->","yoast_head_json":{"title":"OAKRIDGE Reiterbogen Traditional Bamboo Matt Finish Sada 52\" - Bogensportdiscount \u2013 B\u00f6gen, Pfeile, Targets &amp; Zubeh\u00f6r","robots":{"index":"noindex","follow":"follow","max-snippet":"max-snippet:-1","max-image-preview":"max-image-preview:large","max-video-preview":"max-video-preview:-1"},"og_locale":"it_IT","og_type":"article","og_title":"OAKRIDGE Reiterbogen Traditional Bamboo Matt Finish Sada 52\" - Bogensportdiscount \u2013 B\u00f6gen, Pfeile, Targets &amp; Zubeh\u00f6r","og_description":"Der OAKRIDGE Sada ist ein traditioneller Reiterbogen mit Bambuskern und matter Oberfl\u00e4che. Mit einer Bogenl\u00e4nge von 52 Zoll ist er f\u00fcr den klassischen Reiterbogensport ausgelegt. Erh\u00e4ltlich in Zuggewichten von 25 bis 55 LBS.","og_url":"https:\/\/bogensportdiscount.ch\/it\/prodotto\/oakridge-reiterbogen-traditional-bamboo-matt-finish-sada-52\/","og_site_name":"Bogensportdiscount \u2013 B\u00f6gen, Pfeile, Targets &amp; Zubeh\u00f6r","article_modified_time":"2026-04-19T09:54:00+00:00","og_image":[{"width":400,"height":1181,"url":"https:\/\/bogensportdiscount.ch\/wp-content\/uploads\/bsm-images\/A034530_1.png","type":"image\/png"}],"twitter_card":"summary_large_image","schema":{"@context":"https:\/\/schema.org","@graph":[{"@type":"WebPage","@id":"https:\/\/bogensportdiscount.ch\/it\/prodotto\/oakridge-reiterbogen-traditional-bamboo-matt-finish-sada-52\/","url":"https:\/\/bogensportdiscount.ch\/it\/prodotto\/oakridge-reiterbogen-traditional-bamboo-matt-finish-sada-52\/","name":"OAKRIDGE Reiterbogen Traditional Bamboo Matt Finish Sada 52\" - Bogensportdiscount \u2013 B\u00f6gen, Pfeile, Targets &amp; Zubeh\u00f6r","isPartOf":{"@id":"https:\/\/bogensportdiscount.ch\/#website"},"primaryImageOfPage":{"@id":"https:\/\/bogensportdiscount.ch\/it\/prodotto\/oakridge-reiterbogen-traditional-bamboo-matt-finish-sada-52\/#primaryimage"},"image":{"@id":"https:\/\/bogensportdiscount.ch\/it\/prodotto\/oakridge-reiterbogen-traditional-bamboo-matt-finish-sada-52\/#primaryimage"},"thumbnailUrl":"https:\/\/bogensportdiscount.ch\/wp-content\/uploads\/bsm-images\/A034530_1.png","datePublished":"2026-04-05T12:48:59+00:00","dateModified":"2026-04-19T09:54:00+00:00","breadcrumb":{"@id":"https:\/\/bogensportdiscount.ch\/it\/prodotto\/oakridge-reiterbogen-traditional-bamboo-matt-finish-sada-52\/#breadcrumb"},"inLanguage":"it-IT","potentialAction":[{"@type":"ReadAction","target":["https:\/\/bogensportdiscount.ch\/it\/prodotto\/oakridge-reiterbogen-traditional-bamboo-matt-finish-sada-52\/"]}]},{"@type":"ImageObject","inLanguage":"it-IT","@id":"https:\/\/bogensportdiscount.ch\/it\/prodotto\/oakridge-reiterbogen-traditional-bamboo-matt-finish-sada-52\/#primaryimage","url":"https:\/\/bogensportdiscount.ch\/wp-content\/uploads\/bsm-images\/A034530_1.png","contentUrl":"https:\/\/bogensportdiscount.ch\/wp-content\/uploads\/bsm-images\/A034530_1.png","width":400,"height":1181},{"@type":"BreadcrumbList","@id":"https:\/\/bogensportdiscount.ch\/it\/prodotto\/oakridge-reiterbogen-traditional-bamboo-matt-finish-sada-52\/#breadcrumb","itemListElement":[{"@type":"ListItem","position":1,"name":"Home","item":"https:\/\/bogensportdiscount.ch\/"},{"@type":"ListItem","position":2,"name":"Shop","item":"https:\/\/bogensportdiscount.ch\/shop\/"},{"@type":"ListItem","position":3,"name":"OAKRIDGE Reiterbogen Traditional Bamboo Matt Finish Sada 52&#8243;"}]},{"@type":"WebSite","@id":"https:\/\/bogensportdiscount.ch\/#website","url":"https:\/\/bogensportdiscount.ch\/","name":"Bogensportdiscount","description":"","potentialAction":[{"@type":"SearchAction","target":{"@type":"EntryPoint","urlTemplate":"https:\/\/bogensportdiscount.ch\/?s={search_term_string}"},"query-input":{"@type":"PropertyValueSpecification","valueRequired":true,"valueName":"search_term_string"}}],"inLanguage":"it-IT"}]}},"_links":{"self":[{"href":"https:\/\/bogensportdiscount.ch\/it\/wp-json\/wp\/v2\/product\/403138","targetHints":{"allow":["GET"]}}],"collection":[{"href":"https:\/\/bogensportdiscount.ch\/it\/wp-json\/wp\/v2\/product"}],"about":[{"href":"https:\/\/bogensportdiscount.ch\/it\/wp-json\/wp\/v2\/types\/product"}],"replies":[{"embeddable":true,"href":"https:\/\/bogensportdiscount.ch\/it\/wp-json\/wp\/v2\/comments?post=403138"}],"wp:featuredmedia":[{"embeddable":true,"href":"https:\/\/bogensportdiscount.ch\/it\/wp-json\/wp\/v2\/media\/450377"}],"wp:attachment":[{"href":"https:\/\/bogensportdiscount.ch\/it\/wp-json\/wp\/v2\/media?parent=403138"}],"wp:term":[{"taxonomy":"product_brand","embeddable":true,"href":"https:\/\/bogensportdiscount.ch\/it\/wp-json\/wp\/v2\/product_brand?post=403138"},{"taxonomy":"product_cat","embeddable":true,"href":"https:\/\/bogensportdiscount.ch\/it\/wp-json\/wp\/v2\/product_cat?post=403138"},{"taxonomy":"product_tag","embeddable":true,"href":"https:\/\/bogensportdiscount.ch\/it\/wp-json\/wp\/v2\/product_tag?post=403138"}],"curies":[{"name":"wp","href":"https:\/\/api.w.org\/{rel}","templated":true}]}}