{"id":403060,"date":"2026-04-05T14:48:51","date_gmt":"2026-04-05T12:48:51","guid":{"rendered":"https:\/\/bogensportdiscount.ch\/produkt\/tab-parts-saker-i-cordovan-leather-rh-x-small\/"},"modified":"2026-04-17T19:13:07","modified_gmt":"2026-04-17T17:13:07","slug":"fivics-tab-ersatzleder-saker-i-cordovan","status":"publish","type":"product","link":"https:\/\/bogensportdiscount.ch\/it\/prodotto\/fivics-tab-ersatzleder-saker-i-cordovan\/","title":{"rendered":"FIVICS Linguetta di ricambio in pelle Saker I Cordovan"},"content":{"rendered":"<p>Das FIVICS Saker I Cordovan-Ersatzleder ist ein hochwertiges Austauschleder f\u00fcr den FIVICS Saker I Finger-Tab. Es besteht aus Cordovan-Leder, das f\u00fcr seine Robustheit und glatte Oberfl\u00e4che bekannt ist und einen gleichm\u00e4ssigen Sehnenabzug erm\u00f6glicht.<\/p>\n<p>Das Ersatzleder ist in den Gr\u00f6ssen S, M, L und XL sowie f\u00fcr Links- und Rechtshand erh\u00e4ltlich, sodass es f\u00fcr ein breites Spektrum an Sch\u00fctzinnen und Sch\u00fctzen geeignet ist. Es wird in S\u00fcdkorea gefertigt.<\/p>\n<ul>\n<li>Cordovan-Leder f\u00fcr eine gleichm\u00e4ssige, glatte Abzugsfl\u00e4che<\/li>\n<li>Kompatibel mit dem FIVICS Saker I Tab<\/li>\n<li>Verf\u00fcgbar f\u00fcr Links- und Rechtshand<\/li>\n<li>Gr\u00f6ssen S, M, L und XL erh\u00e4ltlich<\/li>\n<\/ul>","protected":false},"excerpt":{"rendered":"<table>\n<tr>\n<th>Propriet\u00e0<\/th>\n<th>Valore<\/th>\n<\/tr>\n<tr>\n<td>Marchio<\/td>\n<td>FIVICS<\/td>\n<\/tr>\n<tr>\n<td>Modell<\/td>\n<td>Saker I<\/td>\n<\/tr>\n<tr>\n<td>Materiale<\/td>\n<td>Cordovan-Leder<\/td>\n<\/tr>\n<tr>\n<td>Origine<\/td>\n<td>S\u00fcdkorea<\/td>\n<\/tr>\n<tr>\n<td>Mano<\/td>\n<td>Linkshand (LH) \/ Rechtshand (RH)<\/td>\n<\/tr>\n<tr>\n<td>Dimensione<\/td>\n<td>S, M, L, XL<\/td>\n<\/tr>\n<\/table>","protected":false},"featured_media":450365,"comment_status":"open","ping_status":"closed","template":"","meta":[],"product_brand":[429],"product_cat":[4252],"product_tag":[],"class_list":{"0":"post-403060","1":"product","2":"type-product","3":"status-publish","4":"has-post-thumbnail","6":"product_brand-fivics","7":"product_cat-einzelteile-fuer-finger-tabs","9":"first","10":"instock","11":"shipping-taxable","12":"purchasable","13":"product-type-variable"},"_links":{"self":[{"href":"https:\/\/bogensportdiscount.ch\/it\/wp-json\/wp\/v2\/product\/403060","targetHints":{"allow":["GET"]}}],"collection":[{"href":"https:\/\/bogensportdiscount.ch\/it\/wp-json\/wp\/v2\/product"}],"about":[{"href":"https:\/\/bogensportdiscount.ch\/it\/wp-json\/wp\/v2\/types\/product"}],"replies":[{"embeddable":true,"href":"https:\/\/bogensportdiscount.ch\/it\/wp-json\/wp\/v2\/comments?post=403060"}],"wp:featuredmedia":[{"embeddable":true,"href":"https:\/\/bogensportdiscount.ch\/it\/wp-json\/wp\/v2\/media\/450365"}],"wp:attachment":[{"href":"https:\/\/bogensportdiscount.ch\/it\/wp-json\/wp\/v2\/media?parent=403060"}],"wp:term":[{"taxonomy":"product_brand","embeddable":true,"href":"https:\/\/bogensportdiscount.ch\/it\/wp-json\/wp\/v2\/product_brand?post=403060"},{"taxonomy":"product_cat","embeddable":true,"href":"https:\/\/bogensportdiscount.ch\/it\/wp-json\/wp\/v2\/product_cat?post=403060"},{"taxonomy":"product_tag","embeddable":true,"href":"https:\/\/bogensportdiscount.ch\/it\/wp-json\/wp\/v2\/product_tag?post=403060"}],"curies":[{"name":"wp","href":"https:\/\/api.w.org\/{rel}","templated":true}]}}