{"id":403049,"date":"2026-04-05T14:48:50","date_gmt":"2026-04-05T12:48:50","guid":{"rendered":"https:\/\/bogensportdiscount.ch\/produkt\/tab-parts-saker-i-back-leather-ambidextrous-x-small\/"},"modified":"2026-04-17T19:13:06","modified_gmt":"2026-04-17T17:13:06","slug":"fivics-tab-ersatzteil-saker-i-rueckleder","status":"publish","type":"product","link":"https:\/\/bogensportdiscount.ch\/it\/prodotto\/fivics-tab-ersatzteil-saker-i-rueckleder\/","title":{"rendered":"FIVICS TAB PARTS SAKER I RETRO PELLE LH"},"content":{"rendered":"<p>Das FIVICS Saker I R\u00fcckleder ist ein Ersatzteil f\u00fcr den Saker I Tab und erm\u00f6glicht den einfachen Austausch des r\u00fcckseitigen Leders, wenn dieses durch regelm\u00e4ssigen Gebrauch abgenutzt ist.<\/p>\n<p>Das Leder wird auf der R\u00fcckseite des Tabs befestigt und tr\u00e4gt zum Tragekomfort sowie zur Stabilit\u00e4t des Fingerschutzes bei. Es ist in vier Gr\u00f6ssen erh\u00e4ltlich, sodass eine passgenaue Montage f\u00fcr verschiedene Handgr\u00f6ssen m\u00f6glich ist.<\/p>\n<ul>\n<li>Ersatzteil f\u00fcr den FIVICS Saker I Tab<\/li>\n<li>R\u00fcckseitiges Leder f\u00fcr Komfort und Stabilit\u00e4t<\/li>\n<li>Erh\u00e4ltlich in S, M, L und XL<\/li>\n<li>Herkunft: S\u00fcdkorea<\/li>\n<\/ul>","protected":false},"excerpt":{"rendered":"<p>Ersatz-R\u00fcckleder f\u00fcr den FIVICS Saker I Fingerschutz-Tab. Erh\u00e4ltlich in den Gr\u00f6ssen S, M, L und XL. Hergestellt in S\u00fcdkorea.<\/p>","protected":false},"featured_media":439843,"comment_status":"open","ping_status":"closed","template":"","meta":[],"product_brand":[429],"product_cat":[4252],"product_tag":[],"class_list":{"0":"post-403049","1":"product","2":"type-product","3":"status-publish","4":"has-post-thumbnail","6":"product_brand-fivics","7":"product_cat-einzelteile-fuer-finger-tabs","9":"first","10":"instock","11":"shipping-taxable","12":"purchasable","13":"product-type-variable"},"_links":{"self":[{"href":"https:\/\/bogensportdiscount.ch\/it\/wp-json\/wp\/v2\/product\/403049","targetHints":{"allow":["GET"]}}],"collection":[{"href":"https:\/\/bogensportdiscount.ch\/it\/wp-json\/wp\/v2\/product"}],"about":[{"href":"https:\/\/bogensportdiscount.ch\/it\/wp-json\/wp\/v2\/types\/product"}],"replies":[{"embeddable":true,"href":"https:\/\/bogensportdiscount.ch\/it\/wp-json\/wp\/v2\/comments?post=403049"}],"wp:featuredmedia":[{"embeddable":true,"href":"https:\/\/bogensportdiscount.ch\/it\/wp-json\/wp\/v2\/media\/439843"}],"wp:attachment":[{"href":"https:\/\/bogensportdiscount.ch\/it\/wp-json\/wp\/v2\/media?parent=403049"}],"wp:term":[{"taxonomy":"product_brand","embeddable":true,"href":"https:\/\/bogensportdiscount.ch\/it\/wp-json\/wp\/v2\/product_brand?post=403049"},{"taxonomy":"product_cat","embeddable":true,"href":"https:\/\/bogensportdiscount.ch\/it\/wp-json\/wp\/v2\/product_cat?post=403049"},{"taxonomy":"product_tag","embeddable":true,"href":"https:\/\/bogensportdiscount.ch\/it\/wp-json\/wp\/v2\/product_tag?post=403049"}],"curies":[{"name":"wp","href":"https:\/\/api.w.org\/{rel}","templated":true}]}}