{"id":403018,"date":"2026-04-05T14:48:47","date_gmt":"2026-04-05T12:48:47","guid":{"rendered":"https:\/\/bogensportdiscount.ch\/produkt\/olympic-recurve-tab-saker-1-cordovan-rh-xx-small-green\/"},"modified":"2026-04-17T19:13:06","modified_gmt":"2026-04-17T17:13:06","slug":"fivics-olympic-recurve-tab-saker-1-cordovan","status":"publish","type":"product","link":"https:\/\/bogensportdiscount.ch\/it\/prodotto\/fivics-olympic-recurve-tab-saker-1-cordovan\/","title":{"rendered":"FIVICS OLYMPIC RECURVE TAB SAKER 1 CORDOVAN"},"content":{"rendered":"<p>Der FIVICS Saker 1 Cordovan ist ein Fingerschutz-Tab f\u00fcr das Olympic-Recurve-Schiessen. Das Obermaterial besteht aus Cordovan-Leder, das f\u00fcr seine Langlebigkeit und angenehme Haptik bekannt ist und eine gleichm\u00e4ssige Zugfinger-F\u00fchrung unterst\u00fctzt.<\/p>\n<p>Der Tab ist in vier Gr\u00f6ssen (S, M, L, XL) sowie in einer Links- und Rechtsh\u00e4ndervariante erh\u00e4ltlich, sodass er f\u00fcr eine breite Palette von Bogensch\u00fctzinnen und Bogensch\u00fctzen geeignet ist. Die verschiedenen Farboptionen erm\u00f6glichen eine pers\u00f6nliche Auswahl.<\/p>\n<ul>\n<li>Material: Cordovan-Leder<\/li>\n<li>Verf\u00fcgbar f\u00fcr Links- und Rechtshand<\/li>\n<li>Gr\u00f6ssen: S, M, L, XL<\/li>\n<li>Erh\u00e4ltlich in sechs Farben<\/li>\n<\/ul>","protected":false},"excerpt":{"rendered":"<p><strong>Marchio:<\/strong> Fivics<\/p>","protected":false},"featured_media":450361,"comment_status":"open","ping_status":"closed","template":"","meta":[],"product_brand":[429],"product_cat":[4441],"product_tag":[],"class_list":{"0":"post-403018","1":"product","2":"type-product","3":"status-publish","4":"has-post-thumbnail","6":"product_brand-fivics","7":"product_cat-olympic-recurve-tabs-finger-tabs-handschuhe","9":"first","10":"instock","11":"shipping-taxable","12":"purchasable","13":"product-type-variable"},"_links":{"self":[{"href":"https:\/\/bogensportdiscount.ch\/it\/wp-json\/wp\/v2\/product\/403018","targetHints":{"allow":["GET"]}}],"collection":[{"href":"https:\/\/bogensportdiscount.ch\/it\/wp-json\/wp\/v2\/product"}],"about":[{"href":"https:\/\/bogensportdiscount.ch\/it\/wp-json\/wp\/v2\/types\/product"}],"replies":[{"embeddable":true,"href":"https:\/\/bogensportdiscount.ch\/it\/wp-json\/wp\/v2\/comments?post=403018"}],"wp:featuredmedia":[{"embeddable":true,"href":"https:\/\/bogensportdiscount.ch\/it\/wp-json\/wp\/v2\/media\/450361"}],"wp:attachment":[{"href":"https:\/\/bogensportdiscount.ch\/it\/wp-json\/wp\/v2\/media?parent=403018"}],"wp:term":[{"taxonomy":"product_brand","embeddable":true,"href":"https:\/\/bogensportdiscount.ch\/it\/wp-json\/wp\/v2\/product_brand?post=403018"},{"taxonomy":"product_cat","embeddable":true,"href":"https:\/\/bogensportdiscount.ch\/it\/wp-json\/wp\/v2\/product_cat?post=403018"},{"taxonomy":"product_tag","embeddable":true,"href":"https:\/\/bogensportdiscount.ch\/it\/wp-json\/wp\/v2\/product_tag?post=403018"}],"curies":[{"name":"wp","href":"https:\/\/api.w.org\/{rel}","templated":true}]}}