{"id":402971,"date":"2026-04-05T14:48:39","date_gmt":"2026-04-05T12:48:39","guid":{"rendered":"https:\/\/bogensportdiscount.ch\/produkt\/hunting-3d-sights-fast-eddie-xl-mrt-2-pin-010-micro-rh-black\/"},"modified":"2026-04-15T12:48:00","modified_gmt":"2026-04-15T10:48:00","slug":"spothogg-compound-jagd-3d-visier-fast-eddie-xl-mrt-2-pin","status":"publish","type":"product","link":"https:\/\/bogensportdiscount.ch\/it\/prodotto\/spothogg-compound-jagd-3d-visier-fast-eddie-xl-mrt-2-pin\/","title":{"rendered":"MIRINO SPOTHOGG CACCIA E 3D FAST EDDIE XL MRT \/ 2 PIN"},"content":{"rendered":"<p>Das SPOTHOGG Fast Eddie XL MRT 2-Pin ist ein Compound-Visier, das speziell f\u00fcr den Einsatz bei der Jagd sowie im 3D-Bogenschiessen entwickelt wurde. Es wird in den USA gefertigt und ist in zwei Fadenst\u00e4rken (.010&#8243; und .019&#8243;) erh\u00e4ltlich.<\/p>\n<p>Das Visier ist sowohl f\u00fcr Rechts- als auch f\u00fcr Linkshand-Sch\u00fctzen ausgelegt und bietet mit seiner 2-Pin-Konfiguration eine klare Zielmarke f\u00fcr verschiedene Distanzen.<\/p>\n<ul>\n<li>2-Pin-Konfiguration f\u00fcr unterschiedliche Distanzen<\/li>\n<li>Verf\u00fcgbar f\u00fcr Rechts- und Linkshand<\/li>\n<li>Fadenst\u00e4rken .010&#8243; und .019&#8243; w\u00e4hlbar<\/li>\n<li>Prodotto negli Stati Uniti<\/li>\n<\/ul>","protected":false},"excerpt":{"rendered":"<p>Das SPOTHOGG Fast Eddie XL MRT ist ein Compound-Jagd- und 3D-Visier mit 2-Pin-Konfiguration. Erh\u00e4ltlich f\u00fcr Links- und Rechtshand-Sch\u00fctzen in den Fadenst\u00e4rken .010&#8243; und .019&#8243;.<\/p>","protected":false},"featured_media":450352,"comment_status":"open","ping_status":"closed","template":"","meta":[],"product_brand":[538],"product_cat":[4263],"product_tag":[],"class_list":{"0":"post-402971","1":"product","2":"type-product","3":"status-publish","4":"has-post-thumbnail","6":"product_brand-spothogg","7":"product_cat-jagd-und-3d-visiere","9":"first","10":"instock","11":"shipping-taxable","12":"purchasable","13":"product-type-variable"},"_links":{"self":[{"href":"https:\/\/bogensportdiscount.ch\/it\/wp-json\/wp\/v2\/product\/402971","targetHints":{"allow":["GET"]}}],"collection":[{"href":"https:\/\/bogensportdiscount.ch\/it\/wp-json\/wp\/v2\/product"}],"about":[{"href":"https:\/\/bogensportdiscount.ch\/it\/wp-json\/wp\/v2\/types\/product"}],"replies":[{"embeddable":true,"href":"https:\/\/bogensportdiscount.ch\/it\/wp-json\/wp\/v2\/comments?post=402971"}],"wp:featuredmedia":[{"embeddable":true,"href":"https:\/\/bogensportdiscount.ch\/it\/wp-json\/wp\/v2\/media\/450352"}],"wp:attachment":[{"href":"https:\/\/bogensportdiscount.ch\/it\/wp-json\/wp\/v2\/media?parent=402971"}],"wp:term":[{"taxonomy":"product_brand","embeddable":true,"href":"https:\/\/bogensportdiscount.ch\/it\/wp-json\/wp\/v2\/product_brand?post=402971"},{"taxonomy":"product_cat","embeddable":true,"href":"https:\/\/bogensportdiscount.ch\/it\/wp-json\/wp\/v2\/product_cat?post=402971"},{"taxonomy":"product_tag","embeddable":true,"href":"https:\/\/bogensportdiscount.ch\/it\/wp-json\/wp\/v2\/product_tag?post=402971"}],"curies":[{"name":"wp","href":"https:\/\/api.w.org\/{rel}","templated":true}]}}