{"id":402905,"date":"2026-04-05T14:48:31","date_gmt":"2026-04-05T12:48:31","guid":{"rendered":"https:\/\/bogensportdiscount.ch\/produkt\/compound-sights-achieve-xp-uhm-carbon-bar-ext-9-lh-black-black\/"},"modified":"2026-04-17T13:46:17","modified_gmt":"2026-04-17T11:46:17","slug":"axcel-compound-visier-achieve-xp-uhm-carbon-bar-ext-9","status":"publish","type":"product","link":"https:\/\/bogensportdiscount.ch\/it\/prodotto\/axcel-compound-visier-achieve-xp-uhm-carbon-bar-ext-9\/","title":{"rendered":"MIRE COMPOSTE AXCEL RAGGIUNGERE XP UHM BARRA DI CARBONIO \/ EXT 9\u2033"},"content":{"rendered":"<p>Das AXCEL Achieve XP Compound-Visier ist mit einem 9-Zoll-Verl\u00e4ngerungsarm aus UHM-Carbon (Ultra High Modulus) ausgestattet. Dank des Kohlefaserarms ist das Visier leicht und dabei sehr steif, was eine pr\u00e4zise und wiederholbare Einstellung beg\u00fcnstigt.<\/p>\n<p>Das Achieve XP richtet sich an Target-Bogensch\u00fctzen im Compound-Bereich und ist sowohl f\u00fcr Links- als auch f\u00fcr Rechtshandbogen erh\u00e4ltlich. Die Farboptionen Schwarz, Blau\/Schwarz und Rot\/Schwarz erm\u00f6glichen eine individuelle Abstimmung auf das eigene Equipment.<\/p>\n<ul>\n<li>9-Zoll-Verl\u00e4ngerungsarm aus UHM-Carbon<\/li>\n<li>Geeignet f\u00fcr Links- und Rechtshandbogen<\/li>\n<li>Erh\u00e4ltlich in drei Farbvarianten<\/li>\n<li>F\u00fcr den Einsatz im Compound-Turnierbogen-Bereich konzipiert<\/li>\n<\/ul>","protected":false},"excerpt":{"rendered":"<p><strong>Marchio:<\/strong> Axcel<br \/><strong>Length (inch):<\/strong> 9<\/p>","protected":false},"featured_media":450348,"comment_status":"open","ping_status":"closed","template":"","meta":[],"product_brand":[467],"product_cat":[4261],"product_tag":[],"class_list":{"0":"post-402905","1":"product","2":"type-product","3":"status-publish","4":"has-post-thumbnail","6":"product_brand-axcel","7":"product_cat-compound-visiere","9":"first","10":"instock","11":"shipping-taxable","12":"purchasable","13":"product-type-variable"},"_links":{"self":[{"href":"https:\/\/bogensportdiscount.ch\/it\/wp-json\/wp\/v2\/product\/402905","targetHints":{"allow":["GET"]}}],"collection":[{"href":"https:\/\/bogensportdiscount.ch\/it\/wp-json\/wp\/v2\/product"}],"about":[{"href":"https:\/\/bogensportdiscount.ch\/it\/wp-json\/wp\/v2\/types\/product"}],"replies":[{"embeddable":true,"href":"https:\/\/bogensportdiscount.ch\/it\/wp-json\/wp\/v2\/comments?post=402905"}],"wp:featuredmedia":[{"embeddable":true,"href":"https:\/\/bogensportdiscount.ch\/it\/wp-json\/wp\/v2\/media\/450348"}],"wp:attachment":[{"href":"https:\/\/bogensportdiscount.ch\/it\/wp-json\/wp\/v2\/media?parent=402905"}],"wp:term":[{"taxonomy":"product_brand","embeddable":true,"href":"https:\/\/bogensportdiscount.ch\/it\/wp-json\/wp\/v2\/product_brand?post=402905"},{"taxonomy":"product_cat","embeddable":true,"href":"https:\/\/bogensportdiscount.ch\/it\/wp-json\/wp\/v2\/product_cat?post=402905"},{"taxonomy":"product_tag","embeddable":true,"href":"https:\/\/bogensportdiscount.ch\/it\/wp-json\/wp\/v2\/product_tag?post=402905"}],"curies":[{"name":"wp","href":"https:\/\/api.w.org\/{rel}","templated":true}]}}