{"id":402814,"date":"2026-04-05T14:48:21","date_gmt":"2026-04-05T12:48:21","guid":{"rendered":"https:\/\/bogensportdiscount.ch\/produkt\/arrow-pullers-black-with-lanyard\/"},"modified":"2026-04-17T15:42:18","modified_gmt":"2026-04-17T13:42:18","slug":"limbsaver-pfeilzieher-arrow-pullers","status":"publish","type":"product","link":"https:\/\/bogensportdiscount.ch\/it\/prodotto\/limbsaver-pfeilzieher-arrow-pullers\/","title":{"rendered":"ESTRATTORE DI FRECCE SVL"},"content":{"rendered":"<p>Die LIMBSAVER Arrow Pullers erm\u00f6glichen ein sicheres und kraftsparendes Herausziehen von Pfeilen aus der Zielscheibe. Dank des rutschfesten Materials lassen sich auch fest sitzende Pfeile zuverl\u00e4ssig l\u00f6sen, ohne die Befiederung oder den Schaft zu besch\u00e4digen.<\/p>\n<p>Die Pfeilzieher sind in neun Farben erh\u00e4ltlich, sodass sie sich gut dem pers\u00f6nlichen Equipment anpassen oder leicht von mehreren Sch\u00fctzen unterschieden werden k\u00f6nnen.<\/p>\n<ul>\n<li>Geeignet f\u00fcr den t\u00e4glichen Einsatz auf dem Schiessstand<\/li>\n<li>Schont Befiederung und Pfeilschaft<\/li>\n<li>Neun Farbvarianten verf\u00fcgbar<\/li>\n<li>Prodotto negli Stati Uniti<\/li>\n<\/ul>","protected":false},"excerpt":{"rendered":"<p>Die LIMBSAVER Arrow Pullers sind praktische Pfeilzieher f\u00fcr den t\u00e4glichen Einsatz beim Bogensport. Erh\u00e4ltlich in neun verschiedenen Farben \u2013 von Schwarz \u00fcber Pink bis Gelb. Hergestellt in den USA.<\/p>","protected":false},"featured_media":450336,"comment_status":"open","ping_status":"closed","template":"","meta":[],"product_brand":[801],"product_cat":[4364],"product_tag":[],"class_list":{"0":"post-402814","1":"product","2":"type-product","3":"status-publish","4":"has-post-thumbnail","6":"product_brand-limbsaver","7":"product_cat-arrow-pullers","9":"first","10":"instock","11":"shipping-taxable","12":"purchasable","13":"product-type-variable"},"_links":{"self":[{"href":"https:\/\/bogensportdiscount.ch\/it\/wp-json\/wp\/v2\/product\/402814","targetHints":{"allow":["GET"]}}],"collection":[{"href":"https:\/\/bogensportdiscount.ch\/it\/wp-json\/wp\/v2\/product"}],"about":[{"href":"https:\/\/bogensportdiscount.ch\/it\/wp-json\/wp\/v2\/types\/product"}],"replies":[{"embeddable":true,"href":"https:\/\/bogensportdiscount.ch\/it\/wp-json\/wp\/v2\/comments?post=402814"}],"wp:featuredmedia":[{"embeddable":true,"href":"https:\/\/bogensportdiscount.ch\/it\/wp-json\/wp\/v2\/media\/450336"}],"wp:attachment":[{"href":"https:\/\/bogensportdiscount.ch\/it\/wp-json\/wp\/v2\/media?parent=402814"}],"wp:term":[{"taxonomy":"product_brand","embeddable":true,"href":"https:\/\/bogensportdiscount.ch\/it\/wp-json\/wp\/v2\/product_brand?post=402814"},{"taxonomy":"product_cat","embeddable":true,"href":"https:\/\/bogensportdiscount.ch\/it\/wp-json\/wp\/v2\/product_cat?post=402814"},{"taxonomy":"product_tag","embeddable":true,"href":"https:\/\/bogensportdiscount.ch\/it\/wp-json\/wp\/v2\/product_tag?post=402814"}],"curies":[{"name":"wp","href":"https:\/\/api.w.org\/{rel}","templated":true}]}}