{"id":402393,"date":"2026-04-05T14:47:32","date_gmt":"2026-04-05T12:47:32","guid":{"rendered":"https:\/\/bogensportdiscount.ch\/produkt\/acc-28-12-pk\/"},"modified":"2026-04-17T18:41:24","modified_gmt":"2026-04-17T16:41:24","slug":"easton-acc-nock-bushings-28-12er-pack","status":"publish","type":"product","link":"https:\/\/bogensportdiscount.ch\/it\/prodotto\/easton-acc-nock-bushings-28-12er-pack\/","title":{"rendered":"EASTON ACC 12\/PK"},"content":{"rendered":"<p>Die Easton ACC Nock-Bushings in der Gr\u00f6sse -28 sind Ersatz- und Austausch-Bushings f\u00fcr Easton ACC-Pfeilsch\u00e4fte. Sie werden in den Schaft eingesetzt und erm\u00f6glichen die korrekte Montage der Nocke.<\/p>\n<p>Das Paket enth\u00e4lt 12 St\u00fcck, sodass mehrere Sch\u00e4fte auf einmal ausgestattet oder vorhandene Bushings bei Bedarf einfach ersetzt werden k\u00f6nnen. Die Teile werden in den USA gefertigt.<\/p>\n<ul>\n<li>Passend f\u00fcr Easton ACC-Pfeilsch\u00e4fte<\/li>\n<li>Gr\u00f6sse: -28<\/li>\n<li>Inhalt: 12 St\u00fcck pro Packung<\/li>\n<li>Prodotto negli Stati Uniti<\/li>\n<\/ul>","protected":false},"excerpt":{"rendered":"<p>Nock-Bushings von Easton f\u00fcr ACC-Sch\u00e4fte in der Gr\u00f6sse -28, im praktischen 12er-Pack. Hergestellt in den USA, passend f\u00fcr Standard ACC-Pfeilsch\u00e4fte.<\/p>","protected":false},"featured_media":452612,"comment_status":"open","ping_status":"closed","template":"","meta":[],"product_brand":[417],"product_cat":[4550],"product_tag":[],"class_list":{"0":"post-402393","1":"product","2":"type-product","3":"status-publish","4":"has-post-thumbnail","6":"product_brand-easton","7":"product_cat-uni-bushings-pfeil-komponenten","9":"first","10":"instock","11":"shipping-taxable","12":"purchasable","13":"product-type-variable"},"_links":{"self":[{"href":"https:\/\/bogensportdiscount.ch\/it\/wp-json\/wp\/v2\/product\/402393","targetHints":{"allow":["GET"]}}],"collection":[{"href":"https:\/\/bogensportdiscount.ch\/it\/wp-json\/wp\/v2\/product"}],"about":[{"href":"https:\/\/bogensportdiscount.ch\/it\/wp-json\/wp\/v2\/types\/product"}],"replies":[{"embeddable":true,"href":"https:\/\/bogensportdiscount.ch\/it\/wp-json\/wp\/v2\/comments?post=402393"}],"wp:featuredmedia":[{"embeddable":true,"href":"https:\/\/bogensportdiscount.ch\/it\/wp-json\/wp\/v2\/media\/452612"}],"wp:attachment":[{"href":"https:\/\/bogensportdiscount.ch\/it\/wp-json\/wp\/v2\/media?parent=402393"}],"wp:term":[{"taxonomy":"product_brand","embeddable":true,"href":"https:\/\/bogensportdiscount.ch\/it\/wp-json\/wp\/v2\/product_brand?post=402393"},{"taxonomy":"product_cat","embeddable":true,"href":"https:\/\/bogensportdiscount.ch\/it\/wp-json\/wp\/v2\/product_cat?post=402393"},{"taxonomy":"product_tag","embeddable":true,"href":"https:\/\/bogensportdiscount.ch\/it\/wp-json\/wp\/v2\/product_tag?post=402393"}],"curies":[{"name":"wp","href":"https:\/\/api.w.org\/{rel}","templated":true}]}}