{"id":401974,"date":"2026-04-05T14:46:50","date_gmt":"2026-04-05T12:46:50","guid":{"rendered":"https:\/\/bogensportdiscount.ch\/produkt\/nocks-n-green-12-pk\/"},"modified":"2026-04-17T18:41:16","modified_gmt":"2026-04-17T16:41:16","slug":"easton-innennocke-n","status":"publish","type":"product","link":"https:\/\/bogensportdiscount.ch\/it\/prodotto\/easton-innennocke-n\/","title":{"rendered":"EASTON INNERFIT NOCKS 4 MM \u201eN\u201c"},"content":{"rendered":"<p>Die Easton Innennocke \u00abN\u00bb ist eine Standardnocke f\u00fcr den Einsatz an Easton-Pfeilen mit entsprechendem Innendurchmesser. Sie wird direkt in den Schaft eingesetzt und sorgt f\u00fcr eine zuverl\u00e4ssige Verbindung mit der Bogensehne.<\/p>\n<p>Die Nocken sind in sechs Farben erh\u00e4ltlich \u2013 Green, Orange, Red, Smoke, White und Yellow \u2013 und lassen sich so einfach nach Pfeilsatz oder pers\u00f6nlicher Pr\u00e4ferenz ausw\u00e4hlen. F\u00fcr den Trainings- und Wettkampfbetrieb sind Grosspackungen \u00e0 100 St\u00fcck erh\u00e4ltlich, f\u00fcr den Einstieg oder als Ersatz eignet sich die 12er-Packung.<\/p>\n<ul>\n<li>Innennocke passend f\u00fcr Easton-Pfeile<\/li>\n<li>6 Farben zur Auswahl<\/li>\n<li>Packungsgr\u00f6ssen: 12 oder 100 St\u00fcck<\/li>\n<li>Einfacher Austausch bei Besch\u00e4digung<\/li>\n<\/ul>","protected":false},"excerpt":{"rendered":"<p><strong>Marchio:<\/strong> Easton<\/p>","protected":false},"featured_media":450229,"comment_status":"open","ping_status":"closed","template":"","meta":[],"product_brand":[417],"product_cat":[4238],"product_tag":[],"class_list":{"0":"post-401974","1":"product","2":"type-product","3":"status-publish","4":"has-post-thumbnail","6":"product_brand-easton","7":"product_cat-innere-nocken","9":"first","10":"instock","11":"shipping-taxable","12":"purchasable","13":"product-type-variable"},"_links":{"self":[{"href":"https:\/\/bogensportdiscount.ch\/it\/wp-json\/wp\/v2\/product\/401974","targetHints":{"allow":["GET"]}}],"collection":[{"href":"https:\/\/bogensportdiscount.ch\/it\/wp-json\/wp\/v2\/product"}],"about":[{"href":"https:\/\/bogensportdiscount.ch\/it\/wp-json\/wp\/v2\/types\/product"}],"replies":[{"embeddable":true,"href":"https:\/\/bogensportdiscount.ch\/it\/wp-json\/wp\/v2\/comments?post=401974"}],"wp:featuredmedia":[{"embeddable":true,"href":"https:\/\/bogensportdiscount.ch\/it\/wp-json\/wp\/v2\/media\/450229"}],"wp:attachment":[{"href":"https:\/\/bogensportdiscount.ch\/it\/wp-json\/wp\/v2\/media?parent=401974"}],"wp:term":[{"taxonomy":"product_brand","embeddable":true,"href":"https:\/\/bogensportdiscount.ch\/it\/wp-json\/wp\/v2\/product_brand?post=401974"},{"taxonomy":"product_cat","embeddable":true,"href":"https:\/\/bogensportdiscount.ch\/it\/wp-json\/wp\/v2\/product_cat?post=401974"},{"taxonomy":"product_tag","embeddable":true,"href":"https:\/\/bogensportdiscount.ch\/it\/wp-json\/wp\/v2\/product_tag?post=401974"}],"curies":[{"name":"wp","href":"https:\/\/api.w.org\/{rel}","templated":true}]}}