{"id":401929,"date":"2026-04-05T14:46:46","date_gmt":"2026-04-05T12:46:46","guid":{"rendered":"https:\/\/bogensportdiscount.ch\/produkt\/nocks-h-large-groove-white-12-pk\/"},"modified":"2026-04-17T18:42:16","modified_gmt":"2026-04-17T16:42:16","slug":"easton-innennocke-h-large-groove","status":"publish","type":"product","link":"https:\/\/bogensportdiscount.ch\/it\/prodotto\/easton-innennocke-h-large-groove\/","title":{"rendered":"COCCHE EASTON \u201eH\u201c SCANALATURA GRANDE 12\/PZ."},"content":{"rendered":"<p>Die Easton Innennocke &#8222;H&#8220; Large Groove ist eine Innennocke (Bushing-Nocke) f\u00fcr passende Easton Pfeilsch\u00e4fte. Die grosse Kerbe (Large Groove) ist auf Bogensehnen mit entsprechendem Durchmesser abgestimmt und sorgt f\u00fcr eine zuverl\u00e4ssige Sehnenaufnahme beim Schuss.<\/p>\n<p>Die Nocke wird direkt in den Pfeilschaft eingesetzt und erm\u00f6glicht einen einfachen Austausch bei Verschleiss oder Besch\u00e4digung. Hergestellt in den USA.<\/p>\n<ul>\n<li>Passend f\u00fcr Easton Pfeilsch\u00e4fte mit &#8222;H&#8220;-Nockbuchse<\/li>\n<li>Large Groove \u2013 f\u00fcr Sehnen mit gr\u00f6sserem Durchmesser<\/li>\n<li>Erh\u00e4ltlich in Gr\u00fcn, Orange, Rot und Gelb<\/li>\n<li>Prodotto negli Stati Uniti<\/li>\n<\/ul>","protected":false},"excerpt":{"rendered":"<p>Die Easton Innennocke &#8222;H&#8220; Large Groove ist eine Ersatznocke f\u00fcr Easton Pfeile mit grosser Kerbe (Large Groove). Erh\u00e4ltlich in den Farben Gr\u00fcn, Orange, Rot und Gelb.<\/p>","protected":false},"featured_media":450224,"comment_status":"open","ping_status":"closed","template":"","meta":[],"product_brand":[417],"product_cat":[4238],"product_tag":[],"class_list":{"0":"post-401929","1":"product","2":"type-product","3":"status-publish","4":"has-post-thumbnail","6":"product_brand-easton","7":"product_cat-innere-nocken","9":"first","10":"instock","11":"shipping-taxable","12":"purchasable","13":"product-type-variable"},"_links":{"self":[{"href":"https:\/\/bogensportdiscount.ch\/it\/wp-json\/wp\/v2\/product\/401929","targetHints":{"allow":["GET"]}}],"collection":[{"href":"https:\/\/bogensportdiscount.ch\/it\/wp-json\/wp\/v2\/product"}],"about":[{"href":"https:\/\/bogensportdiscount.ch\/it\/wp-json\/wp\/v2\/types\/product"}],"replies":[{"embeddable":true,"href":"https:\/\/bogensportdiscount.ch\/it\/wp-json\/wp\/v2\/comments?post=401929"}],"wp:featuredmedia":[{"embeddable":true,"href":"https:\/\/bogensportdiscount.ch\/it\/wp-json\/wp\/v2\/media\/450224"}],"wp:attachment":[{"href":"https:\/\/bogensportdiscount.ch\/it\/wp-json\/wp\/v2\/media?parent=401929"}],"wp:term":[{"taxonomy":"product_brand","embeddable":true,"href":"https:\/\/bogensportdiscount.ch\/it\/wp-json\/wp\/v2\/product_brand?post=401929"},{"taxonomy":"product_cat","embeddable":true,"href":"https:\/\/bogensportdiscount.ch\/it\/wp-json\/wp\/v2\/product_cat?post=401929"},{"taxonomy":"product_tag","embeddable":true,"href":"https:\/\/bogensportdiscount.ch\/it\/wp-json\/wp\/v2\/product_tag?post=401929"}],"curies":[{"name":"wp","href":"https:\/\/api.w.org\/{rel}","templated":true}]}}