{"id":401916,"date":"2026-04-05T14:46:45","date_gmt":"2026-04-05T12:46:45","guid":{"rendered":"https:\/\/bogensportdiscount.ch\/produkt\/nocks-x-red-100-pk\/"},"modified":"2026-04-17T18:42:16","modified_gmt":"2026-04-17T16:42:16","slug":"easton-innennocke-x-2","status":"publish","type":"product","link":"https:\/\/bogensportdiscount.ch\/it\/prodotto\/easton-innennocke-x-2\/","title":{"rendered":"COCCHE EASTON \u201eX\u201c 100\/PZ."},"content":{"rendered":"<p>Die Easton Innennocke \u00abX\u00bb ist eine klassische Nocke f\u00fcr Pfeile mit Innennocken-System. Sie passt auf kompatible Easton Pfeilsch\u00e4fte und sorgt f\u00fcr eine zuverl\u00e4ssige, reproduzierbare Auflage auf der Bogensehne.<\/p>\n<p>Dank der Auswahl an f\u00fcnf verschiedenen Farben lassen sich Pfeile einfach markieren und unterscheiden \u2013 praktisch im Trainings- und Wettkampfbetrieb.<\/p>\n<ul>\n<li>Innennocke f\u00fcr kompatible Easton Pfeilsch\u00e4fte<\/li>\n<li>Prodotto negli Stati Uniti<\/li>\n<li>Erh\u00e4ltlich in 5 Farben: Green, Orange, Red, Smoke, White<\/li>\n<li>Einfache Montage durch Einpress-System<\/li>\n<\/ul>","protected":false},"excerpt":{"rendered":"<p>Die Easton Innennocke \u00abX\u00bb ist eine bew\u00e4hrte Pfeilnocke f\u00fcr Innenschaft-Systeme. Erh\u00e4ltlich in den Farben Green, Orange, Red, Smoke und White.<\/p>","protected":false},"featured_media":452588,"comment_status":"open","ping_status":"closed","template":"","meta":[],"product_brand":[417],"product_cat":[4238],"product_tag":[],"class_list":{"0":"post-401916","1":"product","2":"type-product","3":"status-publish","4":"has-post-thumbnail","6":"product_brand-easton","7":"product_cat-innere-nocken","9":"first","10":"instock","11":"shipping-taxable","12":"purchasable","13":"product-type-variable"},"_links":{"self":[{"href":"https:\/\/bogensportdiscount.ch\/it\/wp-json\/wp\/v2\/product\/401916","targetHints":{"allow":["GET"]}}],"collection":[{"href":"https:\/\/bogensportdiscount.ch\/it\/wp-json\/wp\/v2\/product"}],"about":[{"href":"https:\/\/bogensportdiscount.ch\/it\/wp-json\/wp\/v2\/types\/product"}],"replies":[{"embeddable":true,"href":"https:\/\/bogensportdiscount.ch\/it\/wp-json\/wp\/v2\/comments?post=401916"}],"wp:featuredmedia":[{"embeddable":true,"href":"https:\/\/bogensportdiscount.ch\/it\/wp-json\/wp\/v2\/media\/452588"}],"wp:attachment":[{"href":"https:\/\/bogensportdiscount.ch\/it\/wp-json\/wp\/v2\/media?parent=401916"}],"wp:term":[{"taxonomy":"product_brand","embeddable":true,"href":"https:\/\/bogensportdiscount.ch\/it\/wp-json\/wp\/v2\/product_brand?post=401916"},{"taxonomy":"product_cat","embeddable":true,"href":"https:\/\/bogensportdiscount.ch\/it\/wp-json\/wp\/v2\/product_cat?post=401916"},{"taxonomy":"product_tag","embeddable":true,"href":"https:\/\/bogensportdiscount.ch\/it\/wp-json\/wp\/v2\/product_tag?post=401916"}],"curies":[{"name":"wp","href":"https:\/\/api.w.org\/{rel}","templated":true}]}}