{"id":401909,"date":"2026-04-05T14:46:44","date_gmt":"2026-04-05T12:46:44","guid":{"rendered":"https:\/\/bogensportdiscount.ch\/produkt\/nocks-x-white-12-pk\/"},"modified":"2026-04-17T18:41:01","modified_gmt":"2026-04-17T16:41:01","slug":"easton-innennocke-x","status":"publish","type":"product","link":"https:\/\/bogensportdiscount.ch\/it\/prodotto\/easton-innennocke-x\/","title":{"rendered":"COCCHE EASTON \u201eX\u201c 12\/PZ."},"content":{"rendered":"<p>Die Easton Innennocke &#8222;X&#8220; ist eine bew\u00e4hrte Nocke f\u00fcr Bogensportpfeile mit passendem X-Innendurchmesser. Sie wird direkt in das Pfeilschaft-Ende eingesetzt und sorgt f\u00fcr eine zuverl\u00e4ssige Verbindung zwischen Pfeil und Bogensehne.<\/p>\n<p>Hergestellt in den USA, entspricht die Nocke den Qualit\u00e4tsstandards von Easton und eignet sich f\u00fcr den regelm\u00e4ssigen Einsatz im Training sowie im Wettkampf.<\/p>\n<ul>\n<li>Innennocke f\u00fcr Easton-Pfeile mit X-Masse<\/li>\n<li>Prodotto negli Stati Uniti<\/li>\n<li>Erh\u00e4ltlich in 6 Farben: Green, Orange, Red, Smoke, White, Yellow<\/li>\n<li>Einfaches Einsetzen in den Pfeilschaft<\/li>\n<\/ul>","protected":false},"excerpt":{"rendered":"<p>Die Easton Innennocke &#8222;X&#8220; ist eine klassische Nocke f\u00fcr Easton-Pfeile mit X-Innenmass. Erh\u00e4ltlich in den Farben Green, Orange, Red, Smoke, White und Yellow.<\/p>","protected":false},"featured_media":450222,"comment_status":"open","ping_status":"closed","template":"","meta":[],"product_brand":[417],"product_cat":[4238],"product_tag":[],"class_list":{"0":"post-401909","1":"product","2":"type-product","3":"status-publish","4":"has-post-thumbnail","6":"product_brand-easton","7":"product_cat-innere-nocken","9":"first","10":"instock","11":"shipping-taxable","12":"purchasable","13":"product-type-variable"},"_links":{"self":[{"href":"https:\/\/bogensportdiscount.ch\/it\/wp-json\/wp\/v2\/product\/401909","targetHints":{"allow":["GET"]}}],"collection":[{"href":"https:\/\/bogensportdiscount.ch\/it\/wp-json\/wp\/v2\/product"}],"about":[{"href":"https:\/\/bogensportdiscount.ch\/it\/wp-json\/wp\/v2\/types\/product"}],"replies":[{"embeddable":true,"href":"https:\/\/bogensportdiscount.ch\/it\/wp-json\/wp\/v2\/comments?post=401909"}],"wp:featuredmedia":[{"embeddable":true,"href":"https:\/\/bogensportdiscount.ch\/it\/wp-json\/wp\/v2\/media\/450222"}],"wp:attachment":[{"href":"https:\/\/bogensportdiscount.ch\/it\/wp-json\/wp\/v2\/media?parent=401909"}],"wp:term":[{"taxonomy":"product_brand","embeddable":true,"href":"https:\/\/bogensportdiscount.ch\/it\/wp-json\/wp\/v2\/product_brand?post=401909"},{"taxonomy":"product_cat","embeddable":true,"href":"https:\/\/bogensportdiscount.ch\/it\/wp-json\/wp\/v2\/product_cat?post=401909"},{"taxonomy":"product_tag","embeddable":true,"href":"https:\/\/bogensportdiscount.ch\/it\/wp-json\/wp\/v2\/product_tag?post=401909"}],"curies":[{"name":"wp","href":"https:\/\/api.w.org\/{rel}","templated":true}]}}