{"id":401479,"date":"2026-04-05T14:46:01","date_gmt":"2026-04-05T12:46:01","guid":{"rendered":"https:\/\/bogensportdiscount.ch\/produkt\/shaft-tyro-4-2-32-1800-pin-nock-included-12-pk\/"},"modified":"2026-04-19T11:53:58","modified_gmt":"2026-04-19T09:53:58","slug":"avalon-carbon-schaft-tyro-4-2-32-zoll","status":"publish","type":"product","link":"https:\/\/bogensportdiscount.ch\/it\/prodotto\/avalon-carbon-schaft-tyro-4-2-32-zoll\/","title":{"rendered":"AVALON SCHAEFTE CARBON TYRO 4.2 12\/PK"},"content":{"rendered":"<p>Der AVALON Tyro 4.2 ist ein Carbon-Pfeilschaft mit einer L\u00e4nge von 32 Zoll. Er richtet sich an Bogensch\u00fctzen, die einen zuverl\u00e4ssigen und leichten Schaft f\u00fcr ihr Setup suchen. Die Carbonbauweise sorgt f\u00fcr eine gute Steifigkeit bei geringem Gewicht.<\/p>\n<p>Der Schaft ist in drei verschiedenen Spine-Werten erh\u00e4ltlich \u2013 600, 700 und 800 \u2013 und l\u00e4sst sich so an unterschiedliche Zuggewichte und individuelle Einstellungen anpassen.<\/p>\n<ul>\n<li>Carbon-Pfeilschaft, 32 Zoll L\u00e4nge<\/li>\n<li>Verf\u00fcgbar in Spine 600, 700 und 800<\/li>\n<li>Geringes Gewicht durch Carbonkonstruktion<\/li>\n<li>F\u00fcr Recurve- und Compoundbogensch\u00fctzen geeignet<\/li>\n<\/ul>","protected":false},"excerpt":{"rendered":"<p>Der AVALON Tyro 4.2 ist ein Carbon-Pfeilschaft mit einer L\u00e4nge von 32 Zoll. Erh\u00e4ltlich in den Spine-Werten 600, 700 und 800 f\u00fcr unterschiedliche Zuggewichte und Bogenst\u00e4rken.<\/p>","protected":false},"featured_media":450152,"comment_status":"open","ping_status":"closed","template":"","meta":[],"product_brand":[449],"product_cat":[4236],"product_tag":[],"class_list":{"0":"post-401479","1":"product","2":"type-product","3":"status-publish","4":"has-post-thumbnail","6":"product_brand-avalon","7":"product_cat-carbon-schaefte","9":"first","10":"outofstock","11":"shipping-taxable","12":"purchasable","13":"product-type-variable"},"_links":{"self":[{"href":"https:\/\/bogensportdiscount.ch\/it\/wp-json\/wp\/v2\/product\/401479","targetHints":{"allow":["GET"]}}],"collection":[{"href":"https:\/\/bogensportdiscount.ch\/it\/wp-json\/wp\/v2\/product"}],"about":[{"href":"https:\/\/bogensportdiscount.ch\/it\/wp-json\/wp\/v2\/types\/product"}],"replies":[{"embeddable":true,"href":"https:\/\/bogensportdiscount.ch\/it\/wp-json\/wp\/v2\/comments?post=401479"}],"wp:featuredmedia":[{"embeddable":true,"href":"https:\/\/bogensportdiscount.ch\/it\/wp-json\/wp\/v2\/media\/450152"}],"wp:attachment":[{"href":"https:\/\/bogensportdiscount.ch\/it\/wp-json\/wp\/v2\/media?parent=401479"}],"wp:term":[{"taxonomy":"product_brand","embeddable":true,"href":"https:\/\/bogensportdiscount.ch\/it\/wp-json\/wp\/v2\/product_brand?post=401479"},{"taxonomy":"product_cat","embeddable":true,"href":"https:\/\/bogensportdiscount.ch\/it\/wp-json\/wp\/v2\/product_cat?post=401479"},{"taxonomy":"product_tag","embeddable":true,"href":"https:\/\/bogensportdiscount.ch\/it\/wp-json\/wp\/v2\/product_tag?post=401479"}],"curies":[{"name":"wp","href":"https:\/\/api.w.org\/{rel}","templated":true}]}}