{"id":401409,"date":"2026-04-05T14:45:54","date_gmt":"2026-04-05T12:45:54","guid":{"rendered":"https:\/\/bogensportdiscount.ch\/produkt\/innerfit-nocks-4-2-size-small-slot-black-50-pk\/"},"modified":"2026-04-17T13:45:59","modified_gmt":"2026-04-17T11:45:59","slug":"avalon-innennocken-innerfit-4-2-small-slot","status":"publish","type":"product","link":"https:\/\/bogensportdiscount.ch\/it\/prodotto\/avalon-innennocken-innerfit-4-2-small-slot\/","title":{"rendered":"AVALON INNERFIT NOCKS 4.2-SIZE SMALL SLOT 50\/PK"},"content":{"rendered":"<p>Die AVALON Innerfit Innennocken 4.2 Small Slot werden in den Pfeilschaft eingesetzt und sorgen f\u00fcr eine definierte Sehnenf\u00fchrung beim Abschuss. Die Gr\u00f6sse 4.2 mit Small Slot ist auf Pfeile mit entsprechendem Innendurchmesser abgestimmt.<\/p>\n<p>Durch die Montage im Inneren des Pfeilschafts bleibt der Aussendurchmesser unver\u00e4ndert, was besonders bei Sch\u00e4ften mit engem Toleranzbereich vorteilhaft ist. Die Nocken sind in mehreren Farben erh\u00e4ltlich, was die Identifikation eigener Pfeile erleichtert.<\/p>\n<ul>\n<li>Innennocken f\u00fcr Pfeilsch\u00e4fte mit 4.2er Innenmass<\/li>\n<li>Small Slot f\u00fcr Standard-Sehnenst\u00e4rken<\/li>\n<li>Erh\u00e4ltlich in Schwarz, Blau, Gr\u00fcn, Orange, Rot, Weiss und Gelb<\/li>\n<li>Einfache Montage im Pfeilschaft<\/li>\n<\/ul>","protected":false},"excerpt":{"rendered":"<p><strong>Marchio:<\/strong> Avalon<\/p>","protected":false},"featured_media":450129,"comment_status":"open","ping_status":"closed","template":"","meta":[],"product_brand":[449],"product_cat":[4238],"product_tag":[],"class_list":{"0":"post-401409","1":"product","2":"type-product","3":"status-publish","4":"has-post-thumbnail","6":"product_brand-avalon","7":"product_cat-innere-nocken","9":"first","10":"instock","11":"shipping-taxable","12":"purchasable","13":"product-type-variable"},"_links":{"self":[{"href":"https:\/\/bogensportdiscount.ch\/it\/wp-json\/wp\/v2\/product\/401409","targetHints":{"allow":["GET"]}}],"collection":[{"href":"https:\/\/bogensportdiscount.ch\/it\/wp-json\/wp\/v2\/product"}],"about":[{"href":"https:\/\/bogensportdiscount.ch\/it\/wp-json\/wp\/v2\/types\/product"}],"replies":[{"embeddable":true,"href":"https:\/\/bogensportdiscount.ch\/it\/wp-json\/wp\/v2\/comments?post=401409"}],"wp:featuredmedia":[{"embeddable":true,"href":"https:\/\/bogensportdiscount.ch\/it\/wp-json\/wp\/v2\/media\/450129"}],"wp:attachment":[{"href":"https:\/\/bogensportdiscount.ch\/it\/wp-json\/wp\/v2\/media?parent=401409"}],"wp:term":[{"taxonomy":"product_brand","embeddable":true,"href":"https:\/\/bogensportdiscount.ch\/it\/wp-json\/wp\/v2\/product_brand?post=401409"},{"taxonomy":"product_cat","embeddable":true,"href":"https:\/\/bogensportdiscount.ch\/it\/wp-json\/wp\/v2\/product_cat?post=401409"},{"taxonomy":"product_tag","embeddable":true,"href":"https:\/\/bogensportdiscount.ch\/it\/wp-json\/wp\/v2\/product_tag?post=401409"}],"curies":[{"name":"wp","href":"https:\/\/api.w.org\/{rel}","templated":true}]}}