{"id":401350,"date":"2026-04-05T14:45:48","date_gmt":"2026-04-05T12:45:48","guid":{"rendered":"https:\/\/bogensportdiscount.ch\/produkt\/shaft-paragon-id3-2-400-32-pin-included-12-pk\/"},"modified":"2026-04-19T11:53:58","modified_gmt":"2026-04-19T09:53:58","slug":"skylon-carbon-schaft-paragon-id3-2","status":"publish","type":"product","link":"https:\/\/bogensportdiscount.ch\/it\/prodotto\/skylon-carbon-schaft-paragon-id3-2\/","title":{"rendered":"SKYLON SCHAEFTE CARBON PARAGON ID3.2 12\/PK"},"content":{"rendered":"<p>Der Skylon Paragon ID3.2 ist ein Carbon-Pfeilschaft der f\u00fcr Recurve- und Compoundbogen-Sch\u00fctzen konzipiert wurde. Der Innendurchmesser von 3.2 mm erm\u00f6glicht die Verwendung von kompatiblen Eins\u00e4tzen und Nocken in der g\u00e4ngigen ID3.2-Norm.<\/p>\n<p>Der Schaft ist in zwei L\u00e4ngen (30&#8243; und 31&#8243;) sowie in einem breiten Spine-Spektrum von 650 bis 1000 erh\u00e4ltlich, sodass er auf verschiedene Zuggewichte und individuelle Einstellungen abgestimmt werden kann.<\/p>\n<ul>\n<li>Innendurchmesser 3.2 mm (ID3.2-Standard)<\/li>\n<li>Spine-Auswahl: 650, 700, 750, 800, 850, 900, 1000<\/li>\n<li>Erh\u00e4ltlich in 30&#8243; und 31&#8243; L\u00e4nge<\/li>\n<li>Carbon-Konstruktion f\u00fcr gleichm\u00e4ssige Flugeigenschaften<\/li>\n<\/ul>","protected":false},"excerpt":{"rendered":"<p>Der Skylon Paragon ID3.2 ist ein Carbon-Pfeilschaft mit einem Innendurchmesser von 3.2 mm. Erh\u00e4ltlich in den L\u00e4ngen 30&#8243; und 31&#8243; sowie in verschiedenen Spine-Werten von 650 bis 1000 f\u00fcr unterschiedliche Zuggewichte und Bogentypen.<\/p>","protected":false},"featured_media":450116,"comment_status":"open","ping_status":"closed","template":"","meta":[],"product_brand":[457],"product_cat":[4236],"product_tag":[],"class_list":{"0":"post-401350","1":"product","2":"type-product","3":"status-publish","4":"has-post-thumbnail","6":"product_brand-skylon","7":"product_cat-carbon-schaefte","9":"first","10":"instock","11":"shipping-taxable","12":"purchasable","13":"product-type-variable"},"_links":{"self":[{"href":"https:\/\/bogensportdiscount.ch\/it\/wp-json\/wp\/v2\/product\/401350","targetHints":{"allow":["GET"]}}],"collection":[{"href":"https:\/\/bogensportdiscount.ch\/it\/wp-json\/wp\/v2\/product"}],"about":[{"href":"https:\/\/bogensportdiscount.ch\/it\/wp-json\/wp\/v2\/types\/product"}],"replies":[{"embeddable":true,"href":"https:\/\/bogensportdiscount.ch\/it\/wp-json\/wp\/v2\/comments?post=401350"}],"wp:featuredmedia":[{"embeddable":true,"href":"https:\/\/bogensportdiscount.ch\/it\/wp-json\/wp\/v2\/media\/450116"}],"wp:attachment":[{"href":"https:\/\/bogensportdiscount.ch\/it\/wp-json\/wp\/v2\/media?parent=401350"}],"wp:term":[{"taxonomy":"product_brand","embeddable":true,"href":"https:\/\/bogensportdiscount.ch\/it\/wp-json\/wp\/v2\/product_brand?post=401350"},{"taxonomy":"product_cat","embeddable":true,"href":"https:\/\/bogensportdiscount.ch\/it\/wp-json\/wp\/v2\/product_cat?post=401350"},{"taxonomy":"product_tag","embeddable":true,"href":"https:\/\/bogensportdiscount.ch\/it\/wp-json\/wp\/v2\/product_tag?post=401350"}],"curies":[{"name":"wp","href":"https:\/\/api.w.org\/{rel}","templated":true}]}}