{"id":401336,"date":"2026-04-05T14:45:47","date_gmt":"2026-04-05T12:45:47","guid":{"rendered":"https:\/\/bogensportdiscount.ch\/produkt\/shaft-precium-id3-2-400-32-pin-included-12-pk\/"},"modified":"2026-04-19T11:53:58","modified_gmt":"2026-04-19T09:53:58","slug":"skylon-shaft-premium-id3-2","status":"publish","type":"product","link":"https:\/\/bogensportdiscount.ch\/it\/prodotto\/skylon-shaft-premium-id3-2\/","title":{"rendered":"SKYLON SCHAEFTE CARBON PRECIUM ID3.2 12\/PK"},"content":{"rendered":"<p>Der SKYLON Shaft Premium ID3.2 ist ein hochwertiger Carbon-Schaft f\u00fcr Bogensch\u00fctzen, die pr\u00e4zise und konsistente Flugbahnen ben\u00f6tigen. Mit einem inneren Durchmesser von 3,2 mm bietet dieser Schaft eine zuverl\u00e4ssige Grundlage f\u00fcr verschiedene Bogenst\u00e4rken.<\/p>\n<p>Der Schaft ist in drei L\u00e4ngen (30&#8243;, 31&#8243;, 32&#8243;) und zw\u00f6lf verschiedenen Spine-Werten (400\u20131000) erh\u00e4ltlich, was flexible Konfigurationen f\u00fcr unterschiedliche Bogentypen und Zugl\u00e4ngen erm\u00f6glicht. Die Carbon-Konstruktion gew\u00e4hrleistet Stabilit\u00e4t und Dauerhaftigkeit.<\/p>","protected":false},"excerpt":{"rendered":"<table>\n<tr>\n<th>Propriet\u00e0<\/th>\n<th>Valore<\/th>\n<\/tr>\n<tr>\n<td>Lunghezza<\/td>\n<td>30&#8243;, 31&#8243;, 32&#8243;<\/td>\n<\/tr>\n<tr>\n<td>Spina<\/td>\n<td>400\u20131000<\/td>\n<\/tr>\n<tr>\n<td>Marca<\/td>\n<td>Skylon<\/td>\n<\/tr>\n<\/table>","protected":false},"featured_media":450115,"comment_status":"open","ping_status":"closed","template":"","meta":[],"product_brand":[457],"product_cat":[4236],"product_tag":[],"class_list":{"0":"post-401336","1":"product","2":"type-product","3":"status-publish","4":"has-post-thumbnail","6":"product_brand-skylon","7":"product_cat-carbon-schaefte","9":"first","10":"instock","11":"shipping-taxable","12":"purchasable","13":"product-type-variable"},"_links":{"self":[{"href":"https:\/\/bogensportdiscount.ch\/it\/wp-json\/wp\/v2\/product\/401336","targetHints":{"allow":["GET"]}}],"collection":[{"href":"https:\/\/bogensportdiscount.ch\/it\/wp-json\/wp\/v2\/product"}],"about":[{"href":"https:\/\/bogensportdiscount.ch\/it\/wp-json\/wp\/v2\/types\/product"}],"replies":[{"embeddable":true,"href":"https:\/\/bogensportdiscount.ch\/it\/wp-json\/wp\/v2\/comments?post=401336"}],"wp:featuredmedia":[{"embeddable":true,"href":"https:\/\/bogensportdiscount.ch\/it\/wp-json\/wp\/v2\/media\/450115"}],"wp:attachment":[{"href":"https:\/\/bogensportdiscount.ch\/it\/wp-json\/wp\/v2\/media?parent=401336"}],"wp:term":[{"taxonomy":"product_brand","embeddable":true,"href":"https:\/\/bogensportdiscount.ch\/it\/wp-json\/wp\/v2\/product_brand?post=401336"},{"taxonomy":"product_cat","embeddable":true,"href":"https:\/\/bogensportdiscount.ch\/it\/wp-json\/wp\/v2\/product_cat?post=401336"},{"taxonomy":"product_tag","embeddable":true,"href":"https:\/\/bogensportdiscount.ch\/it\/wp-json\/wp\/v2\/product_tag?post=401336"}],"curies":[{"name":"wp","href":"https:\/\/api.w.org\/{rel}","templated":true}]}}