{"id":401303,"date":"2026-04-05T14:45:44","date_gmt":"2026-04-05T12:45:44","guid":{"rendered":"https:\/\/bogensportdiscount.ch\/produkt\/shaft-brixxon-id4-2-400-pin-included-12-pk\/"},"modified":"2026-04-19T11:53:58","modified_gmt":"2026-04-19T09:53:58","slug":"skylon-carbon-zielschaft-brixxon-id4-2","status":"publish","type":"product","link":"https:\/\/bogensportdiscount.ch\/it\/prodotto\/skylon-carbon-zielschaft-brixxon-id4-2\/","title":{"rendered":"SKYLON SCHAEFTE CARBON BRIXXON ID4.2 12\/PK"},"content":{"rendered":"<p>Der SKYLON Brixxon ID4.2 ist ein Carbon-Zielschaft aus dem Hause Skylon, einem auf Pfeilsch\u00e4fte spezialisierten Hersteller. Der standardisierte Innendurchmesser von 4.2 mm erm\u00f6glicht die Verwendung g\u00e4ngiger Eins\u00e4tze und Komponenten dieses Formats.<\/p>\n<p>Mit einem Spine-Angebot von 400 bis 1100 deckt der Brixxon ID4.2 sowohl leichtere als auch schwerere Zuggewichte ab. Die Sch\u00e4fte werden einzeln nach Gewicht und Geradheit sortiert, was ihn f\u00fcr den Zielschuss-Einsatz im Trainings- und Wettkampfbereich geeignet macht.<\/p>\n<ul>\n<li>Carbon-Zielschaft mit ID 4.2 mm<\/li>\n<li>Umfangreiches Spine-Sortiment: 400 \u2013 1100<\/li>\n<li>Kompatibel mit Standard-ID4.2-Komponenten<\/li>\n<li>Hergestellt f\u00fcr den Zielschuss-Einsatz<\/li>\n<\/ul>","protected":false},"excerpt":{"rendered":"<p>Der SKYLON Brixxon ID4.2 ist ein Carbon-Zielschaft mit einem Innendurchmesser von 4.2 mm. Er ist in zahlreichen Spine-St\u00e4rken erh\u00e4ltlich (400 bis 1100) und eignet sich damit f\u00fcr ein breites Spektrum an B\u00f6gen und Zuggewichten.<\/p>","protected":false},"featured_media":450108,"comment_status":"open","ping_status":"closed","template":"","meta":[],"product_brand":[457],"product_cat":[4236],"product_tag":[],"class_list":{"0":"post-401303","1":"product","2":"type-product","3":"status-publish","4":"has-post-thumbnail","6":"product_brand-skylon","7":"product_cat-carbon-schaefte","9":"first","10":"instock","11":"shipping-taxable","12":"purchasable","13":"product-type-variable"},"_links":{"self":[{"href":"https:\/\/bogensportdiscount.ch\/it\/wp-json\/wp\/v2\/product\/401303","targetHints":{"allow":["GET"]}}],"collection":[{"href":"https:\/\/bogensportdiscount.ch\/it\/wp-json\/wp\/v2\/product"}],"about":[{"href":"https:\/\/bogensportdiscount.ch\/it\/wp-json\/wp\/v2\/types\/product"}],"replies":[{"embeddable":true,"href":"https:\/\/bogensportdiscount.ch\/it\/wp-json\/wp\/v2\/comments?post=401303"}],"wp:featuredmedia":[{"embeddable":true,"href":"https:\/\/bogensportdiscount.ch\/it\/wp-json\/wp\/v2\/media\/450108"}],"wp:attachment":[{"href":"https:\/\/bogensportdiscount.ch\/it\/wp-json\/wp\/v2\/media?parent=401303"}],"wp:term":[{"taxonomy":"product_brand","embeddable":true,"href":"https:\/\/bogensportdiscount.ch\/it\/wp-json\/wp\/v2\/product_brand?post=401303"},{"taxonomy":"product_cat","embeddable":true,"href":"https:\/\/bogensportdiscount.ch\/it\/wp-json\/wp\/v2\/product_cat?post=401303"},{"taxonomy":"product_tag","embeddable":true,"href":"https:\/\/bogensportdiscount.ch\/it\/wp-json\/wp\/v2\/product_tag?post=401303"}],"curies":[{"name":"wp","href":"https:\/\/api.w.org\/{rel}","templated":true}]}}