{"id":401298,"date":"2026-04-05T14:45:43","date_gmt":"2026-04-05T12:45:43","guid":{"rendered":"https:\/\/bogensportdiscount.ch\/produkt\/shaft-3k-empros-23-id8-0-300-33-with-uni-bushing-s-size-12-pk\/"},"modified":"2026-04-19T11:53:58","modified_gmt":"2026-04-19T09:53:58","slug":"skylon-carbon-zielschaft-3k-empros-23-id8","status":"publish","type":"product","link":"https:\/\/bogensportdiscount.ch\/it\/prodotto\/skylon-carbon-zielschaft-3k-empros-23-id8\/","title":{"rendered":"SKYLON SCHAEFTE CARBON 3K EMPROS 23 ID8.0 12\/PK"},"content":{"rendered":"<p>Der SKYLON 3K Empros 23 ID8.0 ist ein Carbon-Zielschaft, der f\u00fcr den Einsatz im Ziel- und Feldbogenschiessen konzipiert wurde. Der Schaft zeichnet sich durch ein 3K-Carbongeflecht aus, das eine gleichm\u00e4ssige Wandst\u00e4rke und gute Flugeigenschaften gew\u00e4hrleistet.<\/p>\n<p>Mit einem Innendurchmesser von 8.0 mm ist der Empros 23 kompatibel mit dem g\u00e4ngigen Zubeh\u00f6r dieses Formats. Die verf\u00fcgbaren Spine-Werte von 300 bis 500 erm\u00f6glichen eine Abstimmung auf unterschiedliche Bogenst\u00e4rken und Schiessstile.<\/p>\n<ul>\n<li>3K-Carbongeflecht f\u00fcr gleichm\u00e4ssige Struktur<\/li>\n<li>Innendurchmesser 8.0 mm (ID8.0)<\/li>\n<li>Disponibile in spine 300, 350, 400 e 500<\/li>\n<li>Geeignet f\u00fcr Ziel- und Feldbogensport<\/li>\n<\/ul>","protected":false},"excerpt":{"rendered":"<p>Der SKYLON Empros 23 ist ein Carbon-Zielschaft mit 3K-Carbongeflecht und einem Innenduchmesser von 8.0 mm. Erh\u00e4ltlich in den Spine-St\u00e4rken 300, 350, 400 und 500 f\u00fcr verschiedene Zuggewichte und Anwendungsbereiche.<\/p>","protected":false},"featured_media":450106,"comment_status":"open","ping_status":"closed","template":"","meta":[],"product_brand":[457],"product_cat":[4236],"product_tag":[],"class_list":{"0":"post-401298","1":"product","2":"type-product","3":"status-publish","4":"has-post-thumbnail","6":"product_brand-skylon","7":"product_cat-carbon-schaefte","9":"first","10":"instock","11":"shipping-taxable","12":"purchasable","13":"product-type-variable"},"_links":{"self":[{"href":"https:\/\/bogensportdiscount.ch\/it\/wp-json\/wp\/v2\/product\/401298","targetHints":{"allow":["GET"]}}],"collection":[{"href":"https:\/\/bogensportdiscount.ch\/it\/wp-json\/wp\/v2\/product"}],"about":[{"href":"https:\/\/bogensportdiscount.ch\/it\/wp-json\/wp\/v2\/types\/product"}],"replies":[{"embeddable":true,"href":"https:\/\/bogensportdiscount.ch\/it\/wp-json\/wp\/v2\/comments?post=401298"}],"wp:featuredmedia":[{"embeddable":true,"href":"https:\/\/bogensportdiscount.ch\/it\/wp-json\/wp\/v2\/media\/450106"}],"wp:attachment":[{"href":"https:\/\/bogensportdiscount.ch\/it\/wp-json\/wp\/v2\/media?parent=401298"}],"wp:term":[{"taxonomy":"product_brand","embeddable":true,"href":"https:\/\/bogensportdiscount.ch\/it\/wp-json\/wp\/v2\/product_brand?post=401298"},{"taxonomy":"product_cat","embeddable":true,"href":"https:\/\/bogensportdiscount.ch\/it\/wp-json\/wp\/v2\/product_cat?post=401298"},{"taxonomy":"product_tag","embeddable":true,"href":"https:\/\/bogensportdiscount.ch\/it\/wp-json\/wp\/v2\/product_tag?post=401298"}],"curies":[{"name":"wp","href":"https:\/\/api.w.org\/{rel}","templated":true}]}}