{"id":401289,"date":"2026-04-05T14:45:42","date_gmt":"2026-04-05T12:45:42","guid":{"rendered":"https:\/\/bogensportdiscount.ch\/produkt\/nock-depots-turning-tools-tools-nock-12-nocks-black-n1\/"},"modified":"2026-05-14T15:26:04","modified_gmt":"2026-05-14T13:26:04","slug":"beiter-nock-depots-dreher-werkzeug-12-nocken","status":"publish","type":"product","link":"https:\/\/bogensportdiscount.ch\/it\/prodotto\/beiter-nock-depots-dreher-werkzeug-12-nocken\/","title":{"rendered":"BEITER NOCKEN DEPOTS &amp; TURNING TOOLS WERKZEUGE NOCKE 12 NOCKEN"},"content":{"rendered":"<p>Lo strumento BEITER per deposito e rotazione delle cocche \u00e8 un pratico ausilio per gli arcieri che inseriscono o cambiano regolarmente le cocche. Con questo strumento \u00e8 possibile gestire fino a 12 cocche contemporaneamente, riducendo notevolmente il tempo di preparazione.<\/p>\n<p>BEITER \u00e8 nota per gli accessori e gli strumenti per il tiro con l'arco lavorati con precisione. Lo strumento per deposito e rotazione delle cocche \u00e8 tipico della linea di prodotti funzionale e orientata alla pratica del produttore.<\/p>\n<ul>\n<li>Adatto per 12 cocche contemporaneamente<\/li>\n<li>Facilita l'inserimento e l'allineamento delle cocche<\/li>\n<li>Disponibile in nero, verde e arancione<\/li>\n<li>Di BEITER, un produttore affermato nel tiro con l'arco<\/li>\n<\/ul>","protected":false},"excerpt":{"rendered":"<table>\n<tr>\n<th>Propriet\u00e0<\/th>\n<th>Valore<\/th>\n<\/tr>\n<tr>\n<td>Marca<\/td>\n<td>Disponibile in 8 colori per una marcatura individuale<\/td>\n<\/tr>\n<tr>\n<td>Paese di origine<\/td>\n<td>USA<\/td>\n<\/tr>\n<\/table>","protected":false},"featured_media":450103,"comment_status":"open","ping_status":"closed","template":"","meta":[],"product_brand":[419],"product_cat":[4304],"product_tag":[],"class_list":{"0":"post-401289","1":"product","2":"type-product","3":"status-publish","4":"has-post-thumbnail","6":"product_brand-beiter","7":"product_cat-nock-halter-drehwerkzeuge","8":"product_shipping_class-bsd-standard","10":"first","11":"instock","12":"shipping-taxable","13":"purchasable","14":"product-type-variable"},"yoast_head":"<!-- This site is optimized with the Yoast SEO plugin v27.6 - https:\/\/yoast.com\/product\/yoast-seo-wordpress\/ -->\n<title>BEITER NOCKEN DEPOTS &amp; TURNING TOOLS WERKZEUGE NOCKE 12 NOCKEN - Bogensportdiscount \u2013 B\u00f6gen, Pfeile, Targets &amp; Zubeh\u00f6r<\/title>\n<meta name=\"description\" content=\"BEITER NOCKEN DEPOTS &amp; TURNING TOOLS WERKZEUGE NOCKE 12 NOCKEN g\u00fcnstig kaufen bei Bogensportdiscount \u2013 Top-Marken, schneller Versand aus der Schweiz.\" \/>\n<meta name=\"robots\" content=\"index, follow, max-snippet:-1, max-image-preview:large, max-video-preview:-1\" \/>\n<link rel=\"canonical\" href=\"https:\/\/bogensportdiscount.ch\/it\/prodotto\/beiter-nock-depots-dreher-werkzeug-12-nocken\/\" \/>\n<meta property=\"og:locale\" content=\"it_IT\" \/>\n<meta property=\"og:type\" content=\"article\" \/>\n<meta property=\"og:title\" content=\"BEITER NOCKEN DEPOTS &amp; TURNING TOOLS WERKZEUGE NOCKE 12 NOCKEN - Bogensportdiscount \u2013 B\u00f6gen, Pfeile, Targets &amp; Zubeh\u00f6r\" \/>\n<meta property=\"og:description\" content=\"BEITER NOCKEN DEPOTS &amp; TURNING TOOLS WERKZEUGE NOCKE 12 NOCKEN g\u00fcnstig kaufen bei Bogensportdiscount \u2013 Top-Marken, schneller Versand aus der Schweiz.\" \/>\n<meta property=\"og:url\" content=\"https:\/\/bogensportdiscount.ch\/it\/prodotto\/beiter-nock-depots-dreher-werkzeug-12-nocken\/\" \/>\n<meta property=\"og:site_name\" content=\"Bogensportdiscount \u2013 B\u00f6gen, Pfeile, Targets &amp; Zubeh\u00f6r\" \/>\n<meta property=\"article:modified_time\" content=\"2026-05-14T13:26:04+00:00\" \/>\n<meta property=\"og:image\" content=\"https:\/\/bogensportdiscount.ch\/wp-content\/uploads\/bsm-images\/A028003_1.png\" \/>\n\t<meta property=\"og:image:width\" content=\"1024\" \/>\n\t<meta property=\"og:image:height\" content=\"542\" \/>\n\t<meta property=\"og:image:type\" content=\"image\/png\" \/>\n<meta name=\"twitter:card\" content=\"summary_large_image\" \/>\n<script type=\"application\/ld+json\" class=\"yoast-schema-graph\">{\"@context\":\"https:\\\/\\\/schema.org\",\"@graph\":[{\"@type\":\"WebPage\",\"@id\":\"https:\\\/\\\/bogensportdiscount.ch\\\/produkt\\\/beiter-nock-depots-dreher-werkzeug-12-nocken\\\/\",\"url\":\"https:\\\/\\\/bogensportdiscount.ch\\\/produkt\\\/beiter-nock-depots-dreher-werkzeug-12-nocken\\\/\",\"name\":\"BEITER NOCKEN DEPOTS &amp; TURNING TOOLS WERKZEUGE NOCKE 12 NOCKEN - Bogensportdiscount \u2013 B\u00f6gen, Pfeile, Targets &amp; Zubeh\u00f6r\",\"isPartOf\":{\"@id\":\"https:\\\/\\\/bogensportdiscount.ch\\\/#website\"},\"primaryImageOfPage\":{\"@id\":\"https:\\\/\\\/bogensportdiscount.ch\\\/produkt\\\/beiter-nock-depots-dreher-werkzeug-12-nocken\\\/#primaryimage\"},\"image\":{\"@id\":\"https:\\\/\\\/bogensportdiscount.ch\\\/produkt\\\/beiter-nock-depots-dreher-werkzeug-12-nocken\\\/#primaryimage\"},\"thumbnailUrl\":\"https:\\\/\\\/bogensportdiscount.ch\\\/wp-content\\\/uploads\\\/bsm-images\\\/A028003_1.png\",\"datePublished\":\"2026-04-05T12:45:42+00:00\",\"dateModified\":\"2026-05-14T13:26:04+00:00\",\"description\":\"BEITER NOCKEN DEPOTS &amp; TURNING TOOLS WERKZEUGE NOCKE 12 NOCKEN g\u00fcnstig kaufen bei Bogensportdiscount \u2013 Top-Marken, schneller Versand aus der Schweiz.\",\"breadcrumb\":{\"@id\":\"https:\\\/\\\/bogensportdiscount.ch\\\/produkt\\\/beiter-nock-depots-dreher-werkzeug-12-nocken\\\/#breadcrumb\"},\"inLanguage\":\"it-IT\",\"potentialAction\":[{\"@type\":\"ReadAction\",\"target\":[\"https:\\\/\\\/bogensportdiscount.ch\\\/produkt\\\/beiter-nock-depots-dreher-werkzeug-12-nocken\\\/\"]}]},{\"@type\":\"ImageObject\",\"inLanguage\":\"it-IT\",\"@id\":\"https:\\\/\\\/bogensportdiscount.ch\\\/produkt\\\/beiter-nock-depots-dreher-werkzeug-12-nocken\\\/#primaryimage\",\"url\":\"https:\\\/\\\/bogensportdiscount.ch\\\/wp-content\\\/uploads\\\/bsm-images\\\/A028003_1.png\",\"contentUrl\":\"https:\\\/\\\/bogensportdiscount.ch\\\/wp-content\\\/uploads\\\/bsm-images\\\/A028003_1.png\",\"width\":1024,\"height\":542},{\"@type\":\"BreadcrumbList\",\"@id\":\"https:\\\/\\\/bogensportdiscount.ch\\\/produkt\\\/beiter-nock-depots-dreher-werkzeug-12-nocken\\\/#breadcrumb\",\"itemListElement\":[{\"@type\":\"ListItem\",\"position\":1,\"name\":\"Home\",\"item\":\"https:\\\/\\\/bogensportdiscount.ch\\\/\"},{\"@type\":\"ListItem\",\"position\":2,\"name\":\"Shop\",\"item\":\"https:\\\/\\\/bogensportdiscount.ch\\\/shop\\\/\"},{\"@type\":\"ListItem\",\"position\":3,\"name\":\"BEITER NOCK DEPOTS &amp; TURNING TOOLS TOOLS NOCK 12 NOCKS\"}]},{\"@type\":\"WebSite\",\"@id\":\"https:\\\/\\\/bogensportdiscount.ch\\\/#website\",\"url\":\"https:\\\/\\\/bogensportdiscount.ch\\\/\",\"name\":\"Bogensportdiscount\",\"description\":\"\",\"potentialAction\":[{\"@type\":\"SearchAction\",\"target\":{\"@type\":\"EntryPoint\",\"urlTemplate\":\"https:\\\/\\\/bogensportdiscount.ch\\\/?s={search_term_string}\"},\"query-input\":{\"@type\":\"PropertyValueSpecification\",\"valueRequired\":true,\"valueName\":\"search_term_string\"}}],\"inLanguage\":\"it-IT\"}]}<\/script>\n<!-- \/ Yoast SEO plugin. -->","yoast_head_json":{"title":"BEITER NOCKEN DEPOTS &amp; TURNING TOOLS WERKZEUGE NOCKE 12 NOCKEN - Bogensportdiscount \u2013 B\u00f6gen, Pfeile, Targets &amp; Zubeh\u00f6r","description":"BEITER NOCKEN DEPOTS &amp; TURNING TOOLS WERKZEUGE NOCKE 12 NOCKEN g\u00fcnstig kaufen bei Bogensportdiscount \u2013 Top-Marken, schneller Versand aus der Schweiz.","robots":{"index":"index","follow":"follow","max-snippet":"max-snippet:-1","max-image-preview":"max-image-preview:large","max-video-preview":"max-video-preview:-1"},"canonical":"https:\/\/bogensportdiscount.ch\/it\/prodotto\/beiter-nock-depots-dreher-werkzeug-12-nocken\/","og_locale":"it_IT","og_type":"article","og_title":"BEITER NOCKEN DEPOTS &amp; TURNING TOOLS WERKZEUGE NOCKE 12 NOCKEN - Bogensportdiscount \u2013 B\u00f6gen, Pfeile, Targets &amp; Zubeh\u00f6r","og_description":"BEITER NOCKEN DEPOTS &amp; TURNING TOOLS WERKZEUGE NOCKE 12 NOCKEN g\u00fcnstig kaufen bei Bogensportdiscount \u2013 Top-Marken, schneller Versand aus der Schweiz.","og_url":"https:\/\/bogensportdiscount.ch\/it\/prodotto\/beiter-nock-depots-dreher-werkzeug-12-nocken\/","og_site_name":"Bogensportdiscount \u2013 B\u00f6gen, Pfeile, Targets &amp; Zubeh\u00f6r","article_modified_time":"2026-05-14T13:26:04+00:00","og_image":[{"width":1024,"height":542,"url":"https:\/\/bogensportdiscount.ch\/wp-content\/uploads\/bsm-images\/A028003_1.png","type":"image\/png"}],"twitter_card":"summary_large_image","schema":{"@context":"https:\/\/schema.org","@graph":[{"@type":"WebPage","@id":"https:\/\/bogensportdiscount.ch\/produkt\/beiter-nock-depots-dreher-werkzeug-12-nocken\/","url":"https:\/\/bogensportdiscount.ch\/produkt\/beiter-nock-depots-dreher-werkzeug-12-nocken\/","name":"BEITER NOCKEN DEPOTS &amp; TURNING TOOLS WERKZEUGE NOCKE 12 NOCKEN - Bogensportdiscount \u2013 B\u00f6gen, Pfeile, Targets &amp; Zubeh\u00f6r","isPartOf":{"@id":"https:\/\/bogensportdiscount.ch\/#website"},"primaryImageOfPage":{"@id":"https:\/\/bogensportdiscount.ch\/produkt\/beiter-nock-depots-dreher-werkzeug-12-nocken\/#primaryimage"},"image":{"@id":"https:\/\/bogensportdiscount.ch\/produkt\/beiter-nock-depots-dreher-werkzeug-12-nocken\/#primaryimage"},"thumbnailUrl":"https:\/\/bogensportdiscount.ch\/wp-content\/uploads\/bsm-images\/A028003_1.png","datePublished":"2026-04-05T12:45:42+00:00","dateModified":"2026-05-14T13:26:04+00:00","description":"BEITER NOCKEN DEPOTS &amp; TURNING TOOLS WERKZEUGE NOCKE 12 NOCKEN g\u00fcnstig kaufen bei Bogensportdiscount \u2013 Top-Marken, schneller Versand aus der Schweiz.","breadcrumb":{"@id":"https:\/\/bogensportdiscount.ch\/produkt\/beiter-nock-depots-dreher-werkzeug-12-nocken\/#breadcrumb"},"inLanguage":"it-IT","potentialAction":[{"@type":"ReadAction","target":["https:\/\/bogensportdiscount.ch\/produkt\/beiter-nock-depots-dreher-werkzeug-12-nocken\/"]}]},{"@type":"ImageObject","inLanguage":"it-IT","@id":"https:\/\/bogensportdiscount.ch\/produkt\/beiter-nock-depots-dreher-werkzeug-12-nocken\/#primaryimage","url":"https:\/\/bogensportdiscount.ch\/wp-content\/uploads\/bsm-images\/A028003_1.png","contentUrl":"https:\/\/bogensportdiscount.ch\/wp-content\/uploads\/bsm-images\/A028003_1.png","width":1024,"height":542},{"@type":"BreadcrumbList","@id":"https:\/\/bogensportdiscount.ch\/produkt\/beiter-nock-depots-dreher-werkzeug-12-nocken\/#breadcrumb","itemListElement":[{"@type":"ListItem","position":1,"name":"Home","item":"https:\/\/bogensportdiscount.ch\/"},{"@type":"ListItem","position":2,"name":"Shop","item":"https:\/\/bogensportdiscount.ch\/shop\/"},{"@type":"ListItem","position":3,"name":"BEITER NOCK DEPOTS &amp; TURNING TOOLS TOOLS NOCK 12 NOCKS"}]},{"@type":"WebSite","@id":"https:\/\/bogensportdiscount.ch\/#website","url":"https:\/\/bogensportdiscount.ch\/","name":"Bogensportdiscount","description":"","potentialAction":[{"@type":"SearchAction","target":{"@type":"EntryPoint","urlTemplate":"https:\/\/bogensportdiscount.ch\/?s={search_term_string}"},"query-input":{"@type":"PropertyValueSpecification","valueRequired":true,"valueName":"search_term_string"}}],"inLanguage":"it-IT"}]}},"_links":{"self":[{"href":"https:\/\/bogensportdiscount.ch\/it\/wp-json\/wp\/v2\/product\/401289","targetHints":{"allow":["GET"]}}],"collection":[{"href":"https:\/\/bogensportdiscount.ch\/it\/wp-json\/wp\/v2\/product"}],"about":[{"href":"https:\/\/bogensportdiscount.ch\/it\/wp-json\/wp\/v2\/types\/product"}],"replies":[{"embeddable":true,"href":"https:\/\/bogensportdiscount.ch\/it\/wp-json\/wp\/v2\/comments?post=401289"}],"wp:featuredmedia":[{"embeddable":true,"href":"https:\/\/bogensportdiscount.ch\/it\/wp-json\/wp\/v2\/media\/450103"}],"wp:attachment":[{"href":"https:\/\/bogensportdiscount.ch\/it\/wp-json\/wp\/v2\/media?parent=401289"}],"wp:term":[{"taxonomy":"product_brand","embeddable":true,"href":"https:\/\/bogensportdiscount.ch\/it\/wp-json\/wp\/v2\/product_brand?post=401289"},{"taxonomy":"product_cat","embeddable":true,"href":"https:\/\/bogensportdiscount.ch\/it\/wp-json\/wp\/v2\/product_cat?post=401289"},{"taxonomy":"product_tag","embeddable":true,"href":"https:\/\/bogensportdiscount.ch\/it\/wp-json\/wp\/v2\/product_tag?post=401289"}],"curies":[{"name":"wp","href":"https:\/\/api.w.org\/{rel}","templated":true}]}}