{"id":400839,"date":"2026-04-05T14:44:58","date_gmt":"2026-04-05T12:44:58","guid":{"rendered":"https:\/\/bogensportdiscount.ch\/produkt\/wraps-x-small-dia-5-6mm-14-64-10cm-neon-orange-13-pk\/"},"modified":"2026-04-17T13:45:54","modified_gmt":"2026-04-17T11:45:54","slug":"bohning-wrap-x-small-5-6mm-10cm","status":"publish","type":"product","link":"https:\/\/bogensportdiscount.ch\/it\/prodotto\/bohning-wrap-x-small-5-6mm-10cm\/","title":{"rendered":"FASCE BOHNING X-SMALL DIAMETRO 5,6MM-14\/64\u2033 10CM 13\/PZ."},"content":{"rendered":"<p>Die BOHNING Wraps im X-Small Format sind selbstklebende Folienstreifen, die auf den Pfeilschaft aufgebracht werden, bevor die Befiederung aufgeklebt wird. Sie eignen sich f\u00fcr sehr d\u00fcnne Sch\u00e4fte mit einem Durchmesser von 5.6mm (14\/64&#8243;) und haben eine L\u00e4nge von 10cm.<\/p>\n<p>Wraps verbessern die Haftung der Befiederung auf Carbon- und anderen Pfeilsch\u00e4ften und erm\u00f6glichen gleichzeitig eine individuelle Farbgestaltung des Pfeils. Die Folien lassen sich einfach und sauber anbringen und sind in einer grossen Auswahl an Farben erh\u00e4ltlich.<\/p>\n<ul>\n<li>Durchmesser: 5.6mm (14\/64&#8243;)<\/li>\n<li>L\u00e4nge: 10cm<\/li>\n<li>Erh\u00e4ltlich in Blau, Camo, Gr\u00fcn, Orange, Pink, Lila, Rot, Petrol, Weiss und Gelb<\/li>\n<li>Prodotto negli Stati Uniti<\/li>\n<\/ul>","protected":false},"excerpt":{"rendered":"<p>Selbstklebende Befiederungsfolie von BOHNING im X-Small Format mit einem Durchmesser von 5.6mm (14\/64&#8243;) und einer L\u00e4nge von 10cm. Geeignet f\u00fcr d\u00fcnne Pfeilsch\u00e4fte, erh\u00e4ltlich in verschiedenen Farben.<\/p>","protected":false},"featured_media":450091,"comment_status":"open","ping_status":"closed","template":"","meta":[],"product_brand":[444],"product_cat":[4268],"product_tag":[],"class_list":{"0":"post-400839","1":"product","2":"type-product","3":"status-publish","4":"has-post-thumbnail","6":"product_brand-bohning","7":"product_cat-wraps-vanes-nocks-wraps","9":"first","10":"instock","11":"shipping-taxable","12":"purchasable","13":"product-type-variable"},"_links":{"self":[{"href":"https:\/\/bogensportdiscount.ch\/it\/wp-json\/wp\/v2\/product\/400839","targetHints":{"allow":["GET"]}}],"collection":[{"href":"https:\/\/bogensportdiscount.ch\/it\/wp-json\/wp\/v2\/product"}],"about":[{"href":"https:\/\/bogensportdiscount.ch\/it\/wp-json\/wp\/v2\/types\/product"}],"replies":[{"embeddable":true,"href":"https:\/\/bogensportdiscount.ch\/it\/wp-json\/wp\/v2\/comments?post=400839"}],"wp:featuredmedia":[{"embeddable":true,"href":"https:\/\/bogensportdiscount.ch\/it\/wp-json\/wp\/v2\/media\/450091"}],"wp:attachment":[{"href":"https:\/\/bogensportdiscount.ch\/it\/wp-json\/wp\/v2\/media?parent=400839"}],"wp:term":[{"taxonomy":"product_brand","embeddable":true,"href":"https:\/\/bogensportdiscount.ch\/it\/wp-json\/wp\/v2\/product_brand?post=400839"},{"taxonomy":"product_cat","embeddable":true,"href":"https:\/\/bogensportdiscount.ch\/it\/wp-json\/wp\/v2\/product_cat?post=400839"},{"taxonomy":"product_tag","embeddable":true,"href":"https:\/\/bogensportdiscount.ch\/it\/wp-json\/wp\/v2\/product_tag?post=400839"}],"curies":[{"name":"wp","href":"https:\/\/api.w.org\/{rel}","templated":true}]}}