{"id":400821,"date":"2026-04-05T14:44:56","date_gmt":"2026-04-05T12:44:56","guid":{"rendered":"https:\/\/bogensportdiscount.ch\/produkt\/fletching-jig-1000-straight\/"},"modified":"2026-04-17T13:45:53","modified_gmt":"2026-04-17T11:45:53","slug":"bitzenburger-befiederungsgeraet-fletching-jig","status":"publish","type":"product","link":"https:\/\/bogensportdiscount.ch\/it\/prodotto\/bitzenburger-befiederungsgeraet-fletching-jig\/","title":{"rendered":"DIMA DI PUNZONATURA BITZENBURGER"},"content":{"rendered":"<p>Das Bitzenburger Fletching Jig ist ein Befiederungsger\u00e4t f\u00fcr die pr\u00e4zise und wiederholbare Befestigung von Federn auf Pfeilsch\u00e4ften. Es erm\u00f6glicht eine exakte Ausrichtung der Befiederung und ist ein bew\u00e4hrtes Werkzeug unter Bogensch\u00fctzen und Pfeilbauern.<\/p>\n<p>Bitzenburger ist ein amerikanischer Hersteller, der seit Jahrzehnten f\u00fcr die Qualit\u00e4t seiner Befiederungsger\u00e4te bekannt ist. Das Jig eignet sich f\u00fcr verschiedene Pfeiltypen und Befiederungswinkel.<\/p>\n<ul>\n<li>Pr\u00e4zise und wiederholbare Befiederung<\/li>\n<li>Solide Verarbeitung aus amerikanischer Produktion<\/li>\n<li>Kompatibel mit verschiedenen Pfeilsch\u00e4ften und Spine-St\u00e4rken<\/li>\n<li>Bew\u00e4hrtes Werkzeug f\u00fcr Pfeilbauer und Bogensch\u00fctzen<\/li>\n<\/ul>","protected":false},"excerpt":{"rendered":"<table>\n<tr>\n<th>Propriet\u00e0<\/th>\n<th>Valore<\/th>\n<\/tr>\n<tr>\n<td>Marchio<\/td>\n<td>Bitzenburger<\/td>\n<\/tr>\n<tr>\n<td>Tipo<\/td>\n<td>Befiederungsger\u00e4t (Fletching Jig)<\/td>\n<\/tr>\n<tr>\n<td>Herkunftsland<\/td>\n<td>USA<\/td>\n<\/tr>\n<\/table>","protected":false},"featured_media":439910,"comment_status":"open","ping_status":"closed","template":"","meta":[],"product_brand":[838],"product_cat":[4141],"product_tag":[],"class_list":{"0":"post-400821","1":"product","2":"type-product","3":"status-publish","4":"has-post-thumbnail","6":"product_brand-bitzenburger","7":"product_cat-fletching-jigs-parts","9":"first","10":"instock","11":"shipping-taxable","12":"purchasable","13":"product-type-variable"},"_links":{"self":[{"href":"https:\/\/bogensportdiscount.ch\/it\/wp-json\/wp\/v2\/product\/400821","targetHints":{"allow":["GET"]}}],"collection":[{"href":"https:\/\/bogensportdiscount.ch\/it\/wp-json\/wp\/v2\/product"}],"about":[{"href":"https:\/\/bogensportdiscount.ch\/it\/wp-json\/wp\/v2\/types\/product"}],"replies":[{"embeddable":true,"href":"https:\/\/bogensportdiscount.ch\/it\/wp-json\/wp\/v2\/comments?post=400821"}],"wp:featuredmedia":[{"embeddable":true,"href":"https:\/\/bogensportdiscount.ch\/it\/wp-json\/wp\/v2\/media\/439910"}],"wp:attachment":[{"href":"https:\/\/bogensportdiscount.ch\/it\/wp-json\/wp\/v2\/media?parent=400821"}],"wp:term":[{"taxonomy":"product_brand","embeddable":true,"href":"https:\/\/bogensportdiscount.ch\/it\/wp-json\/wp\/v2\/product_brand?post=400821"},{"taxonomy":"product_cat","embeddable":true,"href":"https:\/\/bogensportdiscount.ch\/it\/wp-json\/wp\/v2\/product_cat?post=400821"},{"taxonomy":"product_tag","embeddable":true,"href":"https:\/\/bogensportdiscount.ch\/it\/wp-json\/wp\/v2\/product_tag?post=400821"}],"curies":[{"name":"wp","href":"https:\/\/api.w.org\/{rel}","templated":true}]}}