{"id":400804,"date":"2026-04-05T14:44:54","date_gmt":"2026-04-05T12:44:54","guid":{"rendered":"https:\/\/bogensportdiscount.ch\/produkt\/fletching-jigs-parts-2000-straight-clamp\/"},"modified":"2026-04-17T13:45:53","modified_gmt":"2026-04-17T11:45:53","slug":"bitzenburger-befiederungsgeraet-teile","status":"publish","type":"product","link":"https:\/\/bogensportdiscount.ch\/it\/prodotto\/bitzenburger-befiederungsgeraet-teile\/","title":{"rendered":"DIME DI PUNZONATURA BITZENBURGER E PARTI DI RICAMBIO"},"content":{"rendered":"<p>Bitzenburger ist ein etablierter Hersteller von Befiederungsger\u00e4ten und Zubeh\u00f6r f\u00fcr den Bogensport. Die Befiederungsger\u00e4te (Fletching Jigs) erm\u00f6glichen eine gleichm\u00e4ssige und wiederholgenaue Anbringung von Befiederungen an Pfeilsch\u00e4ften.<\/p>\n<p>Das Sortiment umfasst sowohl komplette Befiederungsger\u00e4te als auch Ersatz- und Einzelteile, die eine langfristige Nutzung und Wartung der Ger\u00e4te sicherstellen. Geeignet f\u00fcr die Verarbeitung verschiedener Pfeilschaftmaterialien und Befiederungstypen.<\/p>\n<ul>\n<li>Pr\u00e4zise und wiederholbare Befiederung von Pfeilen<\/li>\n<li>Ersatzteile f\u00fcr langfristige Nutzbarkeit<\/li>\n<li>Bew\u00e4hrte Qualit\u00e4t f\u00fcr Hobby- und Turniersch\u00fctzen<\/li>\n<li>Kompatibel mit verschiedenen Pfeilschafttypen<\/li>\n<\/ul>","protected":false},"excerpt":{"rendered":"<p><strong>Marchio:<\/strong> Bitzenburger<br \/><strong>Type:<\/strong> Clamp<\/p>","protected":false},"featured_media":439914,"comment_status":"open","ping_status":"closed","template":"","meta":[],"product_brand":[838],"product_cat":[4141],"product_tag":[],"class_list":{"0":"post-400804","1":"product","2":"type-product","3":"status-publish","4":"has-post-thumbnail","6":"product_brand-bitzenburger","7":"product_cat-fletching-jigs-parts","9":"first","10":"instock","11":"shipping-taxable","12":"purchasable","13":"product-type-variable"},"_links":{"self":[{"href":"https:\/\/bogensportdiscount.ch\/it\/wp-json\/wp\/v2\/product\/400804","targetHints":{"allow":["GET"]}}],"collection":[{"href":"https:\/\/bogensportdiscount.ch\/it\/wp-json\/wp\/v2\/product"}],"about":[{"href":"https:\/\/bogensportdiscount.ch\/it\/wp-json\/wp\/v2\/types\/product"}],"replies":[{"embeddable":true,"href":"https:\/\/bogensportdiscount.ch\/it\/wp-json\/wp\/v2\/comments?post=400804"}],"wp:featuredmedia":[{"embeddable":true,"href":"https:\/\/bogensportdiscount.ch\/it\/wp-json\/wp\/v2\/media\/439914"}],"wp:attachment":[{"href":"https:\/\/bogensportdiscount.ch\/it\/wp-json\/wp\/v2\/media?parent=400804"}],"wp:term":[{"taxonomy":"product_brand","embeddable":true,"href":"https:\/\/bogensportdiscount.ch\/it\/wp-json\/wp\/v2\/product_brand?post=400804"},{"taxonomy":"product_cat","embeddable":true,"href":"https:\/\/bogensportdiscount.ch\/it\/wp-json\/wp\/v2\/product_cat?post=400804"},{"taxonomy":"product_tag","embeddable":true,"href":"https:\/\/bogensportdiscount.ch\/it\/wp-json\/wp\/v2\/product_tag?post=400804"}],"curies":[{"name":"wp","href":"https:\/\/api.w.org\/{rel}","templated":true}]}}