{"id":400703,"date":"2026-04-05T14:44:41","date_gmt":"2026-04-05T12:44:41","guid":{"rendered":"https:\/\/bogensportdiscount.ch\/produkt\/hunting-3d-sights-grinder-mrt-5-pin-010-micro-lh-black\/"},"modified":"2026-04-15T12:37:43","modified_gmt":"2026-04-15T10:37:43","slug":"spothogg-compound-jagd-3d-visier-grinder-mrt-5-pin","status":"publish","type":"product","link":"https:\/\/bogensportdiscount.ch\/it\/prodotto\/spothogg-compound-jagd-3d-visier-grinder-mrt-5-pin\/","title":{"rendered":"SPOTHOGG CACCIA E MIRINO 3D SMERIGLIATORE MRT \/ 5 PIN"},"content":{"rendered":"<p>Das SPOTHOGG Grinder MRT (Multi-Ring Technology) ist ein Compound-Visier, das speziell f\u00fcr den Einsatz bei der Jagd und im 3D-Bogensport entwickelt wurde. Mit f\u00fcnf einstellbaren Pins bietet es eine zuverl\u00e4ssige Distanzabdeckung f\u00fcr verschiedene Schusssituationen.<\/p>\n<p>Das Visier ist f\u00fcr Rechts- und Linkshandbogensch\u00fctzen erh\u00e4ltlich und kann mit Glasfaserdicken von .010&#8243; oder .019&#8243; konfiguriert werden \u2013 je nach gew\u00fcnschter Sichtgenauigkeit und Lichtverh\u00e4ltnissen.<\/p>\n<ul>\n<li>5-Pin-Konfiguration f\u00fcr mehrere Schussdistanzen<\/li>\n<li>Geeignet f\u00fcr Jagd und 3D-Bogensport<\/li>\n<li>Verf\u00fcgbar f\u00fcr Rechts- und Linkshand<\/li>\n<li>W\u00e4hlbare Faserst\u00e4rken .010&#8243; und .019&#8243;<\/li>\n<\/ul>","protected":false},"excerpt":{"rendered":"<p><strong>Marchio:<\/strong> Spot-Hogg<\/p>","protected":false},"featured_media":450062,"comment_status":"open","ping_status":"closed","template":"","meta":[],"product_brand":[538],"product_cat":[4263],"product_tag":[],"class_list":{"0":"post-400703","1":"product","2":"type-product","3":"status-publish","4":"has-post-thumbnail","6":"product_brand-spothogg","7":"product_cat-jagd-und-3d-visiere","9":"first","10":"instock","11":"shipping-taxable","12":"purchasable","13":"product-type-variable"},"_links":{"self":[{"href":"https:\/\/bogensportdiscount.ch\/it\/wp-json\/wp\/v2\/product\/400703","targetHints":{"allow":["GET"]}}],"collection":[{"href":"https:\/\/bogensportdiscount.ch\/it\/wp-json\/wp\/v2\/product"}],"about":[{"href":"https:\/\/bogensportdiscount.ch\/it\/wp-json\/wp\/v2\/types\/product"}],"replies":[{"embeddable":true,"href":"https:\/\/bogensportdiscount.ch\/it\/wp-json\/wp\/v2\/comments?post=400703"}],"wp:featuredmedia":[{"embeddable":true,"href":"https:\/\/bogensportdiscount.ch\/it\/wp-json\/wp\/v2\/media\/450062"}],"wp:attachment":[{"href":"https:\/\/bogensportdiscount.ch\/it\/wp-json\/wp\/v2\/media?parent=400703"}],"wp:term":[{"taxonomy":"product_brand","embeddable":true,"href":"https:\/\/bogensportdiscount.ch\/it\/wp-json\/wp\/v2\/product_brand?post=400703"},{"taxonomy":"product_cat","embeddable":true,"href":"https:\/\/bogensportdiscount.ch\/it\/wp-json\/wp\/v2\/product_cat?post=400703"},{"taxonomy":"product_tag","embeddable":true,"href":"https:\/\/bogensportdiscount.ch\/it\/wp-json\/wp\/v2\/product_tag?post=400703"}],"curies":[{"name":"wp","href":"https:\/\/api.w.org\/{rel}","templated":true}]}}