{"id":400699,"date":"2026-04-05T14:44:41","date_gmt":"2026-04-05T12:44:41","guid":{"rendered":"https:\/\/bogensportdiscount.ch\/produkt\/hunting-3d-sights-grinder-mrt-3-pin-019-micro-lh-black\/"},"modified":"2026-04-15T12:37:43","modified_gmt":"2026-04-15T10:37:43","slug":"spothogg-compound-jagd-3d-visier-grinder-mrt-3-pin","status":"publish","type":"product","link":"https:\/\/bogensportdiscount.ch\/it\/prodotto\/spothogg-compound-jagd-3d-visier-grinder-mrt-3-pin\/","title":{"rendered":"SPOTHOGG CACCIA E MIRINO 3D SMERIGLIATORE MRT \/ 3 PIN"},"content":{"rendered":"<p>Das SPOTHOGG Grinder MRT 3-Pin ist ein Compound-Visier f\u00fcr den Jagd- und 3D-Bogensport. Es ist sowohl f\u00fcr Rechts- als auch f\u00fcr Linkshandsch\u00fctzen erh\u00e4ltlich und l\u00e4sst sich mit Faserdicken von .010&#8243; oder .019&#8243; konfigurieren.<\/p>\n<p>Das Visier eignet sich f\u00fcr den Einsatz im Gel\u00e4nde sowie auf 3D-Parcours und bietet mit drei Pins eine bew\u00e4hrte Einschuss-Konfiguration f\u00fcr verschiedene Distanzen.<\/p>\n<ul>\n<li>3-Pin-Konfiguration f\u00fcr mehrere Distanzen<\/li>\n<li>Erh\u00e4ltlich in .010&#8243; und .019&#8243; Faserdicke<\/li>\n<li>F\u00fcr Links- und Rechtshandsch\u00fctzen geeignet<\/li>\n<li>Konzipiert f\u00fcr Jagd- und 3D-Bogensport<\/li>\n<\/ul>","protected":false},"excerpt":{"rendered":"<p><strong>Marchio:<\/strong> Spot-Hogg<\/p>","protected":false},"featured_media":452553,"comment_status":"open","ping_status":"closed","template":"","meta":[],"product_brand":[538],"product_cat":[4263],"product_tag":[],"class_list":{"0":"post-400699","1":"product","2":"type-product","3":"status-publish","4":"has-post-thumbnail","6":"product_brand-spothogg","7":"product_cat-jagd-und-3d-visiere","9":"first","10":"instock","11":"shipping-taxable","12":"purchasable","13":"product-type-variable"},"_links":{"self":[{"href":"https:\/\/bogensportdiscount.ch\/it\/wp-json\/wp\/v2\/product\/400699","targetHints":{"allow":["GET"]}}],"collection":[{"href":"https:\/\/bogensportdiscount.ch\/it\/wp-json\/wp\/v2\/product"}],"about":[{"href":"https:\/\/bogensportdiscount.ch\/it\/wp-json\/wp\/v2\/types\/product"}],"replies":[{"embeddable":true,"href":"https:\/\/bogensportdiscount.ch\/it\/wp-json\/wp\/v2\/comments?post=400699"}],"wp:featuredmedia":[{"embeddable":true,"href":"https:\/\/bogensportdiscount.ch\/it\/wp-json\/wp\/v2\/media\/452553"}],"wp:attachment":[{"href":"https:\/\/bogensportdiscount.ch\/it\/wp-json\/wp\/v2\/media?parent=400699"}],"wp:term":[{"taxonomy":"product_brand","embeddable":true,"href":"https:\/\/bogensportdiscount.ch\/it\/wp-json\/wp\/v2\/product_brand?post=400699"},{"taxonomy":"product_cat","embeddable":true,"href":"https:\/\/bogensportdiscount.ch\/it\/wp-json\/wp\/v2\/product_cat?post=400699"},{"taxonomy":"product_tag","embeddable":true,"href":"https:\/\/bogensportdiscount.ch\/it\/wp-json\/wp\/v2\/product_tag?post=400699"}],"curies":[{"name":"wp","href":"https:\/\/api.w.org\/{rel}","templated":true}]}}