{"id":400693,"date":"2026-04-05T14:44:39","date_gmt":"2026-04-05T12:44:39","guid":{"rendered":"https:\/\/bogensportdiscount.ch\/produkt\/dawn-toolless-019-fiber-5-pin-sight-light-black\/"},"modified":"2026-04-23T11:52:00","modified_gmt":"2026-04-23T09:52:00","slug":"maximal-compound-visier-dawn-toolless-5-pin-019-mit-visierleuchte","status":"publish","type":"product","link":"https:\/\/bogensportdiscount.ch\/it\/prodotto\/maximal-compound-visier-dawn-toolless-5-pin-019-mit-visierleuchte\/","title":{"rendered":"MAXIMAL DAWN TOOLLESS\/.019 FIBER 5-PIN\/VISIER"},"content":{"rendered":"<p>Das MAXIMAL Dawn Toolless ist ein Compound-Visier aus dem Bereich Jagd- und 3D-Bogensport. Mit f\u00fcnf Faseroptik-Pins im Format .019 Zoll bietet es eine pr\u00e4zise Zielerfassung bei verschiedenen Distanzen. Die integrierte Visierleuchte verbessert die Sichtbarkeit der Pins bei schwierigen Lichtverh\u00e4ltnissen.<\/p>\n<p>Das \u00abToolless\u00bb-Konzept erlaubt die Verstellung der Pins ohne zus\u00e4tzliches Werkzeug \u2014 ein praktischer Vorteil beim Einsatz auf der Jagd oder im 3D-Parcours. Das Visier ist in den Ausf\u00fchrungen Schwarz und Camo erh\u00e4ltlich und l\u00e4sst sich so optisch an unterschiedliche Anforderungen anpassen.<\/p>\n<ul>\n<li>5-Pin-Faseroptik mit .019 Zoll St\u00e4rke<\/li>\n<li>Werkzeuglose Einstellung der Pins<\/li>\n<li>Integrierte Visierleuchte f\u00fcr schlechte Lichtverh\u00e4ltnisse<\/li>\n<li>Verf\u00fcgbar in Schwarz und Camo<\/li>\n<\/ul>","protected":false},"excerpt":{"rendered":"<p><strong>Marchio:<\/strong> Maximal<\/p>","protected":false},"featured_media":450059,"comment_status":"open","ping_status":"closed","template":"","meta":[],"product_brand":[780],"product_cat":[4263],"product_tag":[],"class_list":{"0":"post-400693","1":"product","2":"type-product","3":"status-publish","4":"has-post-thumbnail","6":"product_brand-maximal","7":"product_cat-jagd-und-3d-visiere","8":"product_shipping_class-bsd-standard","10":"first","11":"instock","12":"shipping-taxable","13":"purchasable","14":"product-type-variable"},"yoast_head":"<!-- This site is optimized with the Yoast SEO plugin v27.4 - https:\/\/yoast.com\/product\/yoast-seo-wordpress\/ -->\n<title>MAXIMAL DAWN TOOLLESS\/.019 FIBER 5-PIN\/VISIR - Bogensportdiscount \u2013 Archi, frecce, bersagli e accessori<\/title>\n<meta name=\"description\" content=\"MAXIMAL DAWN TOOLLESS\/.019 FIBER 5-PIN\/VISIER: acquista a un prezzo conveniente su Bogensportdiscount \u2013 Le migliori marche, spedizione veloce dalla Svizzera.\" \/>\n<meta name=\"robots\" content=\"index, follow, max-snippet:-1, max-image-preview:large, max-video-preview:-1\" \/>\n<link rel=\"canonical\" href=\"https:\/\/bogensportdiscount.ch\/it\/prodotto\/maximal-compound-visier-dawn-toolless-5-pin-019-mit-visierleuchte\/\" \/>\n<meta property=\"og:locale\" content=\"it_IT\" \/>\n<meta property=\"og:type\" content=\"article\" \/>\n<meta property=\"og:title\" content=\"MAXIMAL DAWN TOOLLESS\/.019 FIBER 5-PIN\/VISIER - Bogensportdiscount \u2013 Archi, frecce, bersagli e accessori\" \/>\n<meta property=\"og:description\" content=\"MAXIMAL DAWN TOOLLESS\/.019 FIBER 5-PIN\/VISIER: acquista a un prezzo conveniente su Bogensportdiscount \u2013 Le migliori marche, spedizione veloce dalla Svizzera.\" \/>\n<meta property=\"og:url\" content=\"https:\/\/bogensportdiscount.ch\/it\/prodotto\/maximal-compound-visier-dawn-toolless-5-pin-019-mit-visierleuchte\/\" \/>\n<meta property=\"og:site_name\" content=\"Bogensportdiscount \u2013 B\u00f6gen, Pfeile, Targets &amp; Zubeh\u00f6r\" \/>\n<meta property=\"article:modified_time\" content=\"2026-04-23T09:52:00+00:00\" \/>\n<meta property=\"og:image\" content=\"https:\/\/bogensportdiscount.ch\/wp-content\/uploads\/bsm-images\/A026731_1.png\" \/>\n\t<meta property=\"og:image:width\" content=\"960\" \/>\n\t<meta property=\"og:image:height\" content=\"508\" \/>\n\t<meta property=\"og:image:type\" content=\"image\/png\" \/>\n<meta name=\"twitter:card\" content=\"summary_large_image\" \/>\n<meta name=\"twitter:label1\" content=\"Tempo di lettura stimato\" \/>\n\t<meta name=\"twitter:data1\" content=\"1 minuto\" \/>\n<script type=\"application\/ld+json\" class=\"yoast-schema-graph\">{\"@context\":\"https:\\\/\\\/schema.org\",\"@graph\":[{\"@type\":\"WebPage\",\"@id\":\"https:\\\/\\\/bogensportdiscount.ch\\\/produkt\\\/maximal-compound-visier-dawn-toolless-5-pin-019-mit-visierleuchte\\\/\",\"url\":\"https:\\\/\\\/bogensportdiscount.ch\\\/produkt\\\/maximal-compound-visier-dawn-toolless-5-pin-019-mit-visierleuchte\\\/\",\"name\":\"MAXIMAL DAWN TOOLLESS\\\/.019 FIBER 5-PIN\\\/VISIER - Bogensportdiscount \u2013 B\u00f6gen, Pfeile, Targets &amp; Zubeh\u00f6r\",\"isPartOf\":{\"@id\":\"https:\\\/\\\/bogensportdiscount.ch\\\/#website\"},\"primaryImageOfPage\":{\"@id\":\"https:\\\/\\\/bogensportdiscount.ch\\\/produkt\\\/maximal-compound-visier-dawn-toolless-5-pin-019-mit-visierleuchte\\\/#primaryimage\"},\"image\":{\"@id\":\"https:\\\/\\\/bogensportdiscount.ch\\\/produkt\\\/maximal-compound-visier-dawn-toolless-5-pin-019-mit-visierleuchte\\\/#primaryimage\"},\"thumbnailUrl\":\"https:\\\/\\\/bogensportdiscount.ch\\\/wp-content\\\/uploads\\\/bsm-images\\\/A026731_1.png\",\"datePublished\":\"2026-04-05T12:44:39+00:00\",\"dateModified\":\"2026-04-23T09:52:00+00:00\",\"description\":\"MAXIMAL DAWN TOOLLESS\\\/.019 FIBER 5-PIN\\\/VISIER g\u00fcnstig kaufen bei Bogensportdiscount \u2013 Top-Marken, schneller Versand aus der Schweiz.\",\"breadcrumb\":{\"@id\":\"https:\\\/\\\/bogensportdiscount.ch\\\/produkt\\\/maximal-compound-visier-dawn-toolless-5-pin-019-mit-visierleuchte\\\/#breadcrumb\"},\"inLanguage\":\"it-IT\",\"potentialAction\":[{\"@type\":\"ReadAction\",\"target\":[\"https:\\\/\\\/bogensportdiscount.ch\\\/produkt\\\/maximal-compound-visier-dawn-toolless-5-pin-019-mit-visierleuchte\\\/\"]}]},{\"@type\":\"ImageObject\",\"inLanguage\":\"it-IT\",\"@id\":\"https:\\\/\\\/bogensportdiscount.ch\\\/produkt\\\/maximal-compound-visier-dawn-toolless-5-pin-019-mit-visierleuchte\\\/#primaryimage\",\"url\":\"https:\\\/\\\/bogensportdiscount.ch\\\/wp-content\\\/uploads\\\/bsm-images\\\/A026731_1.png\",\"contentUrl\":\"https:\\\/\\\/bogensportdiscount.ch\\\/wp-content\\\/uploads\\\/bsm-images\\\/A026731_1.png\",\"width\":960,\"height\":508},{\"@type\":\"BreadcrumbList\",\"@id\":\"https:\\\/\\\/bogensportdiscount.ch\\\/produkt\\\/maximal-compound-visier-dawn-toolless-5-pin-019-mit-visierleuchte\\\/#breadcrumb\",\"itemListElement\":[{\"@type\":\"ListItem\",\"position\":1,\"name\":\"Home\",\"item\":\"https:\\\/\\\/bogensportdiscount.ch\\\/\"},{\"@type\":\"ListItem\",\"position\":2,\"name\":\"Shop\",\"item\":\"https:\\\/\\\/bogensportdiscount.ch\\\/shop\\\/\"},{\"@type\":\"ListItem\",\"position\":3,\"name\":\"MAXIMAL DAWN TOOLLESS\\\/.019 FIBER 5-PIN\\\/VISIER\"}]},{\"@type\":\"WebSite\",\"@id\":\"https:\\\/\\\/bogensportdiscount.ch\\\/#website\",\"url\":\"https:\\\/\\\/bogensportdiscount.ch\\\/\",\"name\":\"Bogensportdiscount\",\"description\":\"\",\"potentialAction\":[{\"@type\":\"SearchAction\",\"target\":{\"@type\":\"EntryPoint\",\"urlTemplate\":\"https:\\\/\\\/bogensportdiscount.ch\\\/?s={search_term_string}\"},\"query-input\":{\"@type\":\"PropertyValueSpecification\",\"valueRequired\":true,\"valueName\":\"search_term_string\"}}],\"inLanguage\":\"it-IT\"}]}<\/script>\n<!-- \/ Yoast SEO plugin. -->","yoast_head_json":{"title":"MAXIMAL DAWN TOOLLESS\/.019 FIBER 5-PIN\/VISIR - Bogensportdiscount \u2013 Archi, frecce, bersagli e accessori","description":"MAXIMAL DAWN TOOLLESS\/.019 FIBER 5-PIN\/VISIER: acquista a un prezzo conveniente su Bogensportdiscount \u2013 Le migliori marche, spedizione veloce dalla Svizzera.","robots":{"index":"index","follow":"follow","max-snippet":"max-snippet:-1","max-image-preview":"max-image-preview:large","max-video-preview":"max-video-preview:-1"},"canonical":"https:\/\/bogensportdiscount.ch\/it\/prodotto\/maximal-compound-visier-dawn-toolless-5-pin-019-mit-visierleuchte\/","og_locale":"it_IT","og_type":"article","og_title":"MAXIMAL DAWN TOOLLESS\/.019 FIBER 5-PIN\/VISIER - Bogensportdiscount \u2013 Archi, frecce, bersagli e accessori","og_description":"MAXIMAL DAWN TOOLLESS\/.019 FIBER 5-PIN\/VISIER: acquista a un prezzo conveniente su Bogensportdiscount \u2013 Le migliori marche, spedizione veloce dalla Svizzera.","og_url":"https:\/\/bogensportdiscount.ch\/it\/prodotto\/maximal-compound-visier-dawn-toolless-5-pin-019-mit-visierleuchte\/","og_site_name":"Bogensportdiscount \u2013 B\u00f6gen, Pfeile, Targets &amp; Zubeh\u00f6r","article_modified_time":"2026-04-23T09:52:00+00:00","og_image":[{"width":960,"height":508,"url":"https:\/\/bogensportdiscount.ch\/wp-content\/uploads\/bsm-images\/A026731_1.png","type":"image\/png"}],"twitter_card":"summary_large_image","twitter_misc":{"Tempo di lettura stimato":"1 minuto"},"schema":{"@context":"https:\/\/schema.org","@graph":[{"@type":"WebPage","@id":"https:\/\/bogensportdiscount.ch\/produkt\/maximal-compound-visier-dawn-toolless-5-pin-019-mit-visierleuchte\/","url":"https:\/\/bogensportdiscount.ch\/produkt\/maximal-compound-visier-dawn-toolless-5-pin-019-mit-visierleuchte\/","name":"MAXIMAL DAWN TOOLLESS\/.019 FIBER 5-PIN\/VISIER - Bogensportdiscount \u2013 Archi, frecce, bersagli e accessori","isPartOf":{"@id":"https:\/\/bogensportdiscount.ch\/#website"},"primaryImageOfPage":{"@id":"https:\/\/bogensportdiscount.ch\/produkt\/maximal-compound-visier-dawn-toolless-5-pin-019-mit-visierleuchte\/#primaryimage"},"image":{"@id":"https:\/\/bogensportdiscount.ch\/produkt\/maximal-compound-visier-dawn-toolless-5-pin-019-mit-visierleuchte\/#primaryimage"},"thumbnailUrl":"https:\/\/bogensportdiscount.ch\/wp-content\/uploads\/bsm-images\/A026731_1.png","datePublished":"2026-04-05T12:44:39+00:00","dateModified":"2026-04-23T09:52:00+00:00","description":"MAXIMAL DAWN TOOLLESS\/.019 FIBER 5-PIN\/VISIER: acquista a un prezzo conveniente su Bogensportdiscount \u2013 Le migliori marche, spedizione veloce dalla Svizzera.","breadcrumb":{"@id":"https:\/\/bogensportdiscount.ch\/produkt\/maximal-compound-visier-dawn-toolless-5-pin-019-mit-visierleuchte\/#breadcrumb"},"inLanguage":"it-IT","potentialAction":[{"@type":"ReadAction","target":["https:\/\/bogensportdiscount.ch\/produkt\/maximal-compound-visier-dawn-toolless-5-pin-019-mit-visierleuchte\/"]}]},{"@type":"ImageObject","inLanguage":"it-IT","@id":"https:\/\/bogensportdiscount.ch\/produkt\/maximal-compound-visier-dawn-toolless-5-pin-019-mit-visierleuchte\/#primaryimage","url":"https:\/\/bogensportdiscount.ch\/wp-content\/uploads\/bsm-images\/A026731_1.png","contentUrl":"https:\/\/bogensportdiscount.ch\/wp-content\/uploads\/bsm-images\/A026731_1.png","width":960,"height":508},{"@type":"BreadcrumbList","@id":"https:\/\/bogensportdiscount.ch\/produkt\/maximal-compound-visier-dawn-toolless-5-pin-019-mit-visierleuchte\/#breadcrumb","itemListElement":[{"@type":"ListItem","position":1,"name":"Home","item":"https:\/\/bogensportdiscount.ch\/"},{"@type":"ListItem","position":2,"name":"Shop","item":"https:\/\/bogensportdiscount.ch\/shop\/"},{"@type":"ListItem","position":3,"name":"MAXIMAL DAWN TOOLLESS\/.019 FIBER 5-PIN\/VISIER"}]},{"@type":"WebSite","@id":"https:\/\/bogensportdiscount.ch\/#website","url":"https:\/\/bogensportdiscount.ch\/","name":"Bogensportdiscount","description":"","potentialAction":[{"@type":"SearchAction","target":{"@type":"EntryPoint","urlTemplate":"https:\/\/bogensportdiscount.ch\/?s={search_term_string}"},"query-input":{"@type":"PropertyValueSpecification","valueRequired":true,"valueName":"search_term_string"}}],"inLanguage":"it-IT"}]}},"_links":{"self":[{"href":"https:\/\/bogensportdiscount.ch\/it\/wp-json\/wp\/v2\/product\/400693","targetHints":{"allow":["GET"]}}],"collection":[{"href":"https:\/\/bogensportdiscount.ch\/it\/wp-json\/wp\/v2\/product"}],"about":[{"href":"https:\/\/bogensportdiscount.ch\/it\/wp-json\/wp\/v2\/types\/product"}],"replies":[{"embeddable":true,"href":"https:\/\/bogensportdiscount.ch\/it\/wp-json\/wp\/v2\/comments?post=400693"}],"wp:featuredmedia":[{"embeddable":true,"href":"https:\/\/bogensportdiscount.ch\/it\/wp-json\/wp\/v2\/media\/450059"}],"wp:attachment":[{"href":"https:\/\/bogensportdiscount.ch\/it\/wp-json\/wp\/v2\/media?parent=400693"}],"wp:term":[{"taxonomy":"product_brand","embeddable":true,"href":"https:\/\/bogensportdiscount.ch\/it\/wp-json\/wp\/v2\/product_brand?post=400693"},{"taxonomy":"product_cat","embeddable":true,"href":"https:\/\/bogensportdiscount.ch\/it\/wp-json\/wp\/v2\/product_cat?post=400693"},{"taxonomy":"product_tag","embeddable":true,"href":"https:\/\/bogensportdiscount.ch\/it\/wp-json\/wp\/v2\/product_tag?post=400693"}],"curies":[{"name":"wp","href":"https:\/\/api.w.org\/{rel}","templated":true}]}}