{"id":400600,"date":"2026-04-05T14:44:28","date_gmt":"2026-04-05T12:44:28","guid":{"rendered":"https:\/\/bogensportdiscount.ch\/produkt\/compound-sights-shorty-tec-x-rh-anodize-black-black\/"},"modified":"2026-04-17T15:42:14","modified_gmt":"2026-04-17T13:42:14","slug":"avalon-compound-visier-shorty-tec-x","status":"publish","type":"product","link":"https:\/\/bogensportdiscount.ch\/it\/prodotto\/avalon-compound-visier-shorty-tec-x\/","title":{"rendered":"MIRINO AVALON TEC X SHORTY COMPOUND"},"content":{"rendered":"<p>Das Avalon Compound-Visier Shorty Tec X ist ein kompaktes Visier f\u00fcr Compound-B\u00f6gen mit einer L\u00e4nge von 6 Zoll. Es eignet sich f\u00fcr den Einsatz im Target-Bogensport und ist sowohl f\u00fcr Rechts- als auch f\u00fcr Linksh\u00e4nder erh\u00e4ltlich.<\/p>\n<p>Die kurze Bauweise des Shorty Tec X erm\u00f6glicht eine platzsparende Montage am Bogen, ohne auf die pr\u00e4zise Ausrichtung verzichten zu m\u00fcssen. Das Visier ist f\u00fcr den Einsatz im Wettkampf- und Trainingsbereich konzipiert.<\/p>\n<ul>\n<li>Kompakte L\u00e4nge von 6 Zoll<\/li>\n<li>Erh\u00e4ltlich in Rechtshand- und Linkshand-Ausf\u00fchrung<\/li>\n<li>Geeignet f\u00fcr Compound-Target-B\u00f6gen<\/li>\n<\/ul>","protected":false},"excerpt":{"rendered":"<table>\n<tr>\n<th>Propriet\u00e0<\/th>\n<th>Valore<\/th>\n<\/tr>\n<tr>\n<td>Marchio<\/td>\n<td>Avalon<\/td>\n<\/tr>\n<tr>\n<td>Lunghezza<\/td>\n<td>6 Zoll<\/td>\n<\/tr>\n<tr>\n<td>Verf\u00fcgbare Ausf\u00fchrungen<\/td>\n<td>Linkshand (LH), Rechtshand (RH)<\/td>\n<\/tr>\n<tr>\n<td>Herkunftsland<\/td>\n<td>China<\/td>\n<\/tr>\n<\/table>","protected":false},"featured_media":450021,"comment_status":"open","ping_status":"closed","template":"","meta":[],"product_brand":[449],"product_cat":[4261],"product_tag":[],"class_list":{"0":"post-400600","1":"product","2":"type-product","3":"status-publish","4":"has-post-thumbnail","6":"product_brand-avalon","7":"product_cat-compound-visiere","9":"first","10":"instock","11":"shipping-taxable","12":"purchasable","13":"product-type-variable"},"_links":{"self":[{"href":"https:\/\/bogensportdiscount.ch\/it\/wp-json\/wp\/v2\/product\/400600","targetHints":{"allow":["GET"]}}],"collection":[{"href":"https:\/\/bogensportdiscount.ch\/it\/wp-json\/wp\/v2\/product"}],"about":[{"href":"https:\/\/bogensportdiscount.ch\/it\/wp-json\/wp\/v2\/types\/product"}],"replies":[{"embeddable":true,"href":"https:\/\/bogensportdiscount.ch\/it\/wp-json\/wp\/v2\/comments?post=400600"}],"wp:featuredmedia":[{"embeddable":true,"href":"https:\/\/bogensportdiscount.ch\/it\/wp-json\/wp\/v2\/media\/450021"}],"wp:attachment":[{"href":"https:\/\/bogensportdiscount.ch\/it\/wp-json\/wp\/v2\/media?parent=400600"}],"wp:term":[{"taxonomy":"product_brand","embeddable":true,"href":"https:\/\/bogensportdiscount.ch\/it\/wp-json\/wp\/v2\/product_brand?post=400600"},{"taxonomy":"product_cat","embeddable":true,"href":"https:\/\/bogensportdiscount.ch\/it\/wp-json\/wp\/v2\/product_cat?post=400600"},{"taxonomy":"product_tag","embeddable":true,"href":"https:\/\/bogensportdiscount.ch\/it\/wp-json\/wp\/v2\/product_tag?post=400600"}],"curies":[{"name":"wp","href":"https:\/\/api.w.org\/{rel}","templated":true}]}}