{"id":400597,"date":"2026-04-05T14:44:28","date_gmt":"2026-04-05T12:44:28","guid":{"rendered":"https:\/\/bogensportdiscount.ch\/produkt\/compound-sights-tec-x-rh-anodize-black-black\/"},"modified":"2026-04-17T15:42:14","modified_gmt":"2026-04-17T13:42:14","slug":"avalon-compound-visier-tec-x","status":"publish","type":"product","link":"https:\/\/bogensportdiscount.ch\/it\/prodotto\/avalon-compound-visier-tec-x\/","title":{"rendered":"MIRINO COMPOSTO AVALON TEC X"},"content":{"rendered":"<p>Das AVALON Tec X ist ein Compound-Targetvisier aus dem Sortiment von AVALON. Es ist in einer Rechtshand- und einer Linkshandversion erh\u00e4ltlich und damit f\u00fcr ein breites Spektrum an Sch\u00fctzinnen und Sch\u00fctzen geeignet.<\/p>\n<p>Compound-Targetvisiere dieser Kategorie werden typischerweise am Compoundbogen montiert und erm\u00f6glichen pr\u00e4zises Zielen auf Turnierb\u00f6gen sowie beim Trainingsbetrieb. Das Tec X richtet sich an Sch\u00fctzen, die ein zuverl\u00e4ssiges Visier im Targetbereich suchen.<\/p>\n<ul>\n<li>Erh\u00e4ltlich f\u00fcr Rechtshand (RH) und Linkshand (LH)<\/li>\n<li>Kategorie: Compound-Target-Visier<\/li>\n<li>Geeignet f\u00fcr wettkampf- und trainingsorientierten Einsatz<\/li>\n<\/ul>","protected":false},"excerpt":{"rendered":"<p><strong>Marchio:<\/strong> Avalon<br \/><strong>Length (inch):<\/strong> 9<\/p>","protected":false},"featured_media":450018,"comment_status":"open","ping_status":"closed","template":"","meta":[],"product_brand":[449],"product_cat":[4261],"product_tag":[],"class_list":{"0":"post-400597","1":"product","2":"type-product","3":"status-publish","4":"has-post-thumbnail","6":"product_brand-avalon","7":"product_cat-compound-visiere","9":"first","10":"instock","11":"shipping-taxable","12":"purchasable","13":"product-type-variable"},"_links":{"self":[{"href":"https:\/\/bogensportdiscount.ch\/it\/wp-json\/wp\/v2\/product\/400597","targetHints":{"allow":["GET"]}}],"collection":[{"href":"https:\/\/bogensportdiscount.ch\/it\/wp-json\/wp\/v2\/product"}],"about":[{"href":"https:\/\/bogensportdiscount.ch\/it\/wp-json\/wp\/v2\/types\/product"}],"replies":[{"embeddable":true,"href":"https:\/\/bogensportdiscount.ch\/it\/wp-json\/wp\/v2\/comments?post=400597"}],"wp:featuredmedia":[{"embeddable":true,"href":"https:\/\/bogensportdiscount.ch\/it\/wp-json\/wp\/v2\/media\/450018"}],"wp:attachment":[{"href":"https:\/\/bogensportdiscount.ch\/it\/wp-json\/wp\/v2\/media?parent=400597"}],"wp:term":[{"taxonomy":"product_brand","embeddable":true,"href":"https:\/\/bogensportdiscount.ch\/it\/wp-json\/wp\/v2\/product_brand?post=400597"},{"taxonomy":"product_cat","embeddable":true,"href":"https:\/\/bogensportdiscount.ch\/it\/wp-json\/wp\/v2\/product_cat?post=400597"},{"taxonomy":"product_tag","embeddable":true,"href":"https:\/\/bogensportdiscount.ch\/it\/wp-json\/wp\/v2\/product_tag?post=400597"}],"curies":[{"name":"wp","href":"https:\/\/api.w.org\/{rel}","templated":true}]}}