{"id":400562,"date":"2026-04-05T14:44:23","date_gmt":"2026-04-05T12:44:23","guid":{"rendered":"https:\/\/bogensportdiscount.ch\/produkt\/sight-parts-threaded-rod-for-sight-aperture-iris-8-32\/"},"modified":"2026-04-17T13:45:49","modified_gmt":"2026-04-17T11:45:49","slug":"gehmann-visier-gewindestange-fuer-irisblende","status":"publish","type":"product","link":"https:\/\/bogensportdiscount.ch\/it\/prodotto\/gehmann-visier-gewindestange-fuer-irisblende\/","title":{"rendered":"PARTI DI RICAMBIO PER MIRINI GEHMANN ASTA FILETTATA PER IRIDE DI APERTURA DEL MIRINO"},"content":{"rendered":"<p>Die Gehmann Gewindestange ist ein Ersatz- und Zubeh\u00f6rteil f\u00fcr Visier-Irisblenden. Sie erm\u00f6glicht die pr\u00e4zise Einstellung und Fixierung der Irisblende am Visierelement und ist in zwei Durchmessern erh\u00e4ltlich: 10\/32 und 8\/32.<\/p>\n<p>Das Teil ist passend f\u00fcr g\u00e4ngige Gehmann Visiersysteme konzipiert und eignet sich f\u00fcr die Wartung oder den Austausch bei bestehenden Visieraufbauten im Bogensport sowie im Schiesssport.<\/p>\n<ul>\n<li>Erh\u00e4ltlich in den Gewindegr\u00f6ssen 10\/32 und 8\/32<\/li>\n<li>Hergestellt in Deutschland<\/li>\n<li>Kompatibel mit Gehmann Irisblenden<\/li>\n<li>Pr\u00e4zisionsteil f\u00fcr sichere Fixierung der Visierapertur<\/li>\n<\/ul>","protected":false},"excerpt":{"rendered":"<table>\n<tr>\n<th>Propriet\u00e0<\/th>\n<th>Valore<\/th>\n<\/tr>\n<tr>\n<td>Marchio<\/td>\n<td>Gehmann<\/td>\n<\/tr>\n<tr>\n<td>Durchmesser<\/td>\n<td>10\/32, 8\/32<\/td>\n<\/tr>\n<tr>\n<td>Herkunftsland<\/td>\n<td>Deutschland<\/td>\n<\/tr>\n<\/table>","protected":false},"featured_media":449997,"comment_status":"open","ping_status":"closed","template":"","meta":[],"product_brand":[828],"product_cat":[4259],"product_tag":[],"class_list":{"0":"post-400562","1":"product","2":"type-product","3":"status-publish","4":"has-post-thumbnail","6":"product_brand-gehmann","7":"product_cat-ring-pin-parts","9":"first","10":"instock","11":"shipping-taxable","12":"purchasable","13":"product-type-variable"},"_links":{"self":[{"href":"https:\/\/bogensportdiscount.ch\/it\/wp-json\/wp\/v2\/product\/400562","targetHints":{"allow":["GET"]}}],"collection":[{"href":"https:\/\/bogensportdiscount.ch\/it\/wp-json\/wp\/v2\/product"}],"about":[{"href":"https:\/\/bogensportdiscount.ch\/it\/wp-json\/wp\/v2\/types\/product"}],"replies":[{"embeddable":true,"href":"https:\/\/bogensportdiscount.ch\/it\/wp-json\/wp\/v2\/comments?post=400562"}],"wp:featuredmedia":[{"embeddable":true,"href":"https:\/\/bogensportdiscount.ch\/it\/wp-json\/wp\/v2\/media\/449997"}],"wp:attachment":[{"href":"https:\/\/bogensportdiscount.ch\/it\/wp-json\/wp\/v2\/media?parent=400562"}],"wp:term":[{"taxonomy":"product_brand","embeddable":true,"href":"https:\/\/bogensportdiscount.ch\/it\/wp-json\/wp\/v2\/product_brand?post=400562"},{"taxonomy":"product_cat","embeddable":true,"href":"https:\/\/bogensportdiscount.ch\/it\/wp-json\/wp\/v2\/product_cat?post=400562"},{"taxonomy":"product_tag","embeddable":true,"href":"https:\/\/bogensportdiscount.ch\/it\/wp-json\/wp\/v2\/product_tag?post=400562"}],"curies":[{"name":"wp","href":"https:\/\/api.w.org\/{rel}","templated":true}]}}