{"id":400469,"date":"2026-04-05T14:44:15","date_gmt":"2026-04-05T12:44:15","guid":{"rendered":"https:\/\/bogensportdiscount.ch\/produkt\/vanes-ice-compound-3-black-36-pk\/"},"modified":"2026-04-17T13:45:47","modified_gmt":"2026-04-17T11:45:47","slug":"bohning-vanes-ice-compound-3-zoll","status":"publish","type":"product","link":"https:\/\/bogensportdiscount.ch\/it\/prodotto\/bohning-vanes-ice-compound-3-zoll\/","title":{"rendered":"PALETTA COMPOSTA DA GHIACCIO BOHNING"},"content":{"rendered":"<p>Die Bohning Ice Compound Vanes sind hochwertige Kunststoff-Fl\u00fcgel f\u00fcr Pfeile, die speziell f\u00fcr Compound-B\u00f6gen entwickelt wurden. Mit einer L\u00e4nge von 3 Zoll bieten sie optimale Flugeigenschaften und Stabilit\u00e4t im Flug.<\/p>\n<p>Die Vanes sind in vier verschiedenen Farben erh\u00e4ltlich \u2013 Schwarz, Gr\u00fcn, Orange und Rot \u2013 und erm\u00f6glichen eine individuelle Gestaltung deiner Pfeile. Bohning ist ein renommierter Hersteller von Bogensport-Komponenten und garantiert bew\u00e4hrte Qualit\u00e4t \u00abMade in USA\u00bb.<\/p>\n<ul>\n<li>Speziell f\u00fcr Compound-B\u00f6gen konzipiert<\/li>\n<li>3 Zoll L\u00e4nge f\u00fcr optimale Flugstabilit\u00e4t<\/li>\n<li>Vier Farboptionen zur Auswahl<\/li>\n<li>Qualit\u00e4t aus den USA<\/li>\n<\/ul>","protected":false},"excerpt":{"rendered":"<table>\n<tr>\n<th>Propriet\u00e0<\/th>\n<th>Valore<\/th>\n<\/tr>\n<tr>\n<td>Marchio<\/td>\n<td>Bohning<\/td>\n<\/tr>\n<tr>\n<td>Tipo<\/td>\n<td>Compound Vanes<\/td>\n<\/tr>\n<tr>\n<td>Lunghezza<\/td>\n<td>3 Zoll<\/td>\n<\/tr>\n<tr>\n<td>Farben<\/td>\n<td>Schwarz, Gr\u00fcn, Orange, Rot<\/td>\n<\/tr>\n<tr>\n<td>Origine<\/td>\n<td>USA<\/td>\n<\/tr>\n<\/table>","protected":false},"featured_media":449984,"comment_status":"open","ping_status":"closed","template":"","meta":[],"product_brand":[444],"product_cat":[4552],"product_tag":[],"class_list":{"0":"post-400469","1":"product","2":"type-product","3":"status-publish","4":"has-post-thumbnail","6":"product_brand-bohning","7":"product_cat-plastik-vanes-vanes-nocks-wraps","9":"first","10":"instock","11":"shipping-taxable","12":"purchasable","13":"product-type-variable"},"_links":{"self":[{"href":"https:\/\/bogensportdiscount.ch\/it\/wp-json\/wp\/v2\/product\/400469","targetHints":{"allow":["GET"]}}],"collection":[{"href":"https:\/\/bogensportdiscount.ch\/it\/wp-json\/wp\/v2\/product"}],"about":[{"href":"https:\/\/bogensportdiscount.ch\/it\/wp-json\/wp\/v2\/types\/product"}],"replies":[{"embeddable":true,"href":"https:\/\/bogensportdiscount.ch\/it\/wp-json\/wp\/v2\/comments?post=400469"}],"wp:featuredmedia":[{"embeddable":true,"href":"https:\/\/bogensportdiscount.ch\/it\/wp-json\/wp\/v2\/media\/449984"}],"wp:attachment":[{"href":"https:\/\/bogensportdiscount.ch\/it\/wp-json\/wp\/v2\/media?parent=400469"}],"wp:term":[{"taxonomy":"product_brand","embeddable":true,"href":"https:\/\/bogensportdiscount.ch\/it\/wp-json\/wp\/v2\/product_brand?post=400469"},{"taxonomy":"product_cat","embeddable":true,"href":"https:\/\/bogensportdiscount.ch\/it\/wp-json\/wp\/v2\/product_cat?post=400469"},{"taxonomy":"product_tag","embeddable":true,"href":"https:\/\/bogensportdiscount.ch\/it\/wp-json\/wp\/v2\/product_tag?post=400469"}],"curies":[{"name":"wp","href":"https:\/\/api.w.org\/{rel}","templated":true}]}}