{"id":400426,"date":"2026-04-05T14:44:10","date_gmt":"2026-04-05T12:44:10","guid":{"rendered":"https:\/\/bogensportdiscount.ch\/produkt\/vanes-x-3-50-american-flag-100-pk\/"},"modified":"2026-04-17T13:45:47","modified_gmt":"2026-04-17T11:45:47","slug":"bohning-vane-x-3-50","status":"publish","type":"product","link":"https:\/\/bogensportdiscount.ch\/it\/prodotto\/bohning-vane-x-3-50\/","title":{"rendered":"PALETTE BOHNING X 3,50\u2033 100\/PZ."},"content":{"rendered":"<p>Die BOHNING Vane X 3.50&#8243; ist eine Kunststoffvane f\u00fcr die Befiederung von Bogensportpfeilen. Mit einer L\u00e4nge von 3.50 Zoll bietet sie eine solide Steuerungsfl\u00e4che, die f\u00fcr eine stabile Flugbahn sorgt.<\/p>\n<p>Die Vane ist in einer grossen Farbauswahl erh\u00e4ltlich \u2013 darunter Schwarz, Blau, Gr\u00fcn, Orange, Pink, Lila, Rot, Silber, Teal, Weiss und Gelb \u2013 und l\u00e4sst sich damit sowohl zur Pfeilidentifikation als auch nach pers\u00f6nlichem Geschmack einsetzen.<\/p>\n<ul>\n<li>L\u00e4nge: 3.50 Zoll<\/li>\n<li>Material: Kunststoff<\/li>\n<li>Erh\u00e4ltlich in 11 Farben<\/li>\n<li>Geeignet f\u00fcr verschiedene Pfeilsch\u00e4fte und Disziplinen<\/li>\n<\/ul>","protected":false},"excerpt":{"rendered":"<p><strong>Marchio:<\/strong> Bohning<\/p>","protected":false},"featured_media":449981,"comment_status":"open","ping_status":"closed","template":"","meta":[],"product_brand":[444],"product_cat":[4552],"product_tag":[],"class_list":{"0":"post-400426","1":"product","2":"type-product","3":"status-publish","4":"has-post-thumbnail","6":"product_brand-bohning","7":"product_cat-plastik-vanes-vanes-nocks-wraps","9":"first","10":"instock","11":"shipping-taxable","12":"purchasable","13":"product-type-variable"},"_links":{"self":[{"href":"https:\/\/bogensportdiscount.ch\/it\/wp-json\/wp\/v2\/product\/400426","targetHints":{"allow":["GET"]}}],"collection":[{"href":"https:\/\/bogensportdiscount.ch\/it\/wp-json\/wp\/v2\/product"}],"about":[{"href":"https:\/\/bogensportdiscount.ch\/it\/wp-json\/wp\/v2\/types\/product"}],"replies":[{"embeddable":true,"href":"https:\/\/bogensportdiscount.ch\/it\/wp-json\/wp\/v2\/comments?post=400426"}],"wp:featuredmedia":[{"embeddable":true,"href":"https:\/\/bogensportdiscount.ch\/it\/wp-json\/wp\/v2\/media\/449981"}],"wp:attachment":[{"href":"https:\/\/bogensportdiscount.ch\/it\/wp-json\/wp\/v2\/media?parent=400426"}],"wp:term":[{"taxonomy":"product_brand","embeddable":true,"href":"https:\/\/bogensportdiscount.ch\/it\/wp-json\/wp\/v2\/product_brand?post=400426"},{"taxonomy":"product_cat","embeddable":true,"href":"https:\/\/bogensportdiscount.ch\/it\/wp-json\/wp\/v2\/product_cat?post=400426"},{"taxonomy":"product_tag","embeddable":true,"href":"https:\/\/bogensportdiscount.ch\/it\/wp-json\/wp\/v2\/product_tag?post=400426"}],"curies":[{"name":"wp","href":"https:\/\/api.w.org\/{rel}","templated":true}]}}