{"id":400389,"date":"2026-04-05T14:44:08","date_gmt":"2026-04-05T12:44:08","guid":{"rendered":"https:\/\/bogensportdiscount.ch\/produkt\/vanes-x-1-5-blue-100-pk\/"},"modified":"2026-04-17T13:45:46","modified_gmt":"2026-04-17T11:45:46","slug":"bohning-vanes-x-1-5-zoll","status":"publish","type":"product","link":"https:\/\/bogensportdiscount.ch\/it\/prodotto\/bohning-vanes-x-1-5-zoll\/","title":{"rendered":"BOHNING X-VANE 1,5\u2033"},"content":{"rendered":"<p>Die BOHNING Vanes X 1.5&#8243; sind kurze Kunststoffvanes mit einer L\u00e4nge von 1,5 Zoll, geeignet f\u00fcr den Einsatz an Pfeilen im Bogensport. Ihre kompakte Bauform eignet sich besonders f\u00fcr k\u00fcrzere Pfeile oder Setups, bei denen eine geringe Steuerungsfl\u00e4che gew\u00fcnscht wird.<\/p>\n<p>Die Vanes sind in einer grossen Farbauswahl von 11 Farben erh\u00e4ltlich, darunter Schwarz, Blau, Gr\u00fcn, Orange, Pink, Lila, Rot, Silber, Teal, Weiss und Gelb. Damit lassen sich Pfeile individuell gestalten oder farblich kodieren.<\/p>\n<ul>\n<li>L\u00e4nge: 1,5 Zoll<\/li>\n<li>11 Farben verf\u00fcgbar<\/li>\n<li>Packungsgr\u00f6ssen: 100 oder 1000 St\u00fcck<\/li>\n<li>F\u00fcr verschiedene Pfeilsch\u00e4fte geeignet<\/li>\n<\/ul>","protected":false},"excerpt":{"rendered":"<p><strong>Marchio:<\/strong> Bohning<\/p>","protected":false},"featured_media":449978,"comment_status":"open","ping_status":"closed","template":"","meta":[],"product_brand":[444],"product_cat":[4552],"product_tag":[],"class_list":{"0":"post-400389","1":"product","2":"type-product","3":"status-publish","4":"has-post-thumbnail","6":"product_brand-bohning","7":"product_cat-plastik-vanes-vanes-nocks-wraps","9":"first","10":"instock","11":"shipping-taxable","12":"purchasable","13":"product-type-variable"},"_links":{"self":[{"href":"https:\/\/bogensportdiscount.ch\/it\/wp-json\/wp\/v2\/product\/400389","targetHints":{"allow":["GET"]}}],"collection":[{"href":"https:\/\/bogensportdiscount.ch\/it\/wp-json\/wp\/v2\/product"}],"about":[{"href":"https:\/\/bogensportdiscount.ch\/it\/wp-json\/wp\/v2\/types\/product"}],"replies":[{"embeddable":true,"href":"https:\/\/bogensportdiscount.ch\/it\/wp-json\/wp\/v2\/comments?post=400389"}],"wp:featuredmedia":[{"embeddable":true,"href":"https:\/\/bogensportdiscount.ch\/it\/wp-json\/wp\/v2\/media\/449978"}],"wp:attachment":[{"href":"https:\/\/bogensportdiscount.ch\/it\/wp-json\/wp\/v2\/media?parent=400389"}],"wp:term":[{"taxonomy":"product_brand","embeddable":true,"href":"https:\/\/bogensportdiscount.ch\/it\/wp-json\/wp\/v2\/product_brand?post=400389"},{"taxonomy":"product_cat","embeddable":true,"href":"https:\/\/bogensportdiscount.ch\/it\/wp-json\/wp\/v2\/product_cat?post=400389"},{"taxonomy":"product_tag","embeddable":true,"href":"https:\/\/bogensportdiscount.ch\/it\/wp-json\/wp\/v2\/product_tag?post=400389"}],"curies":[{"name":"wp","href":"https:\/\/api.w.org\/{rel}","templated":true}]}}