{"id":400318,"date":"2026-04-05T14:44:00","date_gmt":"2026-04-05T12:44:00","guid":{"rendered":"https:\/\/bogensportdiscount.ch\/produkt\/spin-vanes-x-shield-2rh-white-green-package-o\/"},"modified":"2026-04-17T13:45:46","modified_gmt":"2026-04-17T11:45:46","slug":"gaspro-spin-vanes-x-shield","status":"publish","type":"product","link":"https:\/\/bogensportdiscount.ch\/it\/prodotto\/gaspro-spin-vanes-x-shield\/","title":{"rendered":"GAS PRO RICK SERIE 2\u2033 A PALETTA"},"content":{"rendered":"<p>Die GASPRO Spin Vanes X-Shield sind Spin-Wing-Befiederungen, die speziell f\u00fcr den Einsatz auf Bogenpfeilen entwickelt wurden. Die flexible Bauweise der Spin Vanes erzeugt beim Abschuss eine Rotation des Pfeils, was die Flugstabilit\u00e4t verbessert und die Pr\u00e4zision erh\u00f6ht.<\/p>\n<p>Die X-Shield sind in zwei Ausf\u00fchrungen f\u00fcr Links- und Rechtshandbogensch\u00fctzen erh\u00e4ltlich und k\u00f6nnen in f\u00fcnf verschiedenen Farben bezogen werden, was die individuelle Anpassung erleichtert.<\/p>\n<ul>\n<li>Spin-Wing-Befiederung f\u00fcr verbesserte Flugstabilit\u00e4t<\/li>\n<li>Erh\u00e4ltlich f\u00fcr Links- und Rechtshand (LH\/RH)<\/li>\n<li>F\u00fcnf Farboptionen: Schwarz, Blau, Gr\u00fcn, Rot, Weiss<\/li>\n<li>Hergestellt in Italien von GASPRO<\/li>\n<\/ul>","protected":false},"excerpt":{"rendered":"<p>Die GASPRO Spin Vanes X-Shield sind Spin-Wing-Befiederungen f\u00fcr Bogenpfeile, erh\u00e4ltlich f\u00fcr Links- und Rechtshand in den Farben Schwarz, Blau, Gr\u00fcn, Rot und Weiss. Hergestellt in Italien.<\/p>","protected":false},"featured_media":449961,"comment_status":"open","ping_status":"closed","template":"","meta":[],"product_brand":[452],"product_cat":[4257],"product_tag":[],"class_list":{"0":"post-400318","1":"product","2":"type-product","3":"status-publish","4":"has-post-thumbnail","6":"product_brand-gaspro","7":"product_cat-spin-vanes","9":"first","10":"instock","11":"shipping-taxable","12":"purchasable","13":"product-type-variable"},"_links":{"self":[{"href":"https:\/\/bogensportdiscount.ch\/it\/wp-json\/wp\/v2\/product\/400318","targetHints":{"allow":["GET"]}}],"collection":[{"href":"https:\/\/bogensportdiscount.ch\/it\/wp-json\/wp\/v2\/product"}],"about":[{"href":"https:\/\/bogensportdiscount.ch\/it\/wp-json\/wp\/v2\/types\/product"}],"replies":[{"embeddable":true,"href":"https:\/\/bogensportdiscount.ch\/it\/wp-json\/wp\/v2\/comments?post=400318"}],"wp:featuredmedia":[{"embeddable":true,"href":"https:\/\/bogensportdiscount.ch\/it\/wp-json\/wp\/v2\/media\/449961"}],"wp:attachment":[{"href":"https:\/\/bogensportdiscount.ch\/it\/wp-json\/wp\/v2\/media?parent=400318"}],"wp:term":[{"taxonomy":"product_brand","embeddable":true,"href":"https:\/\/bogensportdiscount.ch\/it\/wp-json\/wp\/v2\/product_brand?post=400318"},{"taxonomy":"product_cat","embeddable":true,"href":"https:\/\/bogensportdiscount.ch\/it\/wp-json\/wp\/v2\/product_cat?post=400318"},{"taxonomy":"product_tag","embeddable":true,"href":"https:\/\/bogensportdiscount.ch\/it\/wp-json\/wp\/v2\/product_tag?post=400318"}],"curies":[{"name":"wp","href":"https:\/\/api.w.org\/{rel}","templated":true}]}}