{"id":400300,"date":"2026-04-05T14:43:59","date_gmt":"2026-04-05T12:43:59","guid":{"rendered":"https:\/\/bogensportdiscount.ch\/produkt\/spin-vanes-shield-tgt-med-2-5-rh-carbon-black-pck-50pcs\/"},"modified":"2026-04-17T13:45:45","modified_gmt":"2026-04-17T11:45:45","slug":"gaspro-spin-wings-shield-target-medium-2-5","status":"publish","type":"product","link":"https:\/\/bogensportdiscount.ch\/it\/prodotto\/gaspro-spin-wings-shield-target-medium-2-5\/","title":{"rendered":"GAS PRO SPIN VANE TGT MED 2,5\u2033 SPIN VANE"},"content":{"rendered":"<p>Die GASPRO Spin-Wings Shield Target Medium 2.5&#8243; sind drehstabilisierende Kunststofffl\u00fcgel f\u00fcr den Wettkampf- und Feldbogensport. Die Shield-Form ist eine bew\u00e4hrte Befiederungsvariante, die durch ihre geschwungene Kontur eine gleichm\u00e4ssige Rotation des Pfeils erzeugt und damit die Schussgenauigkeit unterst\u00fctzt.<\/p>\n<p>Die Spin-Wings sind f\u00fcr Links- und Rechtshandbogen erh\u00e4ltlich und werden in acht verschiedenen Farben angeboten, was eine einfache Pfeilidentifikation am Ziel erm\u00f6glicht. Die Herstellung erfolgt in Italien.<\/p>\n<ul>\n<li>Shield-Form f\u00fcr stabile Pfeildrehung<\/li>\n<li>Gr\u00f6sse Medium, 2.5&#8243; L\u00e4nge<\/li>\n<li>Disponibile per l'uso con la mano destra o sinistra<\/li>\n<li>Acht Farboptionen verf\u00fcgbar<\/li>\n<\/ul>","protected":false},"excerpt":{"rendered":"<p>GASPRO Spin-Wings in der Shield-Form f\u00fcr Target-Anwendungen. Gr\u00f6sse Medium mit 2.5&#8243; L\u00e4nge, erh\u00e4ltlich f\u00fcr Links- und Rechtshand in verschiedenen Farben.<\/p>","protected":false},"featured_media":449959,"comment_status":"open","ping_status":"closed","template":"","meta":[],"product_brand":[452],"product_cat":[4257],"product_tag":[],"class_list":{"0":"post-400300","1":"product","2":"type-product","3":"status-publish","4":"has-post-thumbnail","6":"product_brand-gaspro","7":"product_cat-spin-vanes","9":"first","10":"instock","11":"shipping-taxable","12":"purchasable","13":"product-type-variable"},"_links":{"self":[{"href":"https:\/\/bogensportdiscount.ch\/it\/wp-json\/wp\/v2\/product\/400300","targetHints":{"allow":["GET"]}}],"collection":[{"href":"https:\/\/bogensportdiscount.ch\/it\/wp-json\/wp\/v2\/product"}],"about":[{"href":"https:\/\/bogensportdiscount.ch\/it\/wp-json\/wp\/v2\/types\/product"}],"replies":[{"embeddable":true,"href":"https:\/\/bogensportdiscount.ch\/it\/wp-json\/wp\/v2\/comments?post=400300"}],"wp:featuredmedia":[{"embeddable":true,"href":"https:\/\/bogensportdiscount.ch\/it\/wp-json\/wp\/v2\/media\/449959"}],"wp:attachment":[{"href":"https:\/\/bogensportdiscount.ch\/it\/wp-json\/wp\/v2\/media?parent=400300"}],"wp:term":[{"taxonomy":"product_brand","embeddable":true,"href":"https:\/\/bogensportdiscount.ch\/it\/wp-json\/wp\/v2\/product_brand?post=400300"},{"taxonomy":"product_cat","embeddable":true,"href":"https:\/\/bogensportdiscount.ch\/it\/wp-json\/wp\/v2\/product_cat?post=400300"},{"taxonomy":"product_tag","embeddable":true,"href":"https:\/\/bogensportdiscount.ch\/it\/wp-json\/wp\/v2\/product_tag?post=400300"}],"curies":[{"name":"wp","href":"https:\/\/api.w.org\/{rel}","templated":true}]}}