{"id":400287,"date":"2026-04-05T14:43:58","date_gmt":"2026-04-05T12:43:58","guid":{"rendered":"https:\/\/bogensportdiscount.ch\/produkt\/spin-vanes-shield-field-med-2-rh-white-package-of-50-pcs\/"},"modified":"2026-04-17T12:16:37","modified_gmt":"2026-04-17T10:16:37","slug":"gaspro-spin-vanes-shield-field-med-2-zoll","status":"publish","type":"product","link":"https:\/\/bogensportdiscount.ch\/it\/prodotto\/gaspro-spin-vanes-shield-field-med-2-zoll\/","title":{"rendered":"GAS PRO SPIN VANE CAMPO MED 2\u2033 SPIN VANE"},"content":{"rendered":"<p>Die GASPRO Spin Vanes Shield Field Med sind Spin-Vanes mit einer L\u00e4nge von 2 Zoll im Shield-Cut-Format, ausgelegt f\u00fcr den Einsatz im Feldbogensport. Dank ihrer Spin-Technologie erzeugen sie beim Abflug eine Rotation des Pfeils, was die Stabilit\u00e4t und Genauigkeit im Flug verbessert.<\/p>\n<p>Die Befiederungen sind in einer Linkshand- und einer Rechtshandversion erh\u00e4ltlich und lassen sich mit einem Standard-Befiederungsger\u00e4t anbringen. Das Produkt stammt aus italienischer Fertigung.<\/p>\n<ul>\n<li>L\u00e4nge: 2 Zoll, Shield-Cut-Form<\/li>\n<li>Spin-Vane f\u00fcr verbesserte Pfeilrotation und Flugstabilit\u00e4t<\/li>\n<li>F\u00fcr Links- und Rechtshandbogen erh\u00e4ltlich<\/li>\n<li>In sechs Farben verf\u00fcgbar: Schwarz, Blau, Gr\u00fcn, Rot, Weiss, Gelb<\/li>\n<\/ul>","protected":false},"excerpt":{"rendered":"<p>Die GASPRO Spin Vanes Shield Field Med 2&#8243; sind Kunststoffbefiederungen in mittlerer Gr\u00f6sse f\u00fcr den Feldbogensport. Erh\u00e4ltlich f\u00fcr Links- und Rechtshandbogen in sechs verschiedenen Farben.<\/p>","protected":false},"featured_media":449957,"comment_status":"open","ping_status":"closed","template":"","meta":[],"product_brand":[452],"product_cat":[4257],"product_tag":[],"class_list":{"0":"post-400287","1":"product","2":"type-product","3":"status-publish","4":"has-post-thumbnail","6":"product_brand-gaspro","7":"product_cat-spin-vanes","9":"first","10":"instock","11":"shipping-taxable","12":"purchasable","13":"product-type-variable"},"_links":{"self":[{"href":"https:\/\/bogensportdiscount.ch\/it\/wp-json\/wp\/v2\/product\/400287","targetHints":{"allow":["GET"]}}],"collection":[{"href":"https:\/\/bogensportdiscount.ch\/it\/wp-json\/wp\/v2\/product"}],"about":[{"href":"https:\/\/bogensportdiscount.ch\/it\/wp-json\/wp\/v2\/types\/product"}],"replies":[{"embeddable":true,"href":"https:\/\/bogensportdiscount.ch\/it\/wp-json\/wp\/v2\/comments?post=400287"}],"wp:featuredmedia":[{"embeddable":true,"href":"https:\/\/bogensportdiscount.ch\/it\/wp-json\/wp\/v2\/media\/449957"}],"wp:attachment":[{"href":"https:\/\/bogensportdiscount.ch\/it\/wp-json\/wp\/v2\/media?parent=400287"}],"wp:term":[{"taxonomy":"product_brand","embeddable":true,"href":"https:\/\/bogensportdiscount.ch\/it\/wp-json\/wp\/v2\/product_brand?post=400287"},{"taxonomy":"product_cat","embeddable":true,"href":"https:\/\/bogensportdiscount.ch\/it\/wp-json\/wp\/v2\/product_cat?post=400287"},{"taxonomy":"product_tag","embeddable":true,"href":"https:\/\/bogensportdiscount.ch\/it\/wp-json\/wp\/v2\/product_tag?post=400287"}],"curies":[{"name":"wp","href":"https:\/\/api.w.org\/{rel}","templated":true}]}}