{"id":400283,"date":"2026-04-05T14:43:57","date_gmt":"2026-04-05T12:43:57","guid":{"rendered":"https:\/\/bogensportdiscount.ch\/produkt\/vanes-ffp-150-parabolic-pearl-blue-100-pk\/"},"modified":"2026-04-17T13:45:45","modified_gmt":"2026-04-17T11:45:45","slug":"flexfletch-vanes-ffp-150-parabolisch-pearl","status":"publish","type":"product","link":"https:\/\/bogensportdiscount.ch\/it\/prodotto\/flexfletch-vanes-ffp-150-parabolisch-pearl\/","title":{"rendered":"PALETTE FLEXFLETCH FFP-150 PERLA PARABOLICA\/ 100\/PZ."},"content":{"rendered":"<p>Die FLEXFLETCH FFP-150 Parabolisch Pearl sind Kunststoffvanes des amerikanischen Herstellers Flex-Fletch. Die parabolische Form sorgt f\u00fcr eine stabile Pfeilf\u00fchrung und eignet sich f\u00fcr verschiedene Bogensport-Disziplinen.<\/p>\n<p>Die Pearl-Ausf\u00fchrung ist in den Farben Blau, Gr\u00fcn und Pink erh\u00e4ltlich, was eine einfache Identifikation der eigenen Pfeile erm\u00f6glicht. FLEXFLETCH Vanes werden in den USA gefertigt und sind f\u00fcr die Verwendung mit Standard-Befiederungskleber geeignet.<\/p>\n<ul>\n<li>Parabolisches Profil f\u00fcr stabile Pfeilf\u00fchrung<\/li>\n<li>Pearl-Ausf\u00fchrung in drei Farben erh\u00e4ltlich<\/li>\n<li>Prodotto negli Stati Uniti<\/li>\n<li>Geeignet f\u00fcr Freizeit- und Wettkampfbogen<\/li>\n<\/ul>","protected":false},"excerpt":{"rendered":"<p>Die FLEXFLETCH FFP-150 sind parabolische Kunststofffedern in der Pearl-Ausf\u00fchrung, erh\u00e4ltlich in den Farben Blau, Gr\u00fcn und Pink. Sie eignen sich f\u00fcr die Befiederung von Pfeilen im Freizeit- und Wettkampfbereich.<\/p>","protected":false},"featured_media":452490,"comment_status":"open","ping_status":"closed","template":"","meta":[],"product_brand":[826],"product_cat":[4552],"product_tag":[],"class_list":{"0":"post-400283","1":"product","2":"type-product","3":"status-publish","4":"has-post-thumbnail","6":"product_brand-flexfletch","7":"product_cat-plastik-vanes-vanes-nocks-wraps","9":"first","10":"instock","11":"shipping-taxable","12":"purchasable","13":"product-type-variable"},"_links":{"self":[{"href":"https:\/\/bogensportdiscount.ch\/it\/wp-json\/wp\/v2\/product\/400283","targetHints":{"allow":["GET"]}}],"collection":[{"href":"https:\/\/bogensportdiscount.ch\/it\/wp-json\/wp\/v2\/product"}],"about":[{"href":"https:\/\/bogensportdiscount.ch\/it\/wp-json\/wp\/v2\/types\/product"}],"replies":[{"embeddable":true,"href":"https:\/\/bogensportdiscount.ch\/it\/wp-json\/wp\/v2\/comments?post=400283"}],"wp:featuredmedia":[{"embeddable":true,"href":"https:\/\/bogensportdiscount.ch\/it\/wp-json\/wp\/v2\/media\/452490"}],"wp:attachment":[{"href":"https:\/\/bogensportdiscount.ch\/it\/wp-json\/wp\/v2\/media?parent=400283"}],"wp:term":[{"taxonomy":"product_brand","embeddable":true,"href":"https:\/\/bogensportdiscount.ch\/it\/wp-json\/wp\/v2\/product_brand?post=400283"},{"taxonomy":"product_cat","embeddable":true,"href":"https:\/\/bogensportdiscount.ch\/it\/wp-json\/wp\/v2\/product_cat?post=400283"},{"taxonomy":"product_tag","embeddable":true,"href":"https:\/\/bogensportdiscount.ch\/it\/wp-json\/wp\/v2\/product_tag?post=400283"}],"curies":[{"name":"wp","href":"https:\/\/api.w.org\/{rel}","templated":true}]}}