{"id":400272,"date":"2026-04-05T14:43:56","date_gmt":"2026-04-05T12:43:56","guid":{"rendered":"https:\/\/bogensportdiscount.ch\/produkt\/vanes-elite-ep26-bright-green-500-pk\/"},"modified":"2026-04-17T13:45:45","modified_gmt":"2026-04-17T11:45:45","slug":"aae-vanes-elite-ep26","status":"publish","type":"product","link":"https:\/\/bogensportdiscount.ch\/it\/prodotto\/aae-vanes-elite-ep26\/","title":{"rendered":"ALETTE AAE ELITE EP26 500\/PZ."},"content":{"rendered":"<p>Die AAE Elite EP26 Vanes sind Kunststoffbefiederungen f\u00fcr Bogensportpfeile aus US-amerikanischer Produktion. Die Bezeichnung EP26 steht f\u00fcr ein etabliertes Modell der AAE-Vanes-Linie, das sich durch konstante Flugeigenschaften und gute Klebeeigenschaften auszeichnet.<\/p>\n<p>Die Vanes sind in zehn Farben erh\u00e4ltlich \u2013 darunter Black, Blue, Fire Orange, Gold, Green, Pink, Purple, Red, White und Yellow \u2013 und lassen sich somit farblich an das eigene Pfeilsetup anpassen.<\/p>\n<ul>\n<li>Kunststoffvanes f\u00fcr Recurve- und Compoundpfeile<\/li>\n<li>10 Farbvarianten zur Auswahl<\/li>\n<li>Hergestellt in den USA (AAE)<\/li>\n<li>Geeignet f\u00fcr Training und Wettkampf<\/li>\n<\/ul>","protected":false},"excerpt":{"rendered":"<p>Die AAE Elite EP26 sind Kunststoffvanes f\u00fcr Bogensportpfeile und eignen sich f\u00fcr Recurve- und Compoundbogen. Sie sind in zahlreichen Farben erh\u00e4ltlich und bieten zuverl\u00e4ssige Befiederung f\u00fcr Wettkampf und Training.<\/p>","protected":false},"featured_media":439974,"comment_status":"open","ping_status":"closed","template":"","meta":[],"product_brand":[517],"product_cat":[4552],"product_tag":[],"class_list":{"0":"post-400272","1":"product","2":"type-product","3":"status-publish","4":"has-post-thumbnail","6":"product_brand-aae","7":"product_cat-plastik-vanes-vanes-nocks-wraps","9":"first","10":"instock","11":"shipping-taxable","12":"purchasable","13":"product-type-variable"},"_links":{"self":[{"href":"https:\/\/bogensportdiscount.ch\/it\/wp-json\/wp\/v2\/product\/400272","targetHints":{"allow":["GET"]}}],"collection":[{"href":"https:\/\/bogensportdiscount.ch\/it\/wp-json\/wp\/v2\/product"}],"about":[{"href":"https:\/\/bogensportdiscount.ch\/it\/wp-json\/wp\/v2\/types\/product"}],"replies":[{"embeddable":true,"href":"https:\/\/bogensportdiscount.ch\/it\/wp-json\/wp\/v2\/comments?post=400272"}],"wp:featuredmedia":[{"embeddable":true,"href":"https:\/\/bogensportdiscount.ch\/it\/wp-json\/wp\/v2\/media\/439974"}],"wp:attachment":[{"href":"https:\/\/bogensportdiscount.ch\/it\/wp-json\/wp\/v2\/media?parent=400272"}],"wp:term":[{"taxonomy":"product_brand","embeddable":true,"href":"https:\/\/bogensportdiscount.ch\/it\/wp-json\/wp\/v2\/product_brand?post=400272"},{"taxonomy":"product_cat","embeddable":true,"href":"https:\/\/bogensportdiscount.ch\/it\/wp-json\/wp\/v2\/product_cat?post=400272"},{"taxonomy":"product_tag","embeddable":true,"href":"https:\/\/bogensportdiscount.ch\/it\/wp-json\/wp\/v2\/product_tag?post=400272"}],"curies":[{"name":"wp","href":"https:\/\/api.w.org\/{rel}","templated":true}]}}