{"id":400143,"date":"2026-04-05T14:43:46","date_gmt":"2026-04-05T12:43:46","guid":{"rendered":"https:\/\/bogensportdiscount.ch\/produkt\/spin-vanes-round-70mm-lh-fluo-black-50pack\/"},"modified":"2026-04-17T13:45:44","modified_gmt":"2026-04-17T11:45:44","slug":"xswings-spin-wings-rund-70mm","status":"publish","type":"product","link":"https:\/\/bogensportdiscount.ch\/it\/prodotto\/xswings-spin-wings-rund-70mm\/","title":{"rendered":"ALI XS 70MM SPIN VANE"},"content":{"rendered":"<p>Die XSWINGS Spin Vanes Rund 70mm sind runde Spin-Wings aus dem Hause XSWINGS und eignen sich f\u00fcr den Einsatz in Training und Wettkampf. Die runde Form der 70-mm-Befiederung sorgt f\u00fcr eine gleichm\u00e4ssige Rotation des Pfeils und damit f\u00fcr eine stabile Flugbahn.<\/p>\n<p>Die Spin-Wings sind in einer Linkshand- und einer Rechtshand-Version erh\u00e4ltlich und k\u00f6nnen so optimal auf die Drehrichtung des Pfeils abgestimmt werden. Mit elf verf\u00fcgbaren Farben lassen sich Pfeile individuell kennzeichnen.<\/p>\n<ul>\n<li>L\u00e4nge: 70 mm, runde Form<\/li>\n<li>Verf\u00fcgbar f\u00fcr Links- und Rechtshand<\/li>\n<li>Erh\u00e4ltlich in 11 Farben (Black, Blue, Bronze, Gold, Green, Orange, Pink, Purple, Red, Silver, White)<\/li>\n<li>Geeignet f\u00fcr Standard-Befiederungsmaschinen<\/li>\n<\/ul>","protected":false},"excerpt":{"rendered":"<p><strong>Marchio:<\/strong> XS Wings<\/p>","protected":false},"featured_media":449952,"comment_status":"open","ping_status":"closed","template":"","meta":[],"product_brand":[434],"product_cat":[4257],"product_tag":[],"class_list":{"0":"post-400143","1":"product","2":"type-product","3":"status-publish","4":"has-post-thumbnail","6":"product_brand-xswings","7":"product_cat-spin-vanes","9":"first","10":"instock","11":"shipping-taxable","12":"purchasable","13":"product-type-variable"},"_links":{"self":[{"href":"https:\/\/bogensportdiscount.ch\/it\/wp-json\/wp\/v2\/product\/400143","targetHints":{"allow":["GET"]}}],"collection":[{"href":"https:\/\/bogensportdiscount.ch\/it\/wp-json\/wp\/v2\/product"}],"about":[{"href":"https:\/\/bogensportdiscount.ch\/it\/wp-json\/wp\/v2\/types\/product"}],"replies":[{"embeddable":true,"href":"https:\/\/bogensportdiscount.ch\/it\/wp-json\/wp\/v2\/comments?post=400143"}],"wp:featuredmedia":[{"embeddable":true,"href":"https:\/\/bogensportdiscount.ch\/it\/wp-json\/wp\/v2\/media\/449952"}],"wp:attachment":[{"href":"https:\/\/bogensportdiscount.ch\/it\/wp-json\/wp\/v2\/media?parent=400143"}],"wp:term":[{"taxonomy":"product_brand","embeddable":true,"href":"https:\/\/bogensportdiscount.ch\/it\/wp-json\/wp\/v2\/product_brand?post=400143"},{"taxonomy":"product_cat","embeddable":true,"href":"https:\/\/bogensportdiscount.ch\/it\/wp-json\/wp\/v2\/product_cat?post=400143"},{"taxonomy":"product_tag","embeddable":true,"href":"https:\/\/bogensportdiscount.ch\/it\/wp-json\/wp\/v2\/product_tag?post=400143"}],"curies":[{"name":"wp","href":"https:\/\/api.w.org\/{rel}","templated":true}]}}