{"id":400114,"date":"2026-04-05T14:43:44","date_gmt":"2026-04-05T12:43:44","guid":{"rendered":"https:\/\/bogensportdiscount.ch\/produkt\/spin-vanes-round-60mm-lp-lh-fluo-black-50pack\/"},"modified":"2026-04-17T13:45:44","modified_gmt":"2026-04-17T11:45:44","slug":"xswings-spin-wings-rund-60mm-lp","status":"publish","type":"product","link":"https:\/\/bogensportdiscount.ch\/it\/prodotto\/xswings-spin-wings-rund-60mm-lp\/","title":{"rendered":"ALI XS 60MM LP SPIN VANE"},"content":{"rendered":"<p>Die XSWINGS Spin Wings Rund 60mm LP sind runde Kunststoff-Vanes f\u00fcr die Pfeilbefiederung. Mit ihrem Spin-Wing-Design erzeugen sie eine Rotation des Pfeils und sorgen so f\u00fcr eine stabile Flugbahn.<\/p>\n<p>Die Vanes sind in einer L\u00e4nge von 60mm erh\u00e4ltlich und eignen sich sowohl f\u00fcr Rechts- als auch f\u00fcr Linkshand-Sch\u00fctzen. Das breite Farbangebot erm\u00f6glicht eine individuelle Pfeilmarkierung.<\/p>\n<ul>\n<li>Rundes Spin-Wing-Profil f\u00fcr stabile Pfeilrotation<\/li>\n<li>L\u00e4nge: 60mm<\/li>\n<li>F\u00fcr Links- und Rechtshand-Sch\u00fctzen geeignet<\/li>\n<li>Erh\u00e4ltlich in 11 Farben<\/li>\n<\/ul>","protected":false},"excerpt":{"rendered":"<p><strong>Marchio:<\/strong> XS Wings<\/p>","protected":false},"featured_media":449950,"comment_status":"open","ping_status":"closed","template":"","meta":[],"product_brand":[434],"product_cat":[4257],"product_tag":[],"class_list":{"0":"post-400114","1":"product","2":"type-product","3":"status-publish","4":"has-post-thumbnail","6":"product_brand-xswings","7":"product_cat-spin-vanes","9":"first","10":"instock","11":"shipping-taxable","12":"purchasable","13":"product-type-variable"},"_links":{"self":[{"href":"https:\/\/bogensportdiscount.ch\/it\/wp-json\/wp\/v2\/product\/400114","targetHints":{"allow":["GET"]}}],"collection":[{"href":"https:\/\/bogensportdiscount.ch\/it\/wp-json\/wp\/v2\/product"}],"about":[{"href":"https:\/\/bogensportdiscount.ch\/it\/wp-json\/wp\/v2\/types\/product"}],"replies":[{"embeddable":true,"href":"https:\/\/bogensportdiscount.ch\/it\/wp-json\/wp\/v2\/comments?post=400114"}],"wp:featuredmedia":[{"embeddable":true,"href":"https:\/\/bogensportdiscount.ch\/it\/wp-json\/wp\/v2\/media\/449950"}],"wp:attachment":[{"href":"https:\/\/bogensportdiscount.ch\/it\/wp-json\/wp\/v2\/media?parent=400114"}],"wp:term":[{"taxonomy":"product_brand","embeddable":true,"href":"https:\/\/bogensportdiscount.ch\/it\/wp-json\/wp\/v2\/product_brand?post=400114"},{"taxonomy":"product_cat","embeddable":true,"href":"https:\/\/bogensportdiscount.ch\/it\/wp-json\/wp\/v2\/product_cat?post=400114"},{"taxonomy":"product_tag","embeddable":true,"href":"https:\/\/bogensportdiscount.ch\/it\/wp-json\/wp\/v2\/product_tag?post=400114"}],"curies":[{"name":"wp","href":"https:\/\/api.w.org\/{rel}","templated":true}]}}