{"id":400013,"date":"2026-04-05T14:43:37","date_gmt":"2026-04-05T12:43:37","guid":{"rendered":"https:\/\/bogensportdiscount.ch\/produkt\/spin-vanes-round-40mm-lh-fluo-black-50pack\/"},"modified":"2026-04-17T13:45:43","modified_gmt":"2026-04-17T11:45:43","slug":"xswings-spin-wings-rund-40mm","status":"publish","type":"product","link":"https:\/\/bogensportdiscount.ch\/it\/prodotto\/xswings-spin-wings-rund-40mm\/","title":{"rendered":"ALI XS 40MM SPIN VANE"},"content":{"rendered":"<p>Die XSWINGS Spin-Wings Rund 40mm sind drehstabilisierende Kunststofffl\u00fcgel f\u00fcr den Einsatz an Bogensportpfeilen. Das runde Profil mit 40mm L\u00e4nge sorgt f\u00fcr eine gleichm\u00e4ssige Rotation des Pfeils und tr\u00e4gt zur Stabilisierung der Flugbahn bei.<\/p>\n<p>Die Spin-Wings sind in elf verschiedenen Farben erh\u00e4ltlich und lassen sich sowohl f\u00fcr Links- als auch f\u00fcr Rechtshand-Bogensch\u00fctzen einsetzen. Dank ihres geringen Gewichts haben sie minimalen Einfluss auf die Gesamtmasse des Pfeils.<\/p>\n<ul>\n<li>Rundes Profil, 40mm L\u00e4nge<\/li>\n<li>F\u00fcr Links- und Rechtshandbogensch\u00fctzen geeignet<\/li>\n<li>Erh\u00e4ltlich in 11 Farben<\/li>\n<li>Leichte Kunststoffbefiederung f\u00fcr drehstabilisierten Pfeilflug<\/li>\n<\/ul>","protected":false},"excerpt":{"rendered":"<p><strong>Marchio:<\/strong> XS Wings<\/p>","protected":false},"featured_media":449945,"comment_status":"open","ping_status":"closed","template":"","meta":[],"product_brand":[434],"product_cat":[4257],"product_tag":[],"class_list":{"0":"post-400013","1":"product","2":"type-product","3":"status-publish","4":"has-post-thumbnail","6":"product_brand-xswings","7":"product_cat-spin-vanes","9":"first","10":"instock","11":"shipping-taxable","12":"purchasable","13":"product-type-variable"},"_links":{"self":[{"href":"https:\/\/bogensportdiscount.ch\/it\/wp-json\/wp\/v2\/product\/400013","targetHints":{"allow":["GET"]}}],"collection":[{"href":"https:\/\/bogensportdiscount.ch\/it\/wp-json\/wp\/v2\/product"}],"about":[{"href":"https:\/\/bogensportdiscount.ch\/it\/wp-json\/wp\/v2\/types\/product"}],"replies":[{"embeddable":true,"href":"https:\/\/bogensportdiscount.ch\/it\/wp-json\/wp\/v2\/comments?post=400013"}],"wp:featuredmedia":[{"embeddable":true,"href":"https:\/\/bogensportdiscount.ch\/it\/wp-json\/wp\/v2\/media\/449945"}],"wp:attachment":[{"href":"https:\/\/bogensportdiscount.ch\/it\/wp-json\/wp\/v2\/media?parent=400013"}],"wp:term":[{"taxonomy":"product_brand","embeddable":true,"href":"https:\/\/bogensportdiscount.ch\/it\/wp-json\/wp\/v2\/product_brand?post=400013"},{"taxonomy":"product_cat","embeddable":true,"href":"https:\/\/bogensportdiscount.ch\/it\/wp-json\/wp\/v2\/product_cat?post=400013"},{"taxonomy":"product_tag","embeddable":true,"href":"https:\/\/bogensportdiscount.ch\/it\/wp-json\/wp\/v2\/product_tag?post=400013"}],"curies":[{"name":"wp","href":"https:\/\/api.w.org\/{rel}","templated":true}]}}