{"id":399993,"date":"2026-04-05T14:43:35","date_gmt":"2026-04-05T12:43:35","guid":{"rendered":"https:\/\/bogensportdiscount.ch\/produkt\/spin-vanes-round-100mm-hp-lh-pure-black-50pack\/"},"modified":"2026-04-17T13:45:42","modified_gmt":"2026-04-17T11:45:42","slug":"xswings-spin-wings-round-100mm-hp","status":"publish","type":"product","link":"https:\/\/bogensportdiscount.ch\/it\/prodotto\/xswings-spin-wings-round-100mm-hp\/","title":{"rendered":"ALI XS 100MM HP SPIN VANE"},"content":{"rendered":"<p>Die XSWINGS Spin-Wings Round 100mm HP sind speziell geformte Befiederungsfl\u00fcgel aus Kunststoff, die durch ihre runde Form eine kontrollierte Drallstabilisierung des Pfeils erzeugen. Die L\u00e4nge von 100mm eignet sich f\u00fcr verschiedene Pfeilschaftdurchmesser im Recurve- und Compoundsport.<\/p>\n<p>Die Spin-Wings sind in den Ausf\u00fchrungen f\u00fcr Rechtshand (RH) und Linkshand (LH) erh\u00e4ltlich und erm\u00f6glichen so eine korrekte Drehrichtung des Pfeils je nach Bogenhand. Die grosse Farbauswahl erlaubt eine individuelle Pfeilmarkierung und einfache Identifikation im Ziel.<\/p>\n<ul>\n<li>Runde Form f\u00fcr gleichm\u00e4ssige Drallstabilisierung<\/li>\n<li>L\u00e4nge: 100mm<\/li>\n<li>Verf\u00fcgbar f\u00fcr Links- und Rechtshandbogen<\/li>\n<li>Erh\u00e4ltlich in 10 Farben<\/li>\n<\/ul>","protected":false},"excerpt":{"rendered":"<p><strong>Marchio:<\/strong> XS Wings<\/p>","protected":false},"featured_media":449943,"comment_status":"open","ping_status":"closed","template":"","meta":[],"product_brand":[434],"product_cat":[4257],"product_tag":[],"class_list":{"0":"post-399993","1":"product","2":"type-product","3":"status-publish","4":"has-post-thumbnail","6":"product_brand-xswings","7":"product_cat-spin-vanes","9":"first","10":"instock","11":"shipping-taxable","12":"purchasable","13":"product-type-variable"},"_links":{"self":[{"href":"https:\/\/bogensportdiscount.ch\/it\/wp-json\/wp\/v2\/product\/399993","targetHints":{"allow":["GET"]}}],"collection":[{"href":"https:\/\/bogensportdiscount.ch\/it\/wp-json\/wp\/v2\/product"}],"about":[{"href":"https:\/\/bogensportdiscount.ch\/it\/wp-json\/wp\/v2\/types\/product"}],"replies":[{"embeddable":true,"href":"https:\/\/bogensportdiscount.ch\/it\/wp-json\/wp\/v2\/comments?post=399993"}],"wp:featuredmedia":[{"embeddable":true,"href":"https:\/\/bogensportdiscount.ch\/it\/wp-json\/wp\/v2\/media\/449943"}],"wp:attachment":[{"href":"https:\/\/bogensportdiscount.ch\/it\/wp-json\/wp\/v2\/media?parent=399993"}],"wp:term":[{"taxonomy":"product_brand","embeddable":true,"href":"https:\/\/bogensportdiscount.ch\/it\/wp-json\/wp\/v2\/product_brand?post=399993"},{"taxonomy":"product_cat","embeddable":true,"href":"https:\/\/bogensportdiscount.ch\/it\/wp-json\/wp\/v2\/product_cat?post=399993"},{"taxonomy":"product_tag","embeddable":true,"href":"https:\/\/bogensportdiscount.ch\/it\/wp-json\/wp\/v2\/product_tag?post=399993"}],"curies":[{"name":"wp","href":"https:\/\/api.w.org\/{rel}","templated":true}]}}