{"id":399880,"date":"2026-04-05T14:43:26","date_gmt":"2026-04-05T12:43:26","guid":{"rendered":"https:\/\/bogensportdiscount.ch\/produkt\/spin-vanes-round-1-3-4-inch-lh-white-package-of-50-pcs\/"},"modified":"2026-04-17T13:45:41","modified_gmt":"2026-04-17T11:45:41","slug":"spinwing-spin-wings-rund-1-3-4-zoll","status":"publish","type":"product","link":"https:\/\/bogensportdiscount.ch\/it\/prodotto\/spinwing-spin-wings-rund-1-3-4-zoll\/","title":{"rendered":"ALI DI ROTAZIONE 1-3\/4 POLLICI PALETTA DI ROTAZIONE"},"content":{"rendered":"<p>Die SPINWING Spin-Wings in der runden Ausf\u00fchrung mit 1-3\/4 Zoll L\u00e4nge sind eine bew\u00e4hrte Wahl f\u00fcr Bogensch\u00fctzen, die auf eine leichte und aerodynamisch stabile Befiederung setzen. Spin-Wings sind d\u00fcnne, selbstklebende Kunststofffl\u00fcgel, die dem Pfeil einen stabilen Drall verleihen und den Luftwiderstand minimieren.<\/p>\n<p>Die Wings sind f\u00fcr Links- und Rechtshand erh\u00e4ltlich und sorgen je nach Ausf\u00fchrung f\u00fcr eine Links- oder Rechtsdrehung des Pfeils im Flug. Sie lassen sich auf Carbon- und Aluminiumsch\u00e4fte aufkleben und sind in neun Farben erh\u00e4ltlich.<\/p>\n<ul>\n<li>Gr\u00f6sse: 1-3\/4 Zoll, runde Form<\/li>\n<li>Disponibile per l'uso con la mano destra o sinistra<\/li>\n<li>Neun Farboptionen verf\u00fcgbar<\/li>\n<li>Leichtes Material f\u00fcr minimalen Einfluss auf das Pfeilgewicht<\/li>\n<\/ul>","protected":false},"excerpt":{"rendered":"<p>SPINWING Spin-Wings in der Gr\u00f6sse 1-3\/4 Zoll (rund). Erh\u00e4ltlich f\u00fcr Links- und Rechtshand in neun verschiedenen Farben. Geeignet f\u00fcr die klassische Spin-Wing-Befiederung von Wettkampf- und Freizeitpfeilen.<\/p>","protected":false},"featured_media":449928,"comment_status":"open","ping_status":"closed","template":"","meta":[],"product_brand":[845],"product_cat":[4257],"product_tag":[],"class_list":{"0":"post-399880","1":"product","2":"type-product","3":"status-publish","4":"has-post-thumbnail","6":"product_brand-spinwing","7":"product_cat-spin-vanes","9":"first","10":"instock","11":"shipping-taxable","12":"purchasable","13":"product-type-variable"},"_links":{"self":[{"href":"https:\/\/bogensportdiscount.ch\/it\/wp-json\/wp\/v2\/product\/399880","targetHints":{"allow":["GET"]}}],"collection":[{"href":"https:\/\/bogensportdiscount.ch\/it\/wp-json\/wp\/v2\/product"}],"about":[{"href":"https:\/\/bogensportdiscount.ch\/it\/wp-json\/wp\/v2\/types\/product"}],"replies":[{"embeddable":true,"href":"https:\/\/bogensportdiscount.ch\/it\/wp-json\/wp\/v2\/comments?post=399880"}],"wp:featuredmedia":[{"embeddable":true,"href":"https:\/\/bogensportdiscount.ch\/it\/wp-json\/wp\/v2\/media\/449928"}],"wp:attachment":[{"href":"https:\/\/bogensportdiscount.ch\/it\/wp-json\/wp\/v2\/media?parent=399880"}],"wp:term":[{"taxonomy":"product_brand","embeddable":true,"href":"https:\/\/bogensportdiscount.ch\/it\/wp-json\/wp\/v2\/product_brand?post=399880"},{"taxonomy":"product_cat","embeddable":true,"href":"https:\/\/bogensportdiscount.ch\/it\/wp-json\/wp\/v2\/product_cat?post=399880"},{"taxonomy":"product_tag","embeddable":true,"href":"https:\/\/bogensportdiscount.ch\/it\/wp-json\/wp\/v2\/product_tag?post=399880"}],"curies":[{"name":"wp","href":"https:\/\/api.w.org\/{rel}","templated":true}]}}