{"id":399858,"date":"2026-04-05T14:43:24","date_gmt":"2026-04-05T12:43:24","guid":{"rendered":"https:\/\/bogensportdiscount.ch\/produkt\/vanes-round-quickspin-2-25-purple-100-pk\/"},"modified":"2026-04-17T13:45:41","modified_gmt":"2026-04-17T11:45:41","slug":"nap-vanes-round-quickspin","status":"publish","type":"product","link":"https:\/\/bogensportdiscount.ch\/it\/prodotto\/nap-vanes-round-quickspin\/","title":{"rendered":"PALETTE DI SONNIFERO ROTONDE QUICKSPIN 100\/PZ."},"content":{"rendered":"<p>Die NAP Round Quickspin Vanes sind Pfeilbefiederungen aus den USA, die durch ihre runde Quickspin-Geometrie eine zuverl\u00e4ssige Rotationsstabilisierung des Pfeils bewirken. Sie eignen sich f\u00fcr den Einsatz mit verschiedenen Pfeilschafttypen und sind in zwei L\u00e4ngen erh\u00e4ltlich: 2.25&#8243; und 4&#8243;.<\/p>\n<p>Die k\u00fcrzere Variante (2.25&#8243;) eignet sich besonders f\u00fcr schnelle Setups und kompaktere Pfeile, w\u00e4hrend die 4&#8243;-Version mehr Steuerungsfl\u00e4che und damit h\u00f6here Stabilit\u00e4t bei schwereren Spitzen oder gr\u00f6sseren Pfeilgewichten bietet.<\/p>\n<ul>\n<li>Erh\u00e4ltlich in 2.25&#8243; und 4&#8243; L\u00e4nge<\/li>\n<li>Quickspin-Design f\u00fcr schnelle Pfeilrotation<\/li>\n<li>Runde Profilform f\u00fcr gleichm\u00e4ssige Luftf\u00fchrung<\/li>\n<li>Prodotto negli Stati Uniti<\/li>\n<\/ul>","protected":false},"excerpt":{"rendered":"<p>Die NAP Round Quickspin Vanes sind Kunststoffbefiederungen f\u00fcr Pfeile, erh\u00e4ltlich in den L\u00e4ngen 2.25&#8243; und 4&#8243;. Die Spiralform der Vanes erzeugt eine schnelle Rotation des Pfeils f\u00fcr verbesserte Stabilit\u00e4t im Flug.<\/p>","protected":false},"featured_media":453631,"comment_status":"open","ping_status":"closed","template":"","meta":[],"product_brand":[557],"product_cat":[4552],"product_tag":[],"class_list":{"0":"post-399858","1":"product","2":"type-product","3":"status-publish","4":"has-post-thumbnail","6":"product_brand-nap","7":"product_cat-plastik-vanes-vanes-nocks-wraps","9":"first","10":"instock","11":"shipping-taxable","12":"purchasable","13":"product-type-variable"},"_links":{"self":[{"href":"https:\/\/bogensportdiscount.ch\/it\/wp-json\/wp\/v2\/product\/399858","targetHints":{"allow":["GET"]}}],"collection":[{"href":"https:\/\/bogensportdiscount.ch\/it\/wp-json\/wp\/v2\/product"}],"about":[{"href":"https:\/\/bogensportdiscount.ch\/it\/wp-json\/wp\/v2\/types\/product"}],"replies":[{"embeddable":true,"href":"https:\/\/bogensportdiscount.ch\/it\/wp-json\/wp\/v2\/comments?post=399858"}],"wp:featuredmedia":[{"embeddable":true,"href":"https:\/\/bogensportdiscount.ch\/it\/wp-json\/wp\/v2\/media\/453631"}],"wp:attachment":[{"href":"https:\/\/bogensportdiscount.ch\/it\/wp-json\/wp\/v2\/media?parent=399858"}],"wp:term":[{"taxonomy":"product_brand","embeddable":true,"href":"https:\/\/bogensportdiscount.ch\/it\/wp-json\/wp\/v2\/product_brand?post=399858"},{"taxonomy":"product_cat","embeddable":true,"href":"https:\/\/bogensportdiscount.ch\/it\/wp-json\/wp\/v2\/product_cat?post=399858"},{"taxonomy":"product_tag","embeddable":true,"href":"https:\/\/bogensportdiscount.ch\/it\/wp-json\/wp\/v2\/product_tag?post=399858"}],"curies":[{"name":"wp","href":"https:\/\/api.w.org\/{rel}","templated":true}]}}