{"id":399782,"date":"2026-04-05T14:43:15","date_gmt":"2026-04-05T12:43:15","guid":{"rendered":"https:\/\/bogensportdiscount.ch\/produkt\/bow-squares-tuning-accessoires-pliers-gauge-black-arrowrest-and-2-noksets\/"},"modified":"2026-04-20T20:06:38","modified_gmt":"2026-04-20T18:06:38","slug":"avalon-bogen-einstellwerkzeug-bow-squares-tuning-pliers-gauge","status":"publish","type":"product","link":"https:\/\/bogensportdiscount.ch\/it\/prodotto\/avalon-bogen-einstellwerkzeug-bow-squares-tuning-pliers-gauge\/","title":{"rendered":"AVALON TUNING ZUBEHOER ZANGE \/ PFEILAUFLAGE UND 2 NOKSETS BOW SQUARE"},"content":{"rendered":"<p>Das AVALON Bow Squares Tuning Pliers \/ Gauge ist ein Mehrzweck-Tuningwerkzeug aus dem Bereich Messwerkzeuge und Wartungszubeh\u00f6r. Es eignet sich f\u00fcr die Einstellung und Justierung von B\u00f6gen und unterst\u00fctzt Bogensch\u00fctzen bei der pr\u00e4zisen Abstimmung ihrer Ausr\u00fcstung.<\/p>\n<p>Das Werkzeug vereint Funktionen einer Zange und eines Messinstruments und ist damit ein praktisches Hilfsmittel f\u00fcr regelm\u00e4ssige Wartungsarbeiten. Es ist in Schwarz und Blau erh\u00e4ltlich.<\/p>\n<ul>\n<li>Kombiniertes Tuningwerkzeug: Zange und Messger\u00e4t in einem<\/li>\n<li>Geeignet f\u00fcr die Einstellung und Wartung von B\u00f6gen<\/li>\n<li>Erh\u00e4ltlich in Schwarz und Blau<\/li>\n<li>Von der Marke AVALON<\/li>\n<\/ul>","protected":false},"excerpt":{"rendered":"<p>Das AVALON Bow Squares Tuning Pliers \/ Gauge ist ein Zubeh\u00f6rwerkzeug f\u00fcr die pr\u00e4zise Einstellung und Wartung von B\u00f6gen. Es kombiniert Zange und Messger\u00e4t in einem Werkzeug und ist in den Farben Schwarz und Blau erh\u00e4ltlich. Hergestellt in China.<\/p>","protected":false},"featured_media":453631,"comment_status":"open","ping_status":"closed","template":"","meta":[],"product_brand":[449],"product_cat":[4381],"product_tag":[],"class_list":{"0":"post-399782","1":"product","2":"type-product","3":"status-publish","4":"has-post-thumbnail","6":"product_brand-avalon","7":"product_cat-bow-squares","9":"first","10":"instock","11":"shipping-taxable","12":"purchasable","13":"product-type-variable"},"yoast_head":"<!-- This site is optimized with the Yoast SEO plugin v27.4 - https:\/\/yoast.com\/product\/yoast-seo-wordpress\/ -->\n<title>AVALON TUNING ACCESSORI PINZA \/ SUPPORTO PER FRECCE E 2 SET DI NOK BOW SQUARE - Bogensportdiscount \u2013 Archi, frecce, bersagli e accessori<\/title>\n<meta name=\"description\" content=\"Acquista a un prezzo conveniente la pinza AVALON TUNING ACCESSORI \/ APPOGGIO PER FRECCE E 2 SET DI NOKSETS BOW SQUARE su Bogensportdiscount \u2013 Marchi di punta, spedizione veloce dalla Svizzera.\" \/>\n<meta name=\"robots\" content=\"noindex, follow, max-snippet:-1, max-image-preview:large, max-video-preview:-1\" \/>\n<meta property=\"og:locale\" content=\"it_IT\" \/>\n<meta property=\"og:type\" content=\"article\" \/>\n<meta property=\"og:title\" content=\"AVALON TUNING ACCESSORI PINZA \/ SUPPORTO PER FRECCE E 2 SET DI NOK BOW SQUARE - Bogensportdiscount \u2013 Archi, frecce, bersagli e accessori\" \/>\n<meta property=\"og:description\" content=\"Acquista a un prezzo conveniente la pinza AVALON TUNING ACCESSORI \/ APPOGGIO PER FRECCE E 2 SET DI NOKSETS BOW SQUARE su Bogensportdiscount \u2013 Marchi di punta, spedizione veloce dalla Svizzera.\" \/>\n<meta property=\"og:url\" content=\"https:\/\/bogensportdiscount.ch\/it\/produit\/avalon-bogen-einstellwerkzeug-bow-squares-tuning-pliers-gauge\/\" \/>\n<meta property=\"og:site_name\" content=\"Bogensportdiscount \u2013 B\u00f6gen, Pfeile, Targets &amp; Zubeh\u00f6r\" \/>\n<meta property=\"article:modified_time\" content=\"2026-04-20T18:06:38+00:00\" \/>\n<meta property=\"og:image\" content=\"https:\/\/bogensportdiscount.ch\/wp-content\/uploads\/bsm-images\/A024642_1.png\" \/>\n\t<meta property=\"og:image:width\" content=\"4639\" \/>\n\t<meta property=\"og:image:height\" content=\"2692\" \/>\n\t<meta property=\"og:image:type\" content=\"image\/png\" \/>\n<meta name=\"twitter:card\" content=\"summary_large_image\" \/>\n<script type=\"application\/ld+json\" class=\"yoast-schema-graph\">{\"@context\":\"https:\\\/\\\/schema.org\",\"@graph\":[{\"@type\":\"WebPage\",\"@id\":\"https:\\\/\\\/bogensportdiscount.ch\\\/fr\\\/produit\\\/avalon-bogen-einstellwerkzeug-bow-squares-tuning-pliers-gauge\\\/\",\"url\":\"https:\\\/\\\/bogensportdiscount.ch\\\/fr\\\/produit\\\/avalon-bogen-einstellwerkzeug-bow-squares-tuning-pliers-gauge\\\/\",\"name\":\"AVALON TUNING ZUBEHOER ZANGE \\\/ PFEILAUFLAGE UND 2 NOKSETS BOW SQUARE - Bogensportdiscount \u2013 B\u00f6gen, Pfeile, Targets &amp; Zubeh\u00f6r\",\"isPartOf\":{\"@id\":\"https:\\\/\\\/bogensportdiscount.ch\\\/#website\"},\"primaryImageOfPage\":{\"@id\":\"https:\\\/\\\/bogensportdiscount.ch\\\/fr\\\/produit\\\/avalon-bogen-einstellwerkzeug-bow-squares-tuning-pliers-gauge\\\/#primaryimage\"},\"image\":{\"@id\":\"https:\\\/\\\/bogensportdiscount.ch\\\/fr\\\/produit\\\/avalon-bogen-einstellwerkzeug-bow-squares-tuning-pliers-gauge\\\/#primaryimage\"},\"thumbnailUrl\":\"https:\\\/\\\/bogensportdiscount.ch\\\/wp-content\\\/uploads\\\/2026\\\/04\\\/bogensportdiscount.ch-pfeile-boegen-zubehoer-fuer-anfaenger-und-profis-zum-besten-preis-Symbolbild-kein-foto-zu-diesem-artikel_01.jpg\",\"datePublished\":\"2026-04-05T12:43:15+00:00\",\"dateModified\":\"2026-04-20T18:06:38+00:00\",\"description\":\"AVALON TUNING ZUBEHOER ZANGE \\\/ PFEILAUFLAGE UND 2 NOKSETS BOW SQUARE g\u00fcnstig kaufen bei Bogensportdiscount \u2013 Top-Marken, schneller Versand aus der Schweiz.\",\"breadcrumb\":{\"@id\":\"https:\\\/\\\/bogensportdiscount.ch\\\/fr\\\/produit\\\/avalon-bogen-einstellwerkzeug-bow-squares-tuning-pliers-gauge\\\/#breadcrumb\"},\"inLanguage\":\"it-IT\",\"potentialAction\":[{\"@type\":\"ReadAction\",\"target\":[\"https:\\\/\\\/bogensportdiscount.ch\\\/fr\\\/produit\\\/avalon-bogen-einstellwerkzeug-bow-squares-tuning-pliers-gauge\\\/\"]}]},{\"@type\":\"ImageObject\",\"inLanguage\":\"it-IT\",\"@id\":\"https:\\\/\\\/bogensportdiscount.ch\\\/fr\\\/produit\\\/avalon-bogen-einstellwerkzeug-bow-squares-tuning-pliers-gauge\\\/#primaryimage\",\"url\":\"https:\\\/\\\/bogensportdiscount.ch\\\/wp-content\\\/uploads\\\/2026\\\/04\\\/bogensportdiscount.ch-pfeile-boegen-zubehoer-fuer-anfaenger-und-profis-zum-besten-preis-Symbolbild-kein-foto-zu-diesem-artikel_01.jpg\",\"contentUrl\":\"https:\\\/\\\/bogensportdiscount.ch\\\/wp-content\\\/uploads\\\/2026\\\/04\\\/bogensportdiscount.ch-pfeile-boegen-zubehoer-fuer-anfaenger-und-profis-zum-besten-preis-Symbolbild-kein-foto-zu-diesem-artikel_01.jpg\",\"width\":1080,\"height\":1080},{\"@type\":\"BreadcrumbList\",\"@id\":\"https:\\\/\\\/bogensportdiscount.ch\\\/fr\\\/produit\\\/avalon-bogen-einstellwerkzeug-bow-squares-tuning-pliers-gauge\\\/#breadcrumb\",\"itemListElement\":[{\"@type\":\"ListItem\",\"position\":1,\"name\":\"Home\",\"item\":\"https:\\\/\\\/bogensportdiscount.ch\\\/\"},{\"@type\":\"ListItem\",\"position\":2,\"name\":\"Shop\",\"item\":\"https:\\\/\\\/bogensportdiscount.ch\\\/shop\\\/\"},{\"@type\":\"ListItem\",\"position\":3,\"name\":\"AVALON TUNING ZUBEHOER ZANGE \\\/ PFEILAUFLAGE UND 2 NOKSETS BOW SQUARE\"}]},{\"@type\":\"WebSite\",\"@id\":\"https:\\\/\\\/bogensportdiscount.ch\\\/#website\",\"url\":\"https:\\\/\\\/bogensportdiscount.ch\\\/\",\"name\":\"Bogensportdiscount\",\"description\":\"\",\"potentialAction\":[{\"@type\":\"SearchAction\",\"target\":{\"@type\":\"EntryPoint\",\"urlTemplate\":\"https:\\\/\\\/bogensportdiscount.ch\\\/?s={search_term_string}\"},\"query-input\":{\"@type\":\"PropertyValueSpecification\",\"valueRequired\":true,\"valueName\":\"search_term_string\"}}],\"inLanguage\":\"it-IT\"}]}<\/script>\n<!-- \/ Yoast SEO plugin. -->","yoast_head_json":{"title":"AVALON TUNING ACCESSORI PINZA \/ SUPPORTO PER FRECCE E 2 SET DI NOK BOW SQUARE - Bogensportdiscount \u2013 Archi, frecce, bersagli e accessori","description":"Acquista a un prezzo conveniente la pinza AVALON TUNING ACCESSORI \/ APPOGGIO PER FRECCE E 2 SET DI NOKSETS BOW SQUARE su Bogensportdiscount \u2013 Marchi di punta, spedizione veloce dalla Svizzera.","robots":{"index":"noindex","follow":"follow","max-snippet":"max-snippet:-1","max-image-preview":"max-image-preview:large","max-video-preview":"max-video-preview:-1"},"og_locale":"it_IT","og_type":"article","og_title":"AVALON TUNING ACCESSORI PINZA \/ SUPPORTO PER FRECCE E 2 SET DI NOK BOW SQUARE - Bogensportdiscount \u2013 Archi, frecce, bersagli e accessori","og_description":"Acquista a un prezzo conveniente la pinza AVALON TUNING ACCESSORI \/ APPOGGIO PER FRECCE E 2 SET DI NOKSETS BOW SQUARE su Bogensportdiscount \u2013 Marchi di punta, spedizione veloce dalla Svizzera.","og_url":"https:\/\/bogensportdiscount.ch\/it\/produit\/avalon-bogen-einstellwerkzeug-bow-squares-tuning-pliers-gauge\/","og_site_name":"Bogensportdiscount \u2013 B\u00f6gen, Pfeile, Targets &amp; Zubeh\u00f6r","article_modified_time":"2026-04-20T18:06:38+00:00","og_image":[{"url":"https:\/\/bogensportdiscount.ch\/wp-content\/uploads\/bsm-images\/A024642_1.png","width":4639,"height":2692,"type":"image\/png"}],"twitter_card":"summary_large_image","schema":{"@context":"https:\/\/schema.org","@graph":[{"@type":"WebPage","@id":"https:\/\/bogensportdiscount.ch\/fr\/produit\/avalon-bogen-einstellwerkzeug-bow-squares-tuning-pliers-gauge\/","url":"https:\/\/bogensportdiscount.ch\/fr\/produit\/avalon-bogen-einstellwerkzeug-bow-squares-tuning-pliers-gauge\/","name":"AVALON TUNING ACCESSORI PINZA \/ SUPPORTO PER FRECCE E 2 SET DI NOK BOW SQUARE - Bogensportdiscount \u2013 Archi, frecce, bersagli e accessori","isPartOf":{"@id":"https:\/\/bogensportdiscount.ch\/#website"},"primaryImageOfPage":{"@id":"https:\/\/bogensportdiscount.ch\/fr\/produit\/avalon-bogen-einstellwerkzeug-bow-squares-tuning-pliers-gauge\/#primaryimage"},"image":{"@id":"https:\/\/bogensportdiscount.ch\/fr\/produit\/avalon-bogen-einstellwerkzeug-bow-squares-tuning-pliers-gauge\/#primaryimage"},"thumbnailUrl":"https:\/\/bogensportdiscount.ch\/wp-content\/uploads\/2026\/04\/bogensportdiscount.ch-pfeile-boegen-zubehoer-fuer-anfaenger-und-profis-zum-besten-preis-Symbolbild-kein-foto-zu-diesem-artikel_01.jpg","datePublished":"2026-04-05T12:43:15+00:00","dateModified":"2026-04-20T18:06:38+00:00","description":"Acquista a un prezzo conveniente la pinza AVALON TUNING ACCESSORI \/ APPOGGIO PER FRECCE E 2 SET DI NOKSETS BOW SQUARE su Bogensportdiscount \u2013 Marchi di punta, spedizione veloce dalla Svizzera.","breadcrumb":{"@id":"https:\/\/bogensportdiscount.ch\/fr\/produit\/avalon-bogen-einstellwerkzeug-bow-squares-tuning-pliers-gauge\/#breadcrumb"},"inLanguage":"it-IT","potentialAction":[{"@type":"ReadAction","target":["https:\/\/bogensportdiscount.ch\/fr\/produit\/avalon-bogen-einstellwerkzeug-bow-squares-tuning-pliers-gauge\/"]}]},{"@type":"ImageObject","inLanguage":"it-IT","@id":"https:\/\/bogensportdiscount.ch\/fr\/produit\/avalon-bogen-einstellwerkzeug-bow-squares-tuning-pliers-gauge\/#primaryimage","url":"https:\/\/bogensportdiscount.ch\/wp-content\/uploads\/2026\/04\/bogensportdiscount.ch-pfeile-boegen-zubehoer-fuer-anfaenger-und-profis-zum-besten-preis-Symbolbild-kein-foto-zu-diesem-artikel_01.jpg","contentUrl":"https:\/\/bogensportdiscount.ch\/wp-content\/uploads\/2026\/04\/bogensportdiscount.ch-pfeile-boegen-zubehoer-fuer-anfaenger-und-profis-zum-besten-preis-Symbolbild-kein-foto-zu-diesem-artikel_01.jpg","width":1080,"height":1080},{"@type":"BreadcrumbList","@id":"https:\/\/bogensportdiscount.ch\/fr\/produit\/avalon-bogen-einstellwerkzeug-bow-squares-tuning-pliers-gauge\/#breadcrumb","itemListElement":[{"@type":"ListItem","position":1,"name":"Home","item":"https:\/\/bogensportdiscount.ch\/"},{"@type":"ListItem","position":2,"name":"Shop","item":"https:\/\/bogensportdiscount.ch\/shop\/"},{"@type":"ListItem","position":3,"name":"AVALON TUNING ZUBEHOER ZANGE \/ PFEILAUFLAGE UND 2 NOKSETS BOW SQUARE"}]},{"@type":"WebSite","@id":"https:\/\/bogensportdiscount.ch\/#website","url":"https:\/\/bogensportdiscount.ch\/","name":"Bogensportdiscount","description":"","potentialAction":[{"@type":"SearchAction","target":{"@type":"EntryPoint","urlTemplate":"https:\/\/bogensportdiscount.ch\/?s={search_term_string}"},"query-input":{"@type":"PropertyValueSpecification","valueRequired":true,"valueName":"search_term_string"}}],"inLanguage":"it-IT"}]}},"_links":{"self":[{"href":"https:\/\/bogensportdiscount.ch\/it\/wp-json\/wp\/v2\/product\/399782","targetHints":{"allow":["GET"]}}],"collection":[{"href":"https:\/\/bogensportdiscount.ch\/it\/wp-json\/wp\/v2\/product"}],"about":[{"href":"https:\/\/bogensportdiscount.ch\/it\/wp-json\/wp\/v2\/types\/product"}],"replies":[{"embeddable":true,"href":"https:\/\/bogensportdiscount.ch\/it\/wp-json\/wp\/v2\/comments?post=399782"}],"wp:featuredmedia":[{"embeddable":true,"href":"https:\/\/bogensportdiscount.ch\/it\/wp-json\/wp\/v2\/media\/453631"}],"wp:attachment":[{"href":"https:\/\/bogensportdiscount.ch\/it\/wp-json\/wp\/v2\/media?parent=399782"}],"wp:term":[{"taxonomy":"product_brand","embeddable":true,"href":"https:\/\/bogensportdiscount.ch\/it\/wp-json\/wp\/v2\/product_brand?post=399782"},{"taxonomy":"product_cat","embeddable":true,"href":"https:\/\/bogensportdiscount.ch\/it\/wp-json\/wp\/v2\/product_cat?post=399782"},{"taxonomy":"product_tag","embeddable":true,"href":"https:\/\/bogensportdiscount.ch\/it\/wp-json\/wp\/v2\/product_tag?post=399782"}],"curies":[{"name":"wp","href":"https:\/\/api.w.org\/{rel}","templated":true}]}}