{"id":399726,"date":"2026-04-05T14:43:08","date_gmt":"2026-04-05T12:43:08","guid":{"rendered":"https:\/\/bogensportdiscount.ch\/produkt\/tab-parts-hockii-replacement-backing-rh-large\/"},"modified":"2026-04-17T13:26:18","modified_gmt":"2026-04-17T11:26:18","slug":"decut-tab-teile-hockii-ersatz-backing-rh","status":"publish","type":"product","link":"https:\/\/bogensportdiscount.ch\/it\/prodotto\/decut-tab-teile-hockii-ersatz-backing-rh\/","title":{"rendered":"PARTI DELLA LINGUETTA DI DECALCO HOCKII SUPPORTO DI RICAMBIO RH"},"content":{"rendered":"<p>Ersatz-Backing f\u00fcr den Decut Hockii Finger Tab (Rechtsh\u00e4nder-Version). Dieses Einzelteil erm\u00f6glicht es dir, die R\u00fcckseite deines Tabs auszutauschen, ohne das gesamte Tab ersetzen zu m\u00fcssen.<\/p>\n<p>Das Backing ist in vier Gr\u00f6ssen erh\u00e4ltlich (S, M, L, XL) und passt auf die entsprechenden Hockii-Modelle. Ideal zur Wartung und Verl\u00e4ngerung der Lebensdauer deines Finger Tabs.<\/p>","protected":false},"excerpt":{"rendered":"<table>\n<tr>\n<th>Propriet\u00e0<\/th>\n<th>Valore<\/th>\n<\/tr>\n<tr>\n<td>Marchio<\/td>\n<td>Decut<\/td>\n<\/tr>\n<tr>\n<td>Gr\u00f6ssen<\/td>\n<td>S, M, L, XL<\/td>\n<\/tr>\n<tr>\n<td>Origine<\/td>\n<td>China<\/td>\n<\/tr>\n<\/table>","protected":false},"featured_media":449857,"comment_status":"open","ping_status":"closed","template":"","meta":[],"product_brand":[817],"product_cat":[4252],"product_tag":[],"class_list":{"0":"post-399726","1":"product","2":"type-product","3":"status-publish","4":"has-post-thumbnail","6":"product_brand-decut","7":"product_cat-einzelteile-fuer-finger-tabs","9":"first","10":"instock","11":"shipping-taxable","12":"purchasable","13":"product-type-variable"},"_links":{"self":[{"href":"https:\/\/bogensportdiscount.ch\/it\/wp-json\/wp\/v2\/product\/399726","targetHints":{"allow":["GET"]}}],"collection":[{"href":"https:\/\/bogensportdiscount.ch\/it\/wp-json\/wp\/v2\/product"}],"about":[{"href":"https:\/\/bogensportdiscount.ch\/it\/wp-json\/wp\/v2\/types\/product"}],"replies":[{"embeddable":true,"href":"https:\/\/bogensportdiscount.ch\/it\/wp-json\/wp\/v2\/comments?post=399726"}],"wp:featuredmedia":[{"embeddable":true,"href":"https:\/\/bogensportdiscount.ch\/it\/wp-json\/wp\/v2\/media\/449857"}],"wp:attachment":[{"href":"https:\/\/bogensportdiscount.ch\/it\/wp-json\/wp\/v2\/media?parent=399726"}],"wp:term":[{"taxonomy":"product_brand","embeddable":true,"href":"https:\/\/bogensportdiscount.ch\/it\/wp-json\/wp\/v2\/product_brand?post=399726"},{"taxonomy":"product_cat","embeddable":true,"href":"https:\/\/bogensportdiscount.ch\/it\/wp-json\/wp\/v2\/product_cat?post=399726"},{"taxonomy":"product_tag","embeddable":true,"href":"https:\/\/bogensportdiscount.ch\/it\/wp-json\/wp\/v2\/product_tag?post=399726"}],"curies":[{"name":"wp","href":"https:\/\/api.w.org\/{rel}","templated":true}]}}