{"id":399719,"date":"2026-04-05T14:43:07","date_gmt":"2026-04-05T12:43:07","guid":{"rendered":"https:\/\/bogensportdiscount.ch\/produkt\/tab-parts-hockii-replacement-cordovan-leather-lh-large\/"},"modified":"2026-04-17T13:26:17","modified_gmt":"2026-04-17T11:26:17","slug":"decut-tab-ersatzleder-hockii-cordovan","status":"publish","type":"product","link":"https:\/\/bogensportdiscount.ch\/it\/prodotto\/decut-tab-ersatzleder-hockii-cordovan\/","title":{"rendered":"PARTI DI RICAMBIO DELLA LINGUETTA DI DECADIMENTO HOCKII PELLE CORDOVAN"},"content":{"rendered":"<p>Dieses Ersatzleder ist speziell f\u00fcr den DECUT Hockii Tab konzipiert und erm\u00f6glicht einen einfachen Austausch des Schiessleders, ohne den gesamten Tab ersetzen zu m\u00fcssen.<\/p>\n<p>Das Leder besteht aus Cordovan, einem besonders strapazierf\u00e4higen und geschmeidigen Material, das sich durch seine glatte Oberfl\u00e4che und gute Haltbarkeit beim Bogenschiessen bew\u00e4hrt hat. Es ist sowohl f\u00fcr Links- als auch f\u00fcr Rechtsh\u00e4nder sowie in drei Gr\u00f6ssen erh\u00e4ltlich.<\/p>\n<ul>\n<li>Hochwertiges Cordovanleder<\/li>\n<li>Passend f\u00fcr DECUT Hockii Tab<\/li>\n<li>F\u00fcr Links- und Rechtshand verf\u00fcgbar<\/li>\n<li>Gr\u00f6ssen: S, M, L<\/li>\n<\/ul>","protected":false},"excerpt":{"rendered":"<p><strong>Marchio:<\/strong> Decut<\/p>","protected":false},"featured_media":449855,"comment_status":"open","ping_status":"closed","template":"","meta":[],"product_brand":[817],"product_cat":[4252],"product_tag":[],"class_list":{"0":"post-399719","1":"product","2":"type-product","3":"status-publish","4":"has-post-thumbnail","6":"product_brand-decut","7":"product_cat-einzelteile-fuer-finger-tabs","9":"first","10":"instock","11":"shipping-taxable","12":"purchasable","13":"product-type-variable"},"_links":{"self":[{"href":"https:\/\/bogensportdiscount.ch\/it\/wp-json\/wp\/v2\/product\/399719","targetHints":{"allow":["GET"]}}],"collection":[{"href":"https:\/\/bogensportdiscount.ch\/it\/wp-json\/wp\/v2\/product"}],"about":[{"href":"https:\/\/bogensportdiscount.ch\/it\/wp-json\/wp\/v2\/types\/product"}],"replies":[{"embeddable":true,"href":"https:\/\/bogensportdiscount.ch\/it\/wp-json\/wp\/v2\/comments?post=399719"}],"wp:featuredmedia":[{"embeddable":true,"href":"https:\/\/bogensportdiscount.ch\/it\/wp-json\/wp\/v2\/media\/449855"}],"wp:attachment":[{"href":"https:\/\/bogensportdiscount.ch\/it\/wp-json\/wp\/v2\/media?parent=399719"}],"wp:term":[{"taxonomy":"product_brand","embeddable":true,"href":"https:\/\/bogensportdiscount.ch\/it\/wp-json\/wp\/v2\/product_brand?post=399719"},{"taxonomy":"product_cat","embeddable":true,"href":"https:\/\/bogensportdiscount.ch\/it\/wp-json\/wp\/v2\/product_cat?post=399719"},{"taxonomy":"product_tag","embeddable":true,"href":"https:\/\/bogensportdiscount.ch\/it\/wp-json\/wp\/v2\/product_tag?post=399719"}],"curies":[{"name":"wp","href":"https:\/\/api.w.org\/{rel}","templated":true}]}}