{"id":399709,"date":"2026-04-05T14:43:06","date_gmt":"2026-04-05T12:43:06","guid":{"rendered":"https:\/\/bogensportdiscount.ch\/produkt\/tab-parts-rugbii-replacement-leather-lh-small\/"},"modified":"2026-04-17T13:26:17","modified_gmt":"2026-04-17T11:26:17","slug":"decut-tab-ersatzleder-rugbii","status":"publish","type":"product","link":"https:\/\/bogensportdiscount.ch\/it\/prodotto\/decut-tab-ersatzleder-rugbii\/","title":{"rendered":"PARTI DI RICAMBIO PER LA LINGUETTA DI DECALCOMANIA"},"content":{"rendered":"<p>Das DECUT Ersatzleder f\u00fcr den Rugbii Tab erm\u00f6glicht den einfachen Austausch des verschlissenen Lederteils, ohne den gesamten Tab ersetzen zu m\u00fcssen. So bleibt der gewohnte Schusskomfort erhalten.<\/p>\n<p>Das Ersatzleder ist passgenau f\u00fcr den DECUT Rugbii Tab gefertigt und in zwei Ausf\u00fchrungen f\u00fcr Rechts- und Linkshandsch\u00fctzen erh\u00e4ltlich. Die Gr\u00f6ssen S, M und XL decken ein breites Spektrum ab.<\/p>\n<ul>\n<li>Passend f\u00fcr den DECUT Rugbii Tab<\/li>\n<li>F\u00fcr Rechts- und Linkshandsch\u00fctzen<\/li>\n<li>Erh\u00e4ltlich in S, M und XL<\/li>\n<li>Verl\u00e4ngert die Lebensdauer des Tabs<\/li>\n<\/ul>","protected":false},"excerpt":{"rendered":"<p><strong>Marchio:<\/strong> Decut<\/p>","protected":false},"featured_media":449852,"comment_status":"open","ping_status":"closed","template":"","meta":[],"product_brand":[817],"product_cat":[4252],"product_tag":[],"class_list":{"0":"post-399709","1":"product","2":"type-product","3":"status-publish","4":"has-post-thumbnail","6":"product_brand-decut","7":"product_cat-einzelteile-fuer-finger-tabs","9":"first","10":"instock","11":"shipping-taxable","12":"purchasable","13":"product-type-variable"},"_links":{"self":[{"href":"https:\/\/bogensportdiscount.ch\/it\/wp-json\/wp\/v2\/product\/399709","targetHints":{"allow":["GET"]}}],"collection":[{"href":"https:\/\/bogensportdiscount.ch\/it\/wp-json\/wp\/v2\/product"}],"about":[{"href":"https:\/\/bogensportdiscount.ch\/it\/wp-json\/wp\/v2\/types\/product"}],"replies":[{"embeddable":true,"href":"https:\/\/bogensportdiscount.ch\/it\/wp-json\/wp\/v2\/comments?post=399709"}],"wp:featuredmedia":[{"embeddable":true,"href":"https:\/\/bogensportdiscount.ch\/it\/wp-json\/wp\/v2\/media\/449852"}],"wp:attachment":[{"href":"https:\/\/bogensportdiscount.ch\/it\/wp-json\/wp\/v2\/media?parent=399709"}],"wp:term":[{"taxonomy":"product_brand","embeddable":true,"href":"https:\/\/bogensportdiscount.ch\/it\/wp-json\/wp\/v2\/product_brand?post=399709"},{"taxonomy":"product_cat","embeddable":true,"href":"https:\/\/bogensportdiscount.ch\/it\/wp-json\/wp\/v2\/product_cat?post=399709"},{"taxonomy":"product_tag","embeddable":true,"href":"https:\/\/bogensportdiscount.ch\/it\/wp-json\/wp\/v2\/product_tag?post=399709"}],"curies":[{"name":"wp","href":"https:\/\/api.w.org\/{rel}","templated":true}]}}