{"id":399696,"date":"2026-04-05T14:43:05","date_gmt":"2026-04-05T12:43:05","guid":{"rendered":"https:\/\/bogensportdiscount.ch\/produkt\/sf-tab-parts-elite-replacement-leather-lh-large\/"},"modified":"2026-04-17T13:45:39","modified_gmt":"2026-04-17T11:45:39","slug":"sf-tab-ersatzleder-elite-linkshand-small","status":"publish","type":"product","link":"https:\/\/bogensportdiscount.ch\/it\/prodotto\/sf-tab-ersatzleder-elite-linkshand-small\/","title":{"rendered":"SF TAB PARTS ELITE REPLACEMENT LEATHER LH LARGE"},"content":{"rendered":"<p>Das SF Tab-Ersatzleder Elite ist ein Ersatzteil f\u00fcr den SF Elite Schiesshandschuh-Tab. Mit diesem Ersatzleder kann das abgenutzte Oberleder des Tabs einfach ausgetauscht werden, ohne den gesamten Tab ersetzen zu m\u00fcssen.<\/p>\n<p>Das Ersatzleder ist speziell f\u00fcr Linksh\u00e4nder ausgelegt und in der Gr\u00f6sse Small erh\u00e4ltlich. Die Passform ist auf den SF Elite Tab abgestimmt, sodass eine zuverl\u00e4ssige Montage gew\u00e4hrleistet ist.<\/p>\n<ul>\n<li>Passt f\u00fcr SF Elite Tab<\/li>\n<li>Ausf\u00fchrung f\u00fcr Linksh\u00e4nder (LH)<\/li>\n<li>Gr\u00f6sse: Small<\/li>\n<li>Einfacher Lederwechsel ohne kompletten Tab-Ersatz<\/li>\n<\/ul>","protected":false},"excerpt":{"rendered":"<p><strong>Marchio:<\/strong> Sebastien Flute<\/p>","protected":false},"featured_media":452545,"comment_status":"open","ping_status":"closed","template":"","meta":[],"product_brand":[802],"product_cat":[4252],"product_tag":[],"class_list":{"0":"post-399696","1":"product","2":"type-product","3":"status-publish","4":"has-post-thumbnail","6":"product_brand-sf","7":"product_cat-einzelteile-fuer-finger-tabs","9":"first","10":"instock","11":"shipping-taxable","12":"purchasable","13":"product-type-variable"},"_links":{"self":[{"href":"https:\/\/bogensportdiscount.ch\/it\/wp-json\/wp\/v2\/product\/399696","targetHints":{"allow":["GET"]}}],"collection":[{"href":"https:\/\/bogensportdiscount.ch\/it\/wp-json\/wp\/v2\/product"}],"about":[{"href":"https:\/\/bogensportdiscount.ch\/it\/wp-json\/wp\/v2\/types\/product"}],"replies":[{"embeddable":true,"href":"https:\/\/bogensportdiscount.ch\/it\/wp-json\/wp\/v2\/comments?post=399696"}],"wp:featuredmedia":[{"embeddable":true,"href":"https:\/\/bogensportdiscount.ch\/it\/wp-json\/wp\/v2\/media\/452545"}],"wp:attachment":[{"href":"https:\/\/bogensportdiscount.ch\/it\/wp-json\/wp\/v2\/media?parent=399696"}],"wp:term":[{"taxonomy":"product_brand","embeddable":true,"href":"https:\/\/bogensportdiscount.ch\/it\/wp-json\/wp\/v2\/product_brand?post=399696"},{"taxonomy":"product_cat","embeddable":true,"href":"https:\/\/bogensportdiscount.ch\/it\/wp-json\/wp\/v2\/product_cat?post=399696"},{"taxonomy":"product_tag","embeddable":true,"href":"https:\/\/bogensportdiscount.ch\/it\/wp-json\/wp\/v2\/product_tag?post=399696"}],"curies":[{"name":"wp","href":"https:\/\/api.w.org\/{rel}","templated":true}]}}