{"id":399609,"date":"2026-04-05T14:42:56","date_gmt":"2026-04-05T12:42:56","guid":{"rendered":"https:\/\/bogensportdiscount.ch\/produkt\/olympic-recurve-tab-with-anchor-pad-ezr-rh-x-small\/"},"modified":"2026-04-17T13:45:38","modified_gmt":"2026-04-17T11:45:38","slug":"wiawis-olympic-recurve-tab-ankerpad-ezr","status":"publish","type":"product","link":"https:\/\/bogensportdiscount.ch\/it\/prodotto\/wiawis-olympic-recurve-tab-ankerpad-ezr\/","title":{"rendered":"WIAWIS OLYMPIC RECURVE TAB CON PAD DI ANCORAGGIO EZR"},"content":{"rendered":"<p>Der WIAWIS EZR Tab ist ein Olympic Recurve Fingerschutz, der speziell f\u00fcr den Einsatz im olympischen Bogenschiessen entwickelt wurde. Das integrierte Ankerpad unterst\u00fctzt eine reproduzierbare Ankerposition, was zur gleichm\u00e4ssigen Ausf\u00fchrung des Schusses beitr\u00e4gt.<\/p>\n<p>Der Tab ist f\u00fcr Rechts- und Linksh\u00e4nder erh\u00e4ltlich und wird in den Gr\u00f6ssen S, M und L angeboten, um eine gute Passform f\u00fcr unterschiedliche Handgr\u00f6ssen zu gew\u00e4hrleisten.<\/p>\n<ul>\n<li>Integriertes Ankerpad f\u00fcr konsistente Ankerposition<\/li>\n<li>F\u00fcr Rechts- und Linksh\u00e4nder geeignet<\/li>\n<li>Erh\u00e4ltlich in S, M und L<\/li>\n<li>Ausgelegt f\u00fcr Olympic-Recurve-Bogenschiessen<\/li>\n<\/ul>","protected":false},"excerpt":{"rendered":"<p><strong>Marchio:<\/strong> Wiawis<\/p>","protected":false},"featured_media":449845,"comment_status":"open","ping_status":"closed","template":"","meta":[],"product_brand":[473],"product_cat":[4441],"product_tag":[],"class_list":{"0":"post-399609","1":"product","2":"type-product","3":"status-publish","4":"has-post-thumbnail","6":"product_brand-wiawis","7":"product_cat-olympic-recurve-tabs-finger-tabs-handschuhe","9":"first","10":"instock","11":"shipping-taxable","12":"purchasable","13":"product-type-variable"},"_links":{"self":[{"href":"https:\/\/bogensportdiscount.ch\/it\/wp-json\/wp\/v2\/product\/399609","targetHints":{"allow":["GET"]}}],"collection":[{"href":"https:\/\/bogensportdiscount.ch\/it\/wp-json\/wp\/v2\/product"}],"about":[{"href":"https:\/\/bogensportdiscount.ch\/it\/wp-json\/wp\/v2\/types\/product"}],"replies":[{"embeddable":true,"href":"https:\/\/bogensportdiscount.ch\/it\/wp-json\/wp\/v2\/comments?post=399609"}],"wp:featuredmedia":[{"embeddable":true,"href":"https:\/\/bogensportdiscount.ch\/it\/wp-json\/wp\/v2\/media\/449845"}],"wp:attachment":[{"href":"https:\/\/bogensportdiscount.ch\/it\/wp-json\/wp\/v2\/media?parent=399609"}],"wp:term":[{"taxonomy":"product_brand","embeddable":true,"href":"https:\/\/bogensportdiscount.ch\/it\/wp-json\/wp\/v2\/product_brand?post=399609"},{"taxonomy":"product_cat","embeddable":true,"href":"https:\/\/bogensportdiscount.ch\/it\/wp-json\/wp\/v2\/product_cat?post=399609"},{"taxonomy":"product_tag","embeddable":true,"href":"https:\/\/bogensportdiscount.ch\/it\/wp-json\/wp\/v2\/product_tag?post=399609"}],"curies":[{"name":"wp","href":"https:\/\/api.w.org\/{rel}","templated":true}]}}