{"id":399600,"date":"2026-04-05T14:42:55","date_gmt":"2026-04-05T12:42:55","guid":{"rendered":"https:\/\/bogensportdiscount.ch\/produkt\/olympic-recurve-tab-with-anchor-pad-ez-rh-x-small\/"},"modified":"2026-04-17T13:45:38","modified_gmt":"2026-04-17T11:45:38","slug":"wiawis-olympic-recurve-tab-mit-ankerpad-ez","status":"publish","type":"product","link":"https:\/\/bogensportdiscount.ch\/it\/prodotto\/wiawis-olympic-recurve-tab-mit-ankerpad-ez\/","title":{"rendered":"WIAWIS OLYMPIC RECURVE TAB CON PAD DI ANCORAGGIO EZ"},"content":{"rendered":"<p>Der WIAWIS Olympic-Recurve-Tab mit Ankerpad EZ bietet Bogensch\u00fctzen einen zuverl\u00e4ssigen Fingerschutz beim Recurve-Schiessen im olympischen Stil. Das integrierte Ankerpad unterst\u00fctzt eine konsistente und reproduzierbare Ankerposition unter dem Kinn.<\/p>\n<p>Der Tab ist in drei Gr\u00f6ssen (S, M, L) sowie f\u00fcr Links- und Rechtshandbogen erh\u00e4ltlich und l\u00e4sst sich damit an unterschiedliche Handgr\u00f6ssen und Schussstile anpassen.<\/p>\n<ul>\n<li>Integriertes Ankerpad f\u00fcr konsistente Ankerposition<\/li>\n<li>Geeignet f\u00fcr Olympic-Recurve-Bogenschiessen<\/li>\n<li>Erh\u00e4ltlich in S, M und L<\/li>\n<li>F\u00fcr Links- und Rechtshand<\/li>\n<\/ul>","protected":false},"excerpt":{"rendered":"<p><strong>Marchio:<\/strong> Wiawis<\/p>","protected":false},"featured_media":449842,"comment_status":"open","ping_status":"closed","template":"","meta":[],"product_brand":[473],"product_cat":[4441],"product_tag":[],"class_list":{"0":"post-399600","1":"product","2":"type-product","3":"status-publish","4":"has-post-thumbnail","6":"product_brand-wiawis","7":"product_cat-olympic-recurve-tabs-finger-tabs-handschuhe","9":"first","10":"instock","11":"shipping-taxable","12":"purchasable","13":"product-type-variable"},"_links":{"self":[{"href":"https:\/\/bogensportdiscount.ch\/it\/wp-json\/wp\/v2\/product\/399600","targetHints":{"allow":["GET"]}}],"collection":[{"href":"https:\/\/bogensportdiscount.ch\/it\/wp-json\/wp\/v2\/product"}],"about":[{"href":"https:\/\/bogensportdiscount.ch\/it\/wp-json\/wp\/v2\/types\/product"}],"replies":[{"embeddable":true,"href":"https:\/\/bogensportdiscount.ch\/it\/wp-json\/wp\/v2\/comments?post=399600"}],"wp:featuredmedia":[{"embeddable":true,"href":"https:\/\/bogensportdiscount.ch\/it\/wp-json\/wp\/v2\/media\/449842"}],"wp:attachment":[{"href":"https:\/\/bogensportdiscount.ch\/it\/wp-json\/wp\/v2\/media?parent=399600"}],"wp:term":[{"taxonomy":"product_brand","embeddable":true,"href":"https:\/\/bogensportdiscount.ch\/it\/wp-json\/wp\/v2\/product_brand?post=399600"},{"taxonomy":"product_cat","embeddable":true,"href":"https:\/\/bogensportdiscount.ch\/it\/wp-json\/wp\/v2\/product_cat?post=399600"},{"taxonomy":"product_tag","embeddable":true,"href":"https:\/\/bogensportdiscount.ch\/it\/wp-json\/wp\/v2\/product_tag?post=399600"}],"curies":[{"name":"wp","href":"https:\/\/api.w.org\/{rel}","templated":true}]}}