{"id":399526,"date":"2026-04-05T14:42:49","date_gmt":"2026-04-05T12:42:49","guid":{"rendered":"https:\/\/bogensportdiscount.ch\/produkt\/olympic-recurve-tab-tec-prime-leather-rh-x-small-green\/"},"modified":"2026-04-16T12:19:55","modified_gmt":"2026-04-16T10:19:55","slug":"avalon-olympic-recurve-tab-tec-prime-leather","status":"publish","type":"product","link":"https:\/\/bogensportdiscount.ch\/it\/prodotto\/avalon-olympic-recurve-tab-tec-prime-leather\/","title":{"rendered":"AVALON OLYMPIC RECURVE TAB TEC - PRIME LEATHER"},"content":{"rendered":"<p>Der AVALON Tec-Prime Leather ist ein Fingerschutz-Tab speziell f\u00fcr Olympic-Recurve-Sch\u00fctzen. Die Lederausf\u00fchrung bietet eine bew\u00e4hrte Grundlage f\u00fcr ein konsistentes und kontrolliertes Abziehen.<\/p>\n<p>Der Tab ist in den Gr\u00f6ssen S, M, L und XL erh\u00e4ltlich und passt damit einer breiten Palette von Sch\u00fctzen. Er wird sowohl in einer Rechtshand- als auch einer Linkshand-Version angeboten.<\/p>\n<ul>\n<li>Material: Leder<\/li>\n<li>Geeignet f\u00fcr Olympic-Recurve<\/li>\n<li>Disponibile per l'uso con la mano destra o sinistra<\/li>\n<li>Gr\u00f6ssen: S, M, L, XL in sieben Farben<\/li>\n<\/ul>","protected":false},"excerpt":{"rendered":"<p><strong>Marchio:<\/strong> Avalon<\/p>","protected":false},"featured_media":449833,"comment_status":"open","ping_status":"closed","template":"","meta":[],"product_brand":[449],"product_cat":[4441],"product_tag":[],"class_list":{"0":"post-399526","1":"product","2":"type-product","3":"status-publish","4":"has-post-thumbnail","6":"product_brand-avalon","7":"product_cat-olympic-recurve-tabs-finger-tabs-handschuhe","9":"first","10":"instock","11":"shipping-taxable","12":"purchasable","13":"product-type-variable"},"_links":{"self":[{"href":"https:\/\/bogensportdiscount.ch\/it\/wp-json\/wp\/v2\/product\/399526","targetHints":{"allow":["GET"]}}],"collection":[{"href":"https:\/\/bogensportdiscount.ch\/it\/wp-json\/wp\/v2\/product"}],"about":[{"href":"https:\/\/bogensportdiscount.ch\/it\/wp-json\/wp\/v2\/types\/product"}],"replies":[{"embeddable":true,"href":"https:\/\/bogensportdiscount.ch\/it\/wp-json\/wp\/v2\/comments?post=399526"}],"wp:featuredmedia":[{"embeddable":true,"href":"https:\/\/bogensportdiscount.ch\/it\/wp-json\/wp\/v2\/media\/449833"}],"wp:attachment":[{"href":"https:\/\/bogensportdiscount.ch\/it\/wp-json\/wp\/v2\/media?parent=399526"}],"wp:term":[{"taxonomy":"product_brand","embeddable":true,"href":"https:\/\/bogensportdiscount.ch\/it\/wp-json\/wp\/v2\/product_brand?post=399526"},{"taxonomy":"product_cat","embeddable":true,"href":"https:\/\/bogensportdiscount.ch\/it\/wp-json\/wp\/v2\/product_cat?post=399526"},{"taxonomy":"product_tag","embeddable":true,"href":"https:\/\/bogensportdiscount.ch\/it\/wp-json\/wp\/v2\/product_tag?post=399526"}],"curies":[{"name":"wp","href":"https:\/\/api.w.org\/{rel}","templated":true}]}}